{"id":93,"date":"2016-03-14T12:40:46","date_gmt":"2016-03-14T10:40:46","guid":{"rendered":"http:\/\/www.commtechist.com\/?page_id=93"},"modified":"2017-01-16T09:10:14","modified_gmt":"2017-01-16T07:10:14","slug":"barwa-city","status":"publish","type":"page","link":"http:\/\/www.commtechist.com\/tr_TR\/ornek-projeler\/barwa-city\/","title":{"rendered":"BARWA CITY"},"content":{"rendered":"<h2><img loading=\"lazy\" class=\"size-large wp-image-94 alignnone\" src=\"http:\/\/www.commtechist.com\/wp-content\/uploads\/2016\/03\/BarwaCity4-1024x516.jpg\" alt=\"BarwaCity4\" width=\"640\" height=\"323\" srcset=\"http:\/\/www.commtechist.com\/wp-content\/uploads\/2016\/03\/BarwaCity4-1024x516.jpg 1024w, http:\/\/www.commtechist.com\/wp-content\/uploads\/2016\/03\/BarwaCity4-300x151.jpg 300w, http:\/\/www.commtechist.com\/wp-content\/uploads\/2016\/03\/BarwaCity4-768x387.jpg 768w, http:\/\/www.commtechist.com\/wp-content\/uploads\/2016\/03\/BarwaCity4.jpg 2047w\" sizes=\"(max-width: 640px) 100vw, 640px\" \/><\/h2>\n<h2>Commtech Group: MEP \u0130\u015fletmeye Alma Y\u00f6netimini Ger\u00e7ekle\u015ftirdik<\/h2>\n<p>Doha \u015fehir merkezinden \u00e7ok k\u0131sa uzakl\u0131kta, yepyeni bir \u015fehir \u015fekilleniyor. Barwa City, \u00e7a\u011fda\u015f bir ya\u015fam alan\u0131nda ekonomik, modern evler bar\u0131nd\u0131rmaktad\u0131r.<\/p>\n","protected":false},"excerpt":{"rendered":"<h2><img loading=\"lazy\" class=\"size-large wp-image-94 alignnone\" src=\"http:\/\/www.commtechist.com\/wp-content\/uploads\/2016\/03\/BarwaCity4-1024x516.jpg\" alt=\"BarwaCity4\" width=\"640\" height=\"323\" srcset=\"http:\/\/www.commtechist.com\/wp-content\/uploads\/2016\/03\/BarwaCity4-1024x516.jpg 1024w, http:\/\/www.commtechist.com\/wp-content\/uploads\/2016\/03\/BarwaCity4-300x151.jpg 300w, http:\/\/www.commtechist.com\/wp-content\/uploads\/2016\/03\/BarwaCity4-768x387.jpg 768w, http:\/\/www.commtechist.com\/wp-content\/uploads\/2016\/03\/BarwaCity4.jpg 2047w\" sizes=\"(max-width: 640px) 100vw, 640px\" \/><\/h2>\n<h2>Commtech Group: MEP \u0130\u015fletmeye Alma Y\u00f6netimini Ger\u00e7ekle\u015ftirdik&#8230;<\/p>\n","protected":false},"author":1,"featured_media":0,"parent":77,"menu_order":0,"comment_status":"closed","ping_status":"closed","template":"","meta":{"spay_email":""},"_links":{"self":[{"href":"http:\/\/www.commtechist.com\/tr_TR\/wp-json\/wp\/v2\/pages\/93"}],"collection":[{"href":"http:\/\/www.commtechist.com\/tr_TR\/wp-json\/wp\/v2\/pages"}],"about":[{"href":"http:\/\/www.commtechist.com\/tr_TR\/wp-json\/wp\/v2\/types\/page"}],"author":[{"embeddable":true,"href":"http:\/\/www.commtechist.com\/tr_TR\/wp-json\/wp\/v2\/users\/1"}],"replies":[{"embeddable":true,"href":"http:\/\/www.commtechist.com\/tr_TR\/wp-json\/wp\/v2\/comments?post=93"}],"version-history":[{"count":7,"href":"http:\/\/www.commtechist.com\/tr_TR\/wp-json\/wp\/v2\/pages\/93\/revisions"}],"predecessor-version":[{"id":225,"href":"http:\/\/www.commtechist.com\/tr_TR\/wp-json\/wp\/v2\/pages\/93\/revisions\/225"}],"up":[{"embeddable":true,"href":"http:\/\/www.commtechist.com\/tr_TR\/wp-json\/wp\/v2\/pages\/77"}],"wp:attachment":[{"href":"http:\/\/www.commtechist.com\/tr_TR\/wp-json\/wp\/v2\/media?parent=93"}],"curies":[{"name":"wp","href":"https:\/\/api.w.org\/{rel}","templated":true}]}}