{"id":878,"date":"2024-09-18T16:03:11","date_gmt":"2024-09-18T14:03:11","guid":{"rendered":"https:\/\/www.commtechist.com\/?page_id=878"},"modified":"2024-09-18T16:03:11","modified_gmt":"2024-09-18T14:03:11","slug":"north-tower-hotel-residence","status":"publish","type":"page","link":"http:\/\/www.commtechist.com\/tr_TR\/north-tower-hotel-residence\/","title":{"rendered":"NORTH TOWER HOTEL & REZ\u0130DANS "},"content":{"rendered":"<p><img loading=\"lazy\" class=\"alignnone \" src=\"https:\/\/cipemlak.com\/wp-content\/uploads\/2022\/12\/main-1.webp\" width=\"700\" height=\"525\" \/><\/p>\n<h2><strong>NORTH TOWER HOTEL &amp; REZ\u0130DANS <\/strong><\/h2>\n<p>50 katl\u0131 karma kullan\u0131ml\u0131 kule, yeni semt i\u00e7in bir i\u015faret ve \u0130stanbul&#8217;un en y\u00fcksek kulelerinden biri olarak yeni bir kentsel d\u00f6n\u00fcm noktas\u0131 olarak tasarland\u0131. Tasar\u0131m, hem sakinlere hem de daha geni\u015f alana hizmet veren bir otel, spa tesisleri ve restoran ve daireler ile \u015fehrin Asya yar\u0131s\u0131nda heyecan verici yeni bir destinasyon yarat\u0131yor. Kulenin ilk dokuz kat\u0131 be\u015f y\u0131ld\u0131zl\u0131 bir otel i\u00e7eriyor. Bunun \u00fczerinde, b\u00fcy\u00fck tek yatak odal\u0131 dairelerden be\u015f yatak odal\u0131 dubleks \u00e7at\u0131 kat\u0131na kadar de\u011fi\u015fen b\u00fcy\u00fckl\u00fcklerde l\u00fcks rezidanslar bulunmaktad\u0131r. Kuleyi ta\u00e7land\u0131rmak, e\u015fsiz manzaral\u0131 restoran ve Bo\u011faz&#8217;\u0131n ve \u00f6tesinin rakipsiz panoramas\u0131na sahip halka a\u00e7\u0131k seyir teras\u0131d\u0131r. 10. ve 42. katlardaki iki adet muhte\u015fem \u00e7ift katl\u0131 konfor kat\u0131, hem otel hem de apartman sakinleri i\u00e7in ayr\u0131 havuz ve l\u00fcks spa tesisleri sa\u011flar.<\/p>\n","protected":false},"excerpt":{"rendered":"<p><img loading=\"lazy\" class=\"alignnone \" src=\"https:\/\/cipemlak.com\/wp-content\/uploads\/2022\/12\/main-1.webp\" width=\"700\" height=\"525\" \/><\/p>\n<h2><strong>NORTH TOWER HOTEL &amp; REZ\u0130DANS <\/strong><\/h2>\n<p>50 katl\u0131 karma kullan\u0131ml\u0131 kule, yeni semt i\u00e7in bir i\u015faret ve \u0130st&#8230;<\/p>\n","protected":false},"author":1,"featured_media":0,"parent":0,"menu_order":0,"comment_status":"closed","ping_status":"closed","template":"template-fullwidth.php","meta":{"spay_email":""},"_links":{"self":[{"href":"http:\/\/www.commtechist.com\/tr_TR\/wp-json\/wp\/v2\/pages\/878"}],"collection":[{"href":"http:\/\/www.commtechist.com\/tr_TR\/wp-json\/wp\/v2\/pages"}],"about":[{"href":"http:\/\/www.commtechist.com\/tr_TR\/wp-json\/wp\/v2\/types\/page"}],"author":[{"embeddable":true,"href":"http:\/\/www.commtechist.com\/tr_TR\/wp-json\/wp\/v2\/users\/1"}],"replies":[{"embeddable":true,"href":"http:\/\/www.commtechist.com\/tr_TR\/wp-json\/wp\/v2\/comments?post=878"}],"version-history":[{"count":2,"href":"http:\/\/www.commtechist.com\/tr_TR\/wp-json\/wp\/v2\/pages\/878\/revisions"}],"predecessor-version":[{"id":880,"href":"http:\/\/www.commtechist.com\/tr_TR\/wp-json\/wp\/v2\/pages\/878\/revisions\/880"}],"wp:attachment":[{"href":"http:\/\/www.commtechist.com\/tr_TR\/wp-json\/wp\/v2\/media?parent=878"}],"curies":[{"name":"wp","href":"https:\/\/api.w.org\/{rel}","templated":true}]}}