{"id":875,"date":"2024-09-18T15:56:14","date_gmt":"2024-09-18T13:56:14","guid":{"rendered":"https:\/\/www.commtechist.com\/?page_id=875"},"modified":"2024-09-18T15:56:14","modified_gmt":"2024-09-18T13:56:14","slug":"875-2","status":"publish","type":"page","link":"http:\/\/www.commtechist.com\/tr_TR\/ornek-projeler\/875-2\/","title":{"rendered":"T\u00dcRK\u0130YE RADYO TELEV\u0130ZYON - TRT"},"content":{"rendered":"<p><img loading=\"lazy\" class=\"alignnone \" src=\"https:\/\/www.hangar.de\/en\/assets\/img\/technik\/hangar_studio_technik_teaserbild.jpg\" width=\"857\" height=\"482\" \/><\/p>\n<h2><strong>T\u00dcRK\u0130YE RADYO TELEV\u0130ZYON &#8211; TRT <\/strong><\/h2>\n<p>Tamamland\u0131\u011f\u0131nda toplam 40.000 m2 kapal\u0131 alana sahip \u00c7ekmek\u00f6y \u00e7ekim plato hangarlar\u0131 ile T\u00fcrkiye\u2019nin en b\u00fcy\u00fck \u00e7ekim platosu \u00fcnvan\u0131na sahip olacak proje T\u00fcrkiye Radyo Televizyon Kurumunun bug\u00fcne kadar geli\u015ftirdi\u011fi en b\u00fcy\u00fck ve kapsaml\u0131 \u00e7elik hangar projelerinden biri. Planlanan projenin teknik kontrol ve dan\u0131\u015fmanl\u0131\u011f\u0131 Commtech ile g\u00fcvence alt\u0131na al\u0131nmakta olup sessiz ve huzurlu bir do\u011fa i\u00e7erisinde yap\u0131m\u0131 ger\u00e7ekle\u015ftirilen plato hangarlar\u0131n i\u00e7inde bar\u0131nd\u0131rd\u0131\u011f\u0131 y\u00fcksek teknoloji cihaz ve ekipmanlar ile yine y\u00fcksek kalite \u00e7ekimler ve programlar \u00fcretilerek medya sekt\u00f6r\u00fcnde \u00f6nc\u00fc olmas\u0131 hedeflenmektedir.\u00a0<\/p>\n","protected":false},"excerpt":{"rendered":"<p><img loading=\"lazy\" class=\"alignnone \" src=\"https:\/\/www.hangar.de\/en\/assets\/img\/technik\/hangar_studio_technik_teaserbild.jpg\" width=\"857\" height=\"482\" \/><\/p>\n<h2><strong>T\u00dcRK\u0130YE RADYO TELEV\u0130ZYON &#8211; TRT <\/strong><\/h2>\n<p>Tamamland\u0131\u011f\u0131nda toplam 40.000 m2 kapal\u0131 alana&#8230;<\/p>\n","protected":false},"author":1,"featured_media":0,"parent":77,"menu_order":0,"comment_status":"closed","ping_status":"closed","template":"template-fullwidth.php","meta":{"spay_email":""},"_links":{"self":[{"href":"http:\/\/www.commtechist.com\/tr_TR\/wp-json\/wp\/v2\/pages\/875"}],"collection":[{"href":"http:\/\/www.commtechist.com\/tr_TR\/wp-json\/wp\/v2\/pages"}],"about":[{"href":"http:\/\/www.commtechist.com\/tr_TR\/wp-json\/wp\/v2\/types\/page"}],"author":[{"embeddable":true,"href":"http:\/\/www.commtechist.com\/tr_TR\/wp-json\/wp\/v2\/users\/1"}],"replies":[{"embeddable":true,"href":"http:\/\/www.commtechist.com\/tr_TR\/wp-json\/wp\/v2\/comments?post=875"}],"version-history":[{"count":2,"href":"http:\/\/www.commtechist.com\/tr_TR\/wp-json\/wp\/v2\/pages\/875\/revisions"}],"predecessor-version":[{"id":877,"href":"http:\/\/www.commtechist.com\/tr_TR\/wp-json\/wp\/v2\/pages\/875\/revisions\/877"}],"up":[{"embeddable":true,"href":"http:\/\/www.commtechist.com\/tr_TR\/wp-json\/wp\/v2\/pages\/77"}],"wp:attachment":[{"href":"http:\/\/www.commtechist.com\/tr_TR\/wp-json\/wp\/v2\/media?parent=875"}],"curies":[{"name":"wp","href":"https:\/\/api.w.org\/{rel}","templated":true}]}}