{"id":867,"date":"2023-06-15T17:41:25","date_gmt":"2023-06-15T15:41:25","guid":{"rendered":"http:\/\/www.commtechist.com\/?page_id=867"},"modified":"2023-06-15T17:43:30","modified_gmt":"2023-06-15T15:43:30","slug":"rotana-bomonti","status":"publish","type":"page","link":"http:\/\/www.commtechist.com\/tr_TR\/rotana-bomonti\/","title":{"rendered":"ROTANA BOMONT\u0130"},"content":{"rendered":"<p><a href=\"http:\/\/www.commtechist.com\/wp-content\/uploads\/2023\/06\/rotanabom.png\"><img loading=\"lazy\" class=\"alignnone size-full wp-image-868\" src=\"http:\/\/www.commtechist.com\/wp-content\/uploads\/2023\/06\/rotanabom.png\" alt=\"\" width=\"510\" height=\"486\" srcset=\"http:\/\/www.commtechist.com\/wp-content\/uploads\/2023\/06\/rotanabom.png 510w, http:\/\/www.commtechist.com\/wp-content\/uploads\/2023\/06\/rotanabom-300x286.png 300w\" sizes=\"(max-width: 510px) 100vw, 510px\" \/><\/a><\/p>\n<p>Rotana Bomonti projesine ait Testing &amp; Commissioning Hizmetleri firmam\u0131z taraf\u0131ndan sa\u011flanmaktad\u0131r. Eski \u0130stanbul&#8217;un prestijli semti Bomonti, bir asr\u0131 a\u015fan tarihi ile \u015fehrin yeni modas\u0131. Bu 44 katl\u0131 Bomonti Residences by Rotana, \u0130stanbul ve tarihi yar\u0131madan\u0131n ola\u011fan\u00fcst\u00fc bir manzaras\u0131n\u0131 sunuyor. \u015eehrin en \u00f6nemli ula\u015f\u0131m akslar\u0131 \u00fczerinde, \u015fehrin e\u011flence, k\u00fclt\u00fcr ve e\u011flencenin tam kalbinde yer almaktad\u0131r. Sanat hayat\u0131 Mecidiyek\u00f6y, \u015ei\u015fli ve Ni\u015fanta\u015f\u0131 birka\u00e7 dakikal\u0131k y\u00fcr\u00fcme mesafesindedir ve plaja kolayca ula\u015f\u0131labilen bir konumda bulunmaktad\u0131r. Dolmabah\u00e7e T\u00fcneli, TEM Otoyolu ve Ka\u011f\u0131thane T\u00fcneli \u00fczerinden. \u015ei\u015fli\/Mecidiyek\u00f6y ve Osmanbey metro istasyonlar\u0131 Bomonti Residences by Rotana&#8217;ya k\u0131sa bir y\u00fcr\u00fcme mesafesindedir.<\/p>\n","protected":false},"excerpt":{"rendered":"<p><a href=\"http:\/\/www.commtechist.com\/wp-content\/uploads\/2023\/06\/rotanabom.png\"><img loading=\"lazy\" class=\"alignnone size-full wp-image-868\" src=\"http:\/\/www.commtechist.com\/wp-content\/uploads\/2023\/06\/rotanabom.png\" alt=\"\" width=\"510\" height=\"486\" srcset=\"http:\/\/www.commtechist.com\/wp-content\/uploads\/2023\/06\/rotanabom.png 510w, http:\/\/www.commtechist.com\/wp-content\/uploads\/2023\/06\/rotanabom-300x286.png 300w\" sizes=\"(max-width: 510px) 100vw, 510px\" \/><\/a><\/p>\n<p>Rotana Bom&#8230;<\/p>\n","protected":false},"author":1,"featured_media":0,"parent":0,"menu_order":0,"comment_status":"closed","ping_status":"closed","template":"template-fullwidth.php","meta":{"spay_email":""},"_links":{"self":[{"href":"http:\/\/www.commtechist.com\/tr_TR\/wp-json\/wp\/v2\/pages\/867"}],"collection":[{"href":"http:\/\/www.commtechist.com\/tr_TR\/wp-json\/wp\/v2\/pages"}],"about":[{"href":"http:\/\/www.commtechist.com\/tr_TR\/wp-json\/wp\/v2\/types\/page"}],"author":[{"embeddable":true,"href":"http:\/\/www.commtechist.com\/tr_TR\/wp-json\/wp\/v2\/users\/1"}],"replies":[{"embeddable":true,"href":"http:\/\/www.commtechist.com\/tr_TR\/wp-json\/wp\/v2\/comments?post=867"}],"version-history":[{"count":4,"href":"http:\/\/www.commtechist.com\/tr_TR\/wp-json\/wp\/v2\/pages\/867\/revisions"}],"predecessor-version":[{"id":873,"href":"http:\/\/www.commtechist.com\/tr_TR\/wp-json\/wp\/v2\/pages\/867\/revisions\/873"}],"wp:attachment":[{"href":"http:\/\/www.commtechist.com\/tr_TR\/wp-json\/wp\/v2\/media?parent=867"}],"curies":[{"name":"wp","href":"https:\/\/api.w.org\/{rel}","templated":true}]}}