{"id":81,"date":"2016-03-14T11:35:22","date_gmt":"2016-03-14T09:35:22","guid":{"rendered":"http:\/\/www.commtechist.com\/?page_id=81"},"modified":"2017-09-25T13:04:09","modified_gmt":"2017-09-25T11:04:09","slug":"cleveland-abu-dhabi-klinigi","status":"publish","type":"page","link":"http:\/\/www.commtechist.com\/tr_TR\/ornek-projeler\/cleveland-abu-dhabi-klinigi\/","title":{"rendered":"CLEVELAND ABU DHABI KL\u0130N\u0130\u011e\u0130"},"content":{"rendered":"<h2><img loading=\"lazy\" class=\"alignnone size-full wp-image-82\" src=\"http:\/\/www.commtechist.com\/wp-content\/uploads\/2016\/03\/clevelandclinicabudhabi.jpg\" alt=\"clevelandclinicabudhabi\" width=\"634\" height=\"421\" srcset=\"http:\/\/www.commtechist.com\/wp-content\/uploads\/2016\/03\/clevelandclinicabudhabi.jpg 634w, http:\/\/www.commtechist.com\/wp-content\/uploads\/2016\/03\/clevelandclinicabudhabi-300x199.jpg 300w\" sizes=\"(max-width: 634px) 100vw, 634px\" \/><\/h2>\n<h2>\u00a0<\/h2>\n<h2>Commtech Group: MEP \u0130\u015fletmeye Alma Y\u00f6netimini Ger\u00e7ekle\u015ftirdik<\/h2>\n<p>2014\u2019te tamamlanm\u0131\u015f olan Clevelant Abu Dhabi Klini\u011fi \u00e7ok say\u0131da uzmanl\u0131k birimini i\u00e7eren bir tedavi merkezi ve hastanedir. Entegre klinik-hastane tasar\u0131m\u0131 b\u00f6gedeki local ve uluslararas\u0131 hastalara hizmet vermektedir. Hastane, d\u00fcnya \u00e7ap\u0131nda t\u0131bbi hizmetler sunan m\u00fckemmel tesislerden olu\u015fmaktad\u0131r.<\/p>\n","protected":false},"excerpt":{"rendered":"<h2><img loading=\"lazy\" class=\"alignnone size-full wp-image-82\" src=\"http:\/\/www.commtechist.com\/wp-content\/uploads\/2016\/03\/clevelandclinicabudhabi.jpg\" alt=\"clevelandclinicabudhabi\" width=\"634\" height=\"421\" srcset=\"http:\/\/www.commtechist.com\/wp-content\/uploads\/2016\/03\/clevelandclinicabudhabi.jpg 634w, http:\/\/www.commtechist.com\/wp-content\/uploads\/2016\/03\/clevelandclinicabudhabi-300x199.jpg 300w\" sizes=\"(max-width: 634px) 100vw, 634px\" \/><\/h2>\n<h2>\u00a0<\/h2>\n<h2>Commtech Group: MEP \u0130\u015fletmeye Alma Y\u00f6&#8230;<\/p>\n","protected":false},"author":1,"featured_media":0,"parent":77,"menu_order":0,"comment_status":"closed","ping_status":"closed","template":"","meta":{"spay_email":""},"_links":{"self":[{"href":"http:\/\/www.commtechist.com\/tr_TR\/wp-json\/wp\/v2\/pages\/81"}],"collection":[{"href":"http:\/\/www.commtechist.com\/tr_TR\/wp-json\/wp\/v2\/pages"}],"about":[{"href":"http:\/\/www.commtechist.com\/tr_TR\/wp-json\/wp\/v2\/types\/page"}],"author":[{"embeddable":true,"href":"http:\/\/www.commtechist.com\/tr_TR\/wp-json\/wp\/v2\/users\/1"}],"replies":[{"embeddable":true,"href":"http:\/\/www.commtechist.com\/tr_TR\/wp-json\/wp\/v2\/comments?post=81"}],"version-history":[{"count":7,"href":"http:\/\/www.commtechist.com\/tr_TR\/wp-json\/wp\/v2\/pages\/81\/revisions"}],"predecessor-version":[{"id":305,"href":"http:\/\/www.commtechist.com\/tr_TR\/wp-json\/wp\/v2\/pages\/81\/revisions\/305"}],"up":[{"embeddable":true,"href":"http:\/\/www.commtechist.com\/tr_TR\/wp-json\/wp\/v2\/pages\/77"}],"wp:attachment":[{"href":"http:\/\/www.commtechist.com\/tr_TR\/wp-json\/wp\/v2\/media?parent=81"}],"curies":[{"name":"wp","href":"https:\/\/api.w.org\/{rel}","templated":true}]}}