{"id":779,"date":"2021-09-27T17:08:15","date_gmt":"2021-09-27T15:08:15","guid":{"rendered":"http:\/\/www.commtechist.com\/?page_id=779"},"modified":"2021-09-27T17:09:06","modified_gmt":"2021-09-27T15:09:06","slug":"multi-development","status":"publish","type":"page","link":"http:\/\/www.commtechist.com\/tr_TR\/ornek-projeler\/multi-development\/","title":{"rendered":"MULTI DEVELOPMENT"},"content":{"rendered":"<p><a href=\"http:\/\/www.commtechist.com\/wp-content\/uploads\/2021\/09\/Multi-Projeler-G\u00f6rseli.jpg\"><img loading=\"lazy\" class=\"alignnone size-full wp-image-780\" src=\"http:\/\/www.commtechist.com\/wp-content\/uploads\/2021\/09\/Multi-Projeler-G\u00f6rseli.jpg\" alt=\"\" width=\"700\" height=\"466\" srcset=\"http:\/\/www.commtechist.com\/wp-content\/uploads\/2021\/09\/Multi-Projeler-G\u00f6rseli.jpg 700w, http:\/\/www.commtechist.com\/wp-content\/uploads\/2021\/09\/Multi-Projeler-G\u00f6rseli-300x200.jpg 300w\" sizes=\"(max-width: 700px) 100vw, 700px\" \/><\/a><\/p>\n<p>T\u00fcrkiye&#8217;de 14 adet, Avrupa genelinde toplam 80 adet AVM perakende y\u00f6netimini ger\u00e7ekle\u015ftiren Hollanda Merkezli Multi Development, Capex kapsam\u0131nda \u0130\u015f Sa\u011fl\u0131\u011f\u0131 ve G\u00fcvenli\u011fi hizmetleri dan\u0131\u015fmanl\u0131\u011f\u0131 i\u00e7in Commtech \u0130stanbul&#8217;u tercih ederek anla\u015fmas\u0131n\u0131 imza alt\u0131na ald\u0131.<\/p>\n<p>\u00a0<\/p>\n","protected":false},"excerpt":{"rendered":"<p><a href=\"http:\/\/www.commtechist.com\/wp-content\/uploads\/2021\/09\/Multi-Projeler-G\u00f6rseli.jpg\"><img class=\"alignnone size-full wp-image-780\" src=\"http:\/\/www.commtechist.com\/wp-content\/uploads\/2021\/09\/Multi-Projeler-G\u00f6rseli.jpg\" alt=\"\" width=\"700\" heig...\n<\/p srcset=\"http:\/\/www.commtechist.com\/wp-content\/uploads\/2021\/09\/Multi-Projeler-G\u00f6rseli.jpg 700w, http:\/\/www.commtechist.com\/wp-content\/uploads\/2021\/09\/Multi-Projeler-G\u00f6rseli-300x200.jpg 300w\" sizes=\"(max-width: 700px) 100vw, 700px\" \/>\n","protected":false},"author":1,"featured_media":0,"parent":77,"menu_order":0,"comment_status":"closed","ping_status":"closed","template":"","meta":{"spay_email":""},"_links":{"self":[{"href":"http:\/\/www.commtechist.com\/tr_TR\/wp-json\/wp\/v2\/pages\/779"}],"collection":[{"href":"http:\/\/www.commtechist.com\/tr_TR\/wp-json\/wp\/v2\/pages"}],"about":[{"href":"http:\/\/www.commtechist.com\/tr_TR\/wp-json\/wp\/v2\/types\/page"}],"author":[{"embeddable":true,"href":"http:\/\/www.commtechist.com\/tr_TR\/wp-json\/wp\/v2\/users\/1"}],"replies":[{"embeddable":true,"href":"http:\/\/www.commtechist.com\/tr_TR\/wp-json\/wp\/v2\/comments?post=779"}],"version-history":[{"count":4,"href":"http:\/\/www.commtechist.com\/tr_TR\/wp-json\/wp\/v2\/pages\/779\/revisions"}],"predecessor-version":[{"id":784,"href":"http:\/\/www.commtechist.com\/tr_TR\/wp-json\/wp\/v2\/pages\/779\/revisions\/784"}],"up":[{"embeddable":true,"href":"http:\/\/www.commtechist.com\/tr_TR\/wp-json\/wp\/v2\/pages\/77"}],"wp:attachment":[{"href":"http:\/\/www.commtechist.com\/tr_TR\/wp-json\/wp\/v2\/media?parent=779"}],"curies":[{"name":"wp","href":"https:\/\/api.w.org\/{rel}","templated":true}]}}