{"id":775,"date":"2021-09-27T17:07:10","date_gmt":"2021-09-27T15:07:10","guid":{"rendered":"http:\/\/www.commtechist.com\/?page_id=775"},"modified":"2021-09-27T17:08:57","modified_gmt":"2021-09-27T15:08:57","slug":"turkish-red-crescent","status":"publish","type":"page","link":"http:\/\/www.commtechist.com\/tr_TR\/ornek-projeler\/turkish-red-crescent\/","title":{"rendered":"T\u00dcRK KIZILAY"},"content":{"rendered":"<p><a href=\"http:\/\/www.commtechist.com\/wp-content\/uploads\/2021\/09\/K\u0131z\u0131lay-Projeler-G\u00f6rseli.jpg\"><img loading=\"lazy\" class=\"alignnone size-large wp-image-776\" src=\"http:\/\/www.commtechist.com\/wp-content\/uploads\/2021\/09\/K\u0131z\u0131lay-Projeler-G\u00f6rseli-1024x513.jpg\" alt=\"\" width=\"640\" height=\"321\" srcset=\"http:\/\/www.commtechist.com\/wp-content\/uploads\/2021\/09\/K\u0131z\u0131lay-Projeler-G\u00f6rseli-1024x513.jpg 1024w, http:\/\/www.commtechist.com\/wp-content\/uploads\/2021\/09\/K\u0131z\u0131lay-Projeler-G\u00f6rseli-300x150.jpg 300w, http:\/\/www.commtechist.com\/wp-content\/uploads\/2021\/09\/K\u0131z\u0131lay-Projeler-G\u00f6rseli-768x385.jpg 768w, http:\/\/www.commtechist.com\/wp-content\/uploads\/2021\/09\/K\u0131z\u0131lay-Projeler-G\u00f6rseli-600x300.jpg 600w, http:\/\/www.commtechist.com\/wp-content\/uploads\/2021\/09\/K\u0131z\u0131lay-Projeler-G\u00f6rseli-400x200.jpg 400w, http:\/\/www.commtechist.com\/wp-content\/uploads\/2021\/09\/K\u0131z\u0131lay-Projeler-G\u00f6rseli.jpg 1462w\" sizes=\"(max-width: 640px) 100vw, 640px\" \/><\/a><\/p>\n<p>T\u00fcrk K\u0131z\u0131lay Ye\u015filk\u00f6y&#8217;de faaliyetine ba\u015flayaca\u011f\u0131 Ya\u015fl\u0131 Bak\u0131m Merkezi&#8217;nin t\u00fcm tadilat ve renovasyon i\u015fleri Proje Y\u00f6netimi hizmetleri i\u00e7in y\u00f6netim temsilcisi vasf\u0131 ile Commtech \u0130stanbul&#8217;u tercih etti.\u00a0 Yeni g\u00f6r\u00fcnt\u00fcs\u00fc ile 5 y\u0131ld\u0131zl\u0131 otel konforunu aratmayacak olan tesis sunaca\u011f\u0131 \u00fcst d\u00fczey konfor ve kalite ile \u00fclkenin en prestijli rehabilitasyon ve ya\u015fl\u0131 bak\u0131m merkezlerinden biri olmay\u0131 hedeflemekte.<\/p>\n","protected":false},"excerpt":{"rendered":"<p><a href=\"http:\/\/www.commtechist.com\/wp-content\/uploads\/2021\/09\/K\u0131z\u0131lay-Projeler-G\u00f6rseli.jpg\"><img loading=\"lazy\" width=\"1024\" height=\"513\" class=\"alignnone size-large wp-image-776\" src=\"http:\/\/www.commtechist.com\/wp-content\/uploads\/2021\/09\/K\u0131z\u0131lay-Projeler-G\u00f6rseli-1024x513.jpg\" alt=\"\" wi...\n<\/p srcset=\"http:\/\/www.commtechist.com\/wp-content\/uploads\/2021\/09\/K\u0131z\u0131lay-Projeler-G\u00f6rseli-1024x513.jpg 1024w, http:\/\/www.commtechist.com\/wp-content\/uploads\/2021\/09\/K\u0131z\u0131lay-Projeler-G\u00f6rseli-300x150.jpg 300w, http:\/\/www.commtechist.com\/wp-content\/uploads\/2021\/09\/K\u0131z\u0131lay-Projeler-G\u00f6rseli-768x385.jpg 768w, http:\/\/www.commtechist.com\/wp-content\/uploads\/2021\/09\/K\u0131z\u0131lay-Projeler-G\u00f6rseli-600x300.jpg 600w, http:\/\/www.commtechist.com\/wp-content\/uploads\/2021\/09\/K\u0131z\u0131lay-Projeler-G\u00f6rseli-400x200.jpg 400w, http:\/\/www.commtechist.com\/wp-content\/uploads\/2021\/09\/K\u0131z\u0131lay-Projeler-G\u00f6rseli.jpg 1462w\" sizes=\"(max-width: 1024px) 100vw, 1024px\" \/>\n","protected":false},"author":1,"featured_media":0,"parent":77,"menu_order":0,"comment_status":"closed","ping_status":"closed","template":"template-fullwidth.php","meta":{"spay_email":""},"_links":{"self":[{"href":"http:\/\/www.commtechist.com\/tr_TR\/wp-json\/wp\/v2\/pages\/775"}],"collection":[{"href":"http:\/\/www.commtechist.com\/tr_TR\/wp-json\/wp\/v2\/pages"}],"about":[{"href":"http:\/\/www.commtechist.com\/tr_TR\/wp-json\/wp\/v2\/types\/page"}],"author":[{"embeddable":true,"href":"http:\/\/www.commtechist.com\/tr_TR\/wp-json\/wp\/v2\/users\/1"}],"replies":[{"embeddable":true,"href":"http:\/\/www.commtechist.com\/tr_TR\/wp-json\/wp\/v2\/comments?post=775"}],"version-history":[{"count":2,"href":"http:\/\/www.commtechist.com\/tr_TR\/wp-json\/wp\/v2\/pages\/775\/revisions"}],"predecessor-version":[{"id":778,"href":"http:\/\/www.commtechist.com\/tr_TR\/wp-json\/wp\/v2\/pages\/775\/revisions\/778"}],"up":[{"embeddable":true,"href":"http:\/\/www.commtechist.com\/tr_TR\/wp-json\/wp\/v2\/pages\/77"}],"wp:attachment":[{"href":"http:\/\/www.commtechist.com\/tr_TR\/wp-json\/wp\/v2\/media?parent=775"}],"curies":[{"name":"wp","href":"https:\/\/api.w.org\/{rel}","templated":true}]}}