{"id":770,"date":"2021-09-27T17:04:23","date_gmt":"2021-09-27T15:04:23","guid":{"rendered":"http:\/\/www.commtechist.com\/?page_id=770"},"modified":"2021-09-27T17:04:23","modified_gmt":"2021-09-27T15:04:23","slug":"tailwind-airlines","status":"publish","type":"page","link":"http:\/\/www.commtechist.com\/tr_TR\/ornek-projeler\/tailwind-airlines\/","title":{"rendered":"TAILWIND HAVAYOLLARI"},"content":{"rendered":"<p><a href=\"http:\/\/www.commtechist.com\/wp-content\/uploads\/2021\/09\/Tailwind-Airlines-Projeler-G\u00f6rseli.jpg\"><img loading=\"lazy\" class=\"alignnone size-full wp-image-771\" src=\"http:\/\/www.commtechist.com\/wp-content\/uploads\/2021\/09\/Tailwind-Airlines-Projeler-G\u00f6rseli.jpg\" alt=\"\" width=\"767\" height=\"350\" srcset=\"http:\/\/www.commtechist.com\/wp-content\/uploads\/2021\/09\/Tailwind-Airlines-Projeler-G\u00f6rseli.jpg 767w, http:\/\/www.commtechist.com\/wp-content\/uploads\/2021\/09\/Tailwind-Airlines-Projeler-G\u00f6rseli-300x137.jpg 300w\" sizes=\"(max-width: 767px) 100vw, 767px\" \/><\/a><\/p>\n<p>Yurti\u00e7i 23, Yurtd\u0131\u015f\u0131 71 olmak \u00fczere toplamda 94 destinasyona yolcu u\u00e7u\u015f hizmeti sa\u011flayan, T\u00fcrkiye&#8217;nin en prestijli havayolu \u015firketlerinden biri olan Tailwind Havayollar\u0131, emniyete verdi\u011fi \u00f6nem kadar \u00e7evreye de verdi\u011fi \u00f6nemi, profesyonel hizmet ile bir \u00fcst seviyeye \u00e7\u0131karabilmek ve sekt\u00f6rde \u00f6rnek olabilmek ad\u0131na &#8220;\u00c7evre ve At\u0131k Y\u00f6netimi&#8221; \u00e7al\u0131\u015fmalar\u0131n\u0131 Commtech \u0130stanbul ortakl\u0131\u011f\u0131 ile ger\u00e7ekle\u015ftirmektedir.<\/p>\n","protected":false},"excerpt":{"rendered":"<p><a href=\"http:\/\/www.commtechist.com\/wp-content\/uploads\/2021\/09\/Tailwind-Airlines-Projeler-G\u00f6rseli.jpg\"><img loading=\"lazy\" width=\"767\" height=\"350\" class=\"alignnone size-full wp-image-771\" src=\"http:\/\/www.commtechist.com\/wp-content\/uploads\/2021\/09\/Tailwind-Airlines-Projeler-G\u00f6rseli.jpg\"...\n<\/p srcset=\"http:\/\/www.commtechist.com\/wp-content\/uploads\/2021\/09\/Tailwind-Airlines-Projeler-G\u00f6rseli.jpg 767w, http:\/\/www.commtechist.com\/wp-content\/uploads\/2021\/09\/Tailwind-Airlines-Projeler-G\u00f6rseli-300x137.jpg 300w\" sizes=\"(max-width: 767px) 100vw, 767px\" \/>\n","protected":false},"author":1,"featured_media":0,"parent":77,"menu_order":0,"comment_status":"closed","ping_status":"closed","template":"template-fullwidth.php","meta":{"spay_email":""},"_links":{"self":[{"href":"http:\/\/www.commtechist.com\/tr_TR\/wp-json\/wp\/v2\/pages\/770"}],"collection":[{"href":"http:\/\/www.commtechist.com\/tr_TR\/wp-json\/wp\/v2\/pages"}],"about":[{"href":"http:\/\/www.commtechist.com\/tr_TR\/wp-json\/wp\/v2\/types\/page"}],"author":[{"embeddable":true,"href":"http:\/\/www.commtechist.com\/tr_TR\/wp-json\/wp\/v2\/users\/1"}],"replies":[{"embeddable":true,"href":"http:\/\/www.commtechist.com\/tr_TR\/wp-json\/wp\/v2\/comments?post=770"}],"version-history":[{"count":3,"href":"http:\/\/www.commtechist.com\/tr_TR\/wp-json\/wp\/v2\/pages\/770\/revisions"}],"predecessor-version":[{"id":774,"href":"http:\/\/www.commtechist.com\/tr_TR\/wp-json\/wp\/v2\/pages\/770\/revisions\/774"}],"up":[{"embeddable":true,"href":"http:\/\/www.commtechist.com\/tr_TR\/wp-json\/wp\/v2\/pages\/77"}],"wp:attachment":[{"href":"http:\/\/www.commtechist.com\/tr_TR\/wp-json\/wp\/v2\/media?parent=770"}],"curies":[{"name":"wp","href":"https:\/\/api.w.org\/{rel}","templated":true}]}}