{"id":77,"date":"2016-03-14T11:28:20","date_gmt":"2016-03-14T09:28:20","guid":{"rendered":"http:\/\/www.commtechist.com\/?page_id=77"},"modified":"2021-09-28T12:13:03","modified_gmt":"2021-09-28T10:13:03","slug":"ornek-projeler","status":"publish","type":"page","link":"http:\/\/www.commtechist.com\/tr_TR\/ornek-projeler\/","title":{"rendered":"Projelerimiz"},"content":{"rendered":"<h2>M\u00dcKEMMELL\u0130K, YEN\u0130L\u0130K\u00c7\u0130L\u0130K VE B\u00dcT\u00dcNL\u00dcK<img loading=\"lazy\" class=\"size-medium wp-image-78 alignright\" src=\"http:\/\/www.commtechist.com\/wp-content\/uploads\/2016\/03\/Building-300x113.jpg\" alt=\"Building\" width=\"300\" height=\"113\" srcset=\"http:\/\/www.commtechist.com\/wp-content\/uploads\/2016\/03\/Building-300x113.jpg 300w, http:\/\/www.commtechist.com\/wp-content\/uploads\/2016\/03\/Building-768x288.jpg 768w, http:\/\/www.commtechist.com\/wp-content\/uploads\/2016\/03\/Building-1024x384.jpg 1024w, http:\/\/www.commtechist.com\/wp-content\/uploads\/2016\/03\/Building-130x50.jpg 130w, http:\/\/www.commtechist.com\/wp-content\/uploads\/2016\/03\/Building.jpg 1600w\" sizes=\"(max-width: 300px) 100vw, 300px\" \/><\/h2>\n<p>Commtech Group, Ortado\u011fu\u2019da stratejik konumlarda kurulan birimleriyle bir\u00e7ok prestijli projeyi ger\u00e7ekle\u015ftirmi\u015ftir.<\/p>\n<p>Commtech \u0130stanbul ile birlikte projelerinizin de kapsama alt\u0131na al\u0131nacaca\u011f\u0131 yeni piyasa ve b\u00f6lgeler Commtech Group b\u00fcnyesinde a\u00e7\u0131lmaktad\u0131r.<\/p>\n<p>Geni\u015f kapsaml\u0131 bir m\u00fc\u015fteri a\u011f\u0131m\u0131z vard\u0131r. Bunlar\u0131n aras\u0131nda MEP alt y\u00fcklenicileri, uluslararas\u0131 yap\u0131 \u015firketleri, i\u015f geli\u015ftiricileri veya i\u015f sahipleri bulunmaktad\u0131r. Bu k\u0131s\u0131mda devam eden veya tamamlanm\u0131\u015f olan projelere yer verilmi\u015ftir. Alt men\u00fclerden \u00f6rnek projeleri g\u00f6rebilirsiniz.<\/p>\n","protected":false},"excerpt":{"rendered":"<h2>M\u00dcKEMMELL\u0130K, YEN\u0130L\u0130K\u00c7\u0130L\u0130K VE B\u00dcT\u00dcNL\u00dcK<img loading=\"lazy\" class=\"size-medium wp-image-78 alignright\" src=\"http:\/\/www.commtechist.com\/wp-content\/uploads\/2016\/03\/Building-300x113.jpg\" alt=\"Building\" width=\"300\" height=\"113\" srcset=\"http:\/\/www.commtechist.com\/wp-content\/uploads\/2016\/03\/Building-300x113.jpg 300w, http:\/\/www.commtechist.com\/wp-content\/uploads\/2016\/03\/Building-768x288.jpg 768w, http:\/\/www.commtechist.com\/wp-content\/uploads\/2016\/03\/Building-1024x384.jpg 1024w, http:\/\/www.commtechist.com\/wp-content\/uploads\/2016\/03\/Building-130x50.jpg 130w, http:\/\/www.commtechist.com\/wp-content\/uploads\/2016\/03\/Building.jpg 1600w\" sizes=\"(max-width: 300px) 100vw, 300px\" \/><\/h2>\n<p>Commtech Group, Ortado\u011fu\u2019da str&#8230;<\/p>\n","protected":false},"author":1,"featured_media":0,"parent":0,"menu_order":0,"comment_status":"closed","ping_status":"closed","template":"template-fullwidth.php","meta":{"spay_email":""},"_links":{"self":[{"href":"http:\/\/www.commtechist.com\/tr_TR\/wp-json\/wp\/v2\/pages\/77"}],"collection":[{"href":"http:\/\/www.commtechist.com\/tr_TR\/wp-json\/wp\/v2\/pages"}],"about":[{"href":"http:\/\/www.commtechist.com\/tr_TR\/wp-json\/wp\/v2\/types\/page"}],"author":[{"embeddable":true,"href":"http:\/\/www.commtechist.com\/tr_TR\/wp-json\/wp\/v2\/users\/1"}],"replies":[{"embeddable":true,"href":"http:\/\/www.commtechist.com\/tr_TR\/wp-json\/wp\/v2\/comments?post=77"}],"version-history":[{"count":11,"href":"http:\/\/www.commtechist.com\/tr_TR\/wp-json\/wp\/v2\/pages\/77\/revisions"}],"predecessor-version":[{"id":795,"href":"http:\/\/www.commtechist.com\/tr_TR\/wp-json\/wp\/v2\/pages\/77\/revisions\/795"}],"wp:attachment":[{"href":"http:\/\/www.commtechist.com\/tr_TR\/wp-json\/wp\/v2\/media?parent=77"}],"curies":[{"name":"wp","href":"https:\/\/api.w.org\/{rel}","templated":true}]}}