{"id":763,"date":"2021-04-26T16:22:02","date_gmt":"2021-04-26T14:22:02","guid":{"rendered":"http:\/\/www.commtechist.com\/?page_id=763"},"modified":"2021-04-26T16:24:37","modified_gmt":"2021-04-26T14:24:37","slug":"ziraat-towers","status":"publish","type":"page","link":"http:\/\/www.commtechist.com\/tr_TR\/ornek-projeler\/ziraat-towers\/","title":{"rendered":"ZIRAAT TOWERS"},"content":{"rendered":"<p><a href=\"http:\/\/www.commtechist.com\/wp-content\/uploads\/2021\/04\/Ziraat-Towers.jpg\"><img loading=\"lazy\" class=\"alignnone wp-image-764 size-full\" src=\"http:\/\/www.commtechist.com\/wp-content\/uploads\/2021\/04\/Ziraat-Towers.jpg\" alt=\"\" width=\"681\" height=\"777\" srcset=\"http:\/\/www.commtechist.com\/wp-content\/uploads\/2021\/04\/Ziraat-Towers.jpg 681w, http:\/\/www.commtechist.com\/wp-content\/uploads\/2021\/04\/Ziraat-Towers-263x300.jpg 263w\" sizes=\"(max-width: 681px) 100vw, 681px\" \/><\/a><\/p>\n<p>\u0130stanbul Uluslararas\u0131 Finans Merkezi Kompleksi i\u00e7erisinde bulunan Ziraat Towers projesinin t\u00fcm Commissioning Hizmetleri firmam\u0131z taraf\u0131ndan sa\u011flanmaktad\u0131r. Toplamda 450.000 m2 in\u015faat alan\u0131na 40 ve 46 katl\u0131 2 y\u00fcksek ikiz kuleden olu\u015fan ve T\u00fcrkiye\u2019nin en prestijli projelerinden biri olan Ziraat Towers projesinde LEED Gold sertifikas\u0131 standartlar\u0131 paralelinde geli\u015ftirilen, etkinlik ve aktivitelere uygun atriyum alan\u0131 ile birlikte \u00f6zel tasarlanm\u0131\u015f ta\u015f kaplamal\u0131 bir oditoryum bulunmaktad\u0131r. Podyum katlarda ticari ve sosyal alanlar bulunan proje Commtech proje y\u00f6netimi ve i\u015fletmeye alma hizmetleri ile g\u00fcven alt\u0131na al\u0131nmaktad\u0131r.<\/p>\n","protected":false},"excerpt":{"rendered":"<p><a href=\"http:\/\/www.commtechist.com\/wp-content\/uploads\/2021\/04\/Ziraat-Towers.jpg\"><img loading=\"lazy\" class=\"alignnone wp-image-764 size-full\" src=\"http:\/\/www.commtechist.com\/wp-content\/uploads\/2021\/04\/Ziraat-Towers.jpg\" alt=\"\" width=\"681\" height=\"777\" srcset=\"http:\/\/www.commtechist.com\/wp-content\/uploads\/2021\/04\/Ziraat-Towers.jpg 681w, http:\/\/www.commtechist.com\/wp-content\/uploads\/2021\/04\/Ziraat-Towers-263x300.jpg 263w\" sizes=\"(max-width: 681px) 100vw, 681px\" \/><\/a><\/p>\n<p>\u0130s&#8230;<\/p>\n","protected":false},"author":1,"featured_media":0,"parent":77,"menu_order":0,"comment_status":"closed","ping_status":"closed","template":"template-fullwidth.php","meta":{"spay_email":""},"_links":{"self":[{"href":"http:\/\/www.commtechist.com\/tr_TR\/wp-json\/wp\/v2\/pages\/763"}],"collection":[{"href":"http:\/\/www.commtechist.com\/tr_TR\/wp-json\/wp\/v2\/pages"}],"about":[{"href":"http:\/\/www.commtechist.com\/tr_TR\/wp-json\/wp\/v2\/types\/page"}],"author":[{"embeddable":true,"href":"http:\/\/www.commtechist.com\/tr_TR\/wp-json\/wp\/v2\/users\/1"}],"replies":[{"embeddable":true,"href":"http:\/\/www.commtechist.com\/tr_TR\/wp-json\/wp\/v2\/comments?post=763"}],"version-history":[{"count":1,"href":"http:\/\/www.commtechist.com\/tr_TR\/wp-json\/wp\/v2\/pages\/763\/revisions"}],"predecessor-version":[{"id":765,"href":"http:\/\/www.commtechist.com\/tr_TR\/wp-json\/wp\/v2\/pages\/763\/revisions\/765"}],"up":[{"embeddable":true,"href":"http:\/\/www.commtechist.com\/tr_TR\/wp-json\/wp\/v2\/pages\/77"}],"wp:attachment":[{"href":"http:\/\/www.commtechist.com\/tr_TR\/wp-json\/wp\/v2\/media?parent=763"}],"curies":[{"name":"wp","href":"https:\/\/api.w.org\/{rel}","templated":true}]}}