{"id":719,"date":"2020-04-13T17:24:14","date_gmt":"2020-04-13T15:24:14","guid":{"rendered":"http:\/\/commtechist.com\/?page_id=719"},"modified":"2020-04-13T17:24:14","modified_gmt":"2020-04-13T15:24:14","slug":"uls-cargo-airlines","status":"publish","type":"page","link":"http:\/\/www.commtechist.com\/tr_TR\/ornek-projeler\/uls-cargo-airlines\/","title":{"rendered":"ULS HAVA YOLLARI"},"content":{"rendered":"<p><a href=\"http:\/\/commtechist.com\/wp-content\/uploads\/2020\/04\/ULS-Hava-Yollar\u0131-G\u00f6rsel.jpg\"><img loading=\"lazy\" class=\"alignnone size-large wp-image-720\" src=\"http:\/\/commtechist.com\/wp-content\/uploads\/2020\/04\/ULS-Hava-Yollar\u0131-G\u00f6rsel-1024x576.jpg\" alt=\"\" width=\"640\" height=\"360\" srcset=\"http:\/\/www.commtechist.com\/wp-content\/uploads\/2020\/04\/ULS-Hava-Yollar\u0131-G\u00f6rsel-1024x576.jpg 1024w, http:\/\/www.commtechist.com\/wp-content\/uploads\/2020\/04\/ULS-Hava-Yollar\u0131-G\u00f6rsel-300x169.jpg 300w, http:\/\/www.commtechist.com\/wp-content\/uploads\/2020\/04\/ULS-Hava-Yollar\u0131-G\u00f6rsel-768x432.jpg 768w, http:\/\/www.commtechist.com\/wp-content\/uploads\/2020\/04\/ULS-Hava-Yollar\u0131-G\u00f6rsel.jpg 1200w\" sizes=\"(max-width: 640px) 100vw, 640px\" \/><\/a><\/p>\n<p>Havac\u0131l\u0131k sekt\u00f6r\u00fcn\u00fcn lider kurulu\u015flar\u0131ndan ULS Kargo Havayollar\u0131 filosunda her biri 40 ton ta\u015f\u0131ma kapasitesine sahip A310-308F u\u00e7aklara sahip bir \u015fekilde t\u00fcm d\u00fcnyaya kargo ta\u015f\u0131mac\u0131l\u0131k hizmeti vermektedir. Sekt\u00f6r\u00fcn\u00fcn en \u00f6nemli unsurlar\u0131ndan biri olan m\u00fc\u015fteri memnuniyetini ve pazardaki rekabette bir ad\u0131m \u00f6nde olabilmenin farkl\u0131 detaylarda gizli oldu\u011funu bilen ULS Havayollar\u0131 sa\u011fl\u0131k, emniyet ve g\u00fcvenlik unsurlar\u0131nda konunun en iyi ve deneyimlilerinden biri olan firmam\u0131z Commtech \u0130stanbul ile \u00e7al\u0131\u015fmay\u0131 tercih etmi\u015ftir. G\u00fcn\u00fcn de\u011fi\u015fen \u015fartlar\u0131na h\u0131zla adapte olabilmeyi ilke edinen firmam\u0131z, operasyonlar\u0131n en ba\u015f\u0131ndan en sonuna kadar takibi, \u0130SG protokollerinin tatbiki ile g\u00fcven ve huzura dayal\u0131 hizmet anlay\u0131\u015f\u0131nda her daim belirli bir disiplin i\u00e7erisinde devam ederek, firma m\u00fc\u015fterilerinin kargolar\u0131na en sa\u011fl\u0131kl\u0131 ve emniyetli bi\u00e7imde ula\u015fabilmelerinde \u00f6nemli bir payda\u015f olarak destek vermektedir.<\/p>\n","protected":false},"excerpt":{"rendered":"<p><a href=\"http:\/\/commtechist.com\/wp-content\/uploads\/2020\/04\/ULS-Hava-Yollar\u0131-G\u00f6rsel.jpg\"><img class=\"alignnone size-large wp-image-720\" src=\"http:\/\/commtechist.com\/wp-content\/uploads\/2020\/04\/ULS-Hava-Yollar\u0131-G\u00f6rsel-1024x576.jpg\" alt=\"\" width=\"640\" ...\n<\/p srcset=\"http:\/\/www.commtechist.com\/wp-content\/uploads\/2020\/04\/ULS-Hava-Yollar\u0131-G\u00f6rsel-1024x576.jpg 1024w, http:\/\/www.commtechist.com\/wp-content\/uploads\/2020\/04\/ULS-Hava-Yollar\u0131-G\u00f6rsel-300x169.jpg 300w, http:\/\/www.commtechist.com\/wp-content\/uploads\/2020\/04\/ULS-Hava-Yollar\u0131-G\u00f6rsel-768x432.jpg 768w, http:\/\/www.commtechist.com\/wp-content\/uploads\/2020\/04\/ULS-Hava-Yollar\u0131-G\u00f6rsel.jpg 1200w\" sizes=\"(max-width: 1024px) 100vw, 1024px\" \/>\n","protected":false},"author":1,"featured_media":0,"parent":77,"menu_order":0,"comment_status":"closed","ping_status":"closed","template":"template-fullwidth.php","meta":{"spay_email":""},"_links":{"self":[{"href":"http:\/\/www.commtechist.com\/tr_TR\/wp-json\/wp\/v2\/pages\/719"}],"collection":[{"href":"http:\/\/www.commtechist.com\/tr_TR\/wp-json\/wp\/v2\/pages"}],"about":[{"href":"http:\/\/www.commtechist.com\/tr_TR\/wp-json\/wp\/v2\/types\/page"}],"author":[{"embeddable":true,"href":"http:\/\/www.commtechist.com\/tr_TR\/wp-json\/wp\/v2\/users\/1"}],"replies":[{"embeddable":true,"href":"http:\/\/www.commtechist.com\/tr_TR\/wp-json\/wp\/v2\/comments?post=719"}],"version-history":[{"count":3,"href":"http:\/\/www.commtechist.com\/tr_TR\/wp-json\/wp\/v2\/pages\/719\/revisions"}],"predecessor-version":[{"id":723,"href":"http:\/\/www.commtechist.com\/tr_TR\/wp-json\/wp\/v2\/pages\/719\/revisions\/723"}],"up":[{"embeddable":true,"href":"http:\/\/www.commtechist.com\/tr_TR\/wp-json\/wp\/v2\/pages\/77"}],"wp:attachment":[{"href":"http:\/\/www.commtechist.com\/tr_TR\/wp-json\/wp\/v2\/media?parent=719"}],"curies":[{"name":"wp","href":"https:\/\/api.w.org\/{rel}","templated":true}]}}