{"id":715,"date":"2020-04-13T17:22:17","date_gmt":"2020-04-13T15:22:17","guid":{"rendered":"http:\/\/commtechist.com\/?page_id=715"},"modified":"2020-04-13T17:22:17","modified_gmt":"2020-04-13T15:22:17","slug":"dekar-yapi","status":"publish","type":"page","link":"http:\/\/www.commtechist.com\/tr_TR\/ornek-projeler\/dekar-yapi\/","title":{"rendered":"DEKAR YAPI"},"content":{"rendered":"<p><a href=\"http:\/\/commtechist.com\/wp-content\/uploads\/2020\/04\/Dekar-G\u00f6rsel.jpg\"><img loading=\"lazy\" class=\"alignnone size-large wp-image-716\" src=\"http:\/\/commtechist.com\/wp-content\/uploads\/2020\/04\/Dekar-G\u00f6rsel-1024x576.jpg\" alt=\"\" width=\"640\" height=\"360\" srcset=\"http:\/\/www.commtechist.com\/wp-content\/uploads\/2020\/04\/Dekar-G\u00f6rsel-1024x576.jpg 1024w, http:\/\/www.commtechist.com\/wp-content\/uploads\/2020\/04\/Dekar-G\u00f6rsel-300x169.jpg 300w, http:\/\/www.commtechist.com\/wp-content\/uploads\/2020\/04\/Dekar-G\u00f6rsel-768x432.jpg 768w, http:\/\/www.commtechist.com\/wp-content\/uploads\/2020\/04\/Dekar-G\u00f6rsel.jpg 1200w\" sizes=\"(max-width: 640px) 100vw, 640px\" \/><\/a><\/p>\n<p>Yatay mimarinin en tecr\u00fcbeli ve talep g\u00f6ren firmalar\u0131ndan olan Dekar Yap\u0131 Asmal\u0131 Evler, Asmal\u0131 Hayat, Asmal\u0131 Sokaklar, Asmal\u0131 Bah\u00e7eler ve K\u0131y\u0131bah\u00e7e gibi projeleri ile sekt\u00f6re de\u011fi\u015fim kazand\u0131ran inovatif ve \u00f6zg\u00fcn binalar in\u015fa ederek, bu alanda T\u00fcrkiye\u2019de \u00f6nc\u00fc konuma gelebilmeyi ba\u015farm\u0131\u015f yegane firmalardand\u0131r. Bu vizyonu Commtech \u0130stanbul profesyonelli\u011fi ve kurumsall\u0131\u011f\u0131 ile bir araya getirerek, bir ad\u0131m daha ileriye gitmeyi hedefleyen Dekar Yap\u0131, projelerinin en \u00f6nemli safhalar\u0131ndan biri olan ke\u015fif ve projelendirme a\u015famalar\u0131nda firmam\u0131z\u0131n dokunu\u015flar\u0131n\u0131 tercih ederek g\u00fcvenle in\u015faat planlamalar\u0131na y\u00f6n vermektedir. Dekar, g\u00fcnl\u00fck ya\u015fama de\u011fer katan nitelikli yap\u0131lar\u0131 ve detaydan b\u00fct\u00fcne uzanan y\u00fcksek kalite anlay\u0131\u015f\u0131yla her zaman yenilik\u00e7i projelere imza atmay\u0131 hedeflerken m\u00fc\u015fterilerine y\u00fcksek memnuniyet sa\u011flayabilmek ad\u0131na mimari konseptlerini optimum ergonomi ve konfor felsefesi ile dizayn etmektedir.<\/p>\n","protected":false},"excerpt":{"rendered":"<p><a href=\"http:\/\/commtechist.com\/wp-content\/uploads\/2020\/04\/Dekar-G\u00f6rsel.jpg\"><img loading=\"lazy\" class=\"alignnone size-large wp-image-716\" src=\"http:\/\/commtechist.com\/wp-content\/uploads\/2020\/04\/Dekar-G\u00f6rsel-1024x576.jpg\" alt=\"\" width=\"640\" height=\"360\" srcset=\"http:\/\/www.commtechist.com\/wp-content\/uploads\/2020\/04\/Dekar-G\u00f6rsel-1024x576.jpg 1024w, http:\/\/www.commtechist.com\/wp-content\/uploads\/2020\/04\/Dekar-G\u00f6rsel-300x169.jpg 300w, http:\/\/www.commtechist.com\/wp-content\/uploads\/2020\/04\/Dekar-G\u00f6rsel-768x432.jpg 768w, http:\/\/www.commtechist.com\/wp-content\/uploads\/2020\/04\/Dekar-G\u00f6rsel.jpg 1200w\" sizes=\"(max-width: 640px) 100vw, 640px\" \/><\/a><\/p>\n<p>Ya&#8230;<\/p>\n","protected":false},"author":1,"featured_media":0,"parent":77,"menu_order":0,"comment_status":"closed","ping_status":"closed","template":"template-fullwidth.php","meta":{"spay_email":""},"_links":{"self":[{"href":"http:\/\/www.commtechist.com\/tr_TR\/wp-json\/wp\/v2\/pages\/715"}],"collection":[{"href":"http:\/\/www.commtechist.com\/tr_TR\/wp-json\/wp\/v2\/pages"}],"about":[{"href":"http:\/\/www.commtechist.com\/tr_TR\/wp-json\/wp\/v2\/types\/page"}],"author":[{"embeddable":true,"href":"http:\/\/www.commtechist.com\/tr_TR\/wp-json\/wp\/v2\/users\/1"}],"replies":[{"embeddable":true,"href":"http:\/\/www.commtechist.com\/tr_TR\/wp-json\/wp\/v2\/comments?post=715"}],"version-history":[{"count":2,"href":"http:\/\/www.commtechist.com\/tr_TR\/wp-json\/wp\/v2\/pages\/715\/revisions"}],"predecessor-version":[{"id":718,"href":"http:\/\/www.commtechist.com\/tr_TR\/wp-json\/wp\/v2\/pages\/715\/revisions\/718"}],"up":[{"embeddable":true,"href":"http:\/\/www.commtechist.com\/tr_TR\/wp-json\/wp\/v2\/pages\/77"}],"wp:attachment":[{"href":"http:\/\/www.commtechist.com\/tr_TR\/wp-json\/wp\/v2\/media?parent=715"}],"curies":[{"name":"wp","href":"https:\/\/api.w.org\/{rel}","templated":true}]}}