{"id":70,"date":"2016-03-10T15:37:53","date_gmt":"2016-03-10T13:37:53","guid":{"rendered":"http:\/\/www.commtechist.com\/?page_id=70"},"modified":"2018-08-27T16:26:18","modified_gmt":"2018-08-27T14:26:18","slug":"proje-isletmeye-alma","status":"publish","type":"page","link":"http:\/\/www.commtechist.com\/tr_TR\/proje-isletmeye-alma\/","title":{"rendered":"\u0130\u015fletmeye Alma"},"content":{"rendered":"<h1>PROJE \u0130\u015eLETMEYE ALMA<img loading=\"lazy\" class=\"size-medium wp-image-71 alignleft\" src=\"http:\/\/www.commtechist.com\/wp-content\/uploads\/2016\/03\/commissioning-2-200x300.jpg\" alt=\"commissioning\" width=\"200\" height=\"300\" srcset=\"http:\/\/www.commtechist.com\/wp-content\/uploads\/2016\/03\/commissioning-2-200x300.jpg 200w, http:\/\/www.commtechist.com\/wp-content\/uploads\/2016\/03\/commissioning-2.jpg 225w\" sizes=\"(max-width: 200px) 100vw, 200px\" \/><\/h1>\n<p>Commtech\u2019in Proje \u0130\u015fletmeye alma program\u0131, ihale s\u00fcrecinden teslimata kadar ge\u00e7en geleneksel in\u015faat s\u00fcrecinin de \u00fczerine \u00e7\u0131karak hizmetlerin sizin gereksinimlerinize g\u00f6re tam olarak teslim edilmesini sa\u011flar. Tedarik\u00e7i olarak sa\u011flad\u0131\u011f\u0131m\u0131z destekleyici hizmetlerimiz teknik y\u00f6netim, teknik planlama ve onay a\u015famalar\u0131n\u0131 kapsar.<\/p>\n<p>\u00a0<\/p>\n<p>G\u00f6sterilen \u00f6rnekler Commtech\u2019in MEP tedarik\u00e7ileriyle ticari i\u015f orta\u011f\u0131 olarak yer ald\u0131\u011f\u0131 bir senaryoya g\u00f6redir.)<\/p>\n<h1>\u0130HALE<\/h1>\n<p>\u00a0<\/p>\n<p>Commtech, \u015fartnameyi inceler ve tedarik\u00e7inin teklifini destekleyici bir i\u00e7erik raporu olu\u015fturur. Bu s\u00fcre\u00e7, \u00f6nemli unsurlar\u0131n unutulmas\u0131 veya silinmesi riskini azalt\u0131r ve en az\u0131ndan baz\u0131 belirli gereksinimlerin kas\u0131tl\u0131 bir \u015fekilde fiyatland\u0131r\u0131lmamas\u0131 riskini ortadan kald\u0131r\u0131r.<\/p>\n<p>Commtech, ana sistem ve donat\u0131m plan ve \u00e7izimlerini bir Birim Fiyat de\u011ferlendirmesine al\u0131r ve ihale sat\u0131rlar\u0131n\u0131 ve hizmetlerini tam olarak ele al\u0131r.<\/p>\n<p>Commtech, ara\u015ft\u0131rma s\u00fcrecinin y\u00fcr\u00fct\u00fclmesine ve tercih edilen tedarik\u00e7ileri ve ticari olarak daha etkileyici alternative tedarik\u00e7ileri incelemenizi asiste eder. Commtech, M\u00fc\u015fteri ihale ekibine destek olmak i\u00e7in tedarik\u00e7ilerle ve sa\u011flay\u0131c\u0131larla teknik toplant\u0131lar planlayabilir.<\/p>\n<p>Commtech, HVAC, TAB, ELEC ve di\u011fer \u00fc\u00e7\u00fcnc\u00fc taraf uzman i\u015fletmeye alma gereksinimleri i\u00e7in gereken \u015fartlar\u0131 de\u011ferlendirir ve raporlar. \u0130haleye eklenmek \u00fczere detayl\u0131 bir hesap \u00e7\u0131kar\u0131r ve M\u00fc\u015fteriye proje spesifikasyonlar\u0131n\u0131 ve genel proje gereksinimlerini de\u011ferlendirmesi i\u00e7in bir sunum haz\u0131rlar; Y\u00fcksek d\u00fczeyde bir proje otoritesi olarak en erken f\u0131rsatta projeyi g\u00fcvenceye al\u0131r.<\/p>\n<h1>\u0130HALE \u00d6NCES\u0130 G\u00d6R\u00dc\u015eMELER<\/h1>\n<p><img loading=\"lazy\" class=\"size-medium wp-image-72\" src=\"http:\/\/www.commtechist.com\/wp-content\/uploads\/2016\/03\/tender-300x169.jpg\" alt=\"Man signing document, close-up\" width=\"300\" height=\"169\" srcset=\"http:\/\/www.commtechist.com\/wp-content\/uploads\/2016\/03\/tender-300x169.jpg 300w, http:\/\/www.commtechist.com\/wp-content\/uploads\/2016\/03\/tender.jpg 496w\" sizes=\"(max-width: 300px) 100vw, 300px\" \/><\/p>\n<p>Commtech, Ana Y\u00fcklenici\u2019lerle geli\u015ftirici Planlama Ekibi i\u00e7in teknik sorgulamalara yan\u0131tlar konusunda destek olarak net raporlar olu\u015fturur; M\u00fc\u015fteri ticari ekibininin mali g\u00f6r\u00fc\u015fmeler konusundaki son kontrata odaklanmas\u0131n\u0131 sa\u011flar.<\/p>\n<p>Spesifik olarak, i\u015fletmeye alma i\u00e7in Commtech ESTIDAMA ve LEED hedefleri gibi \u015fartnamalere uymak i\u00e7in nelerin gerekece\u011fini planlar. Bu a\u015famada ana y\u00fcklenici ile s\u00f6zle\u015fme yapmak gereksinimlerin g\u00f6zard\u0131 edilmesini \u00f6nler ve planlanmayan konularla ilgili olarak ek maliyetlerin \u00e7\u0131kart\u0131lmas\u0131na engel olur.<\/p>\n<h1>S\u00d6ZLE\u015eMEN\u0130N VER\u0130LMES\u0130<\/h1>\n<p>Commtech, uzun \u00f6\u011felerin ve t\u00fcm ana sistem ve donat\u0131lar\u0131n bulundu\u011fu malzemelerin kapsand\u0131\u011f\u0131 bir tedarik program\u0131 olu\u015fturur. Bu tedarik program\u0131 Yap\u0131 Kabul Testleri (FAT) i\u00e7in gereken tarihleri belirtir ve bu da ideal onay program\u0131n\u0131 netle\u015ftirir.<\/p>\n<p>Yap\u0131 ve sistemler i\u00e7in gereken malzeme teslimatlar\u0131 planlan\u0131r ve gecikmeye mahal vermeyecek \u015fekilde d\u00fczenlenir. Bu, M\u00fc\u015fterinin uygun personelleri do\u011fru bir \u015fekilde i\u015fe alabilmesine olanak sa\u011flar ve g\u00f6revlendirilecek olan personellerin se\u00e7imi s\u0131ras\u0131nda ani kararlarla projenin riske edilmesine engel olur.<\/p>\n<h1>SAHA<img loading=\"lazy\" class=\"size-medium wp-image-73 alignleft\" src=\"http:\/\/www.commtechist.com\/wp-content\/uploads\/2016\/03\/insaat-300x203.png\" alt=\"insaat\" width=\"300\" height=\"203\" srcset=\"http:\/\/www.commtechist.com\/wp-content\/uploads\/2016\/03\/insaat-300x203.png 300w, http:\/\/www.commtechist.com\/wp-content\/uploads\/2016\/03\/insaat.png 574w\" sizes=\"(max-width: 300px) 100vw, 300px\" \/><\/h1>\n<p>\u00a0<\/p>\n<p>Commtech, M\u00fc\u015fteri \u0130nsan Kaynaklar\u0131 departmanlar\u0131na g\u00f6revlendirilecek pozisyonlar ve personel se\u00e7imleri konusunda yard\u0131mc\u0131 olur. Yetenek ve teknik kriterler ama\u00e7lanan d\u00fczeyde deneyimli ve bilgili personelin g\u00f6revlendirilmesini sa\u011flar. Bu s\u00fcre\u00e7 Mekanik, Elektrik ve Kamu Sa\u011fl\u0131\u011f\u0131 (MEP) uygulamalar\u0131 i\u00e7in de ge\u00e7erli olup in\u015faat, m\u00fchendislik ve planlama- i\u015fletmeye alma s\u00fcrecini kolayla\u015ft\u0131r\u0131r.<\/p>\n<h1>\u0130N\u015eAAT<\/h1>\n<ul>\n<li>Malzeme Teslimatlar\u0131: Malzeme teslimatlar\u0131 Commtech y\u00f6netim, teknik ve profesyonel destek ekiplerinin onay\u0131yla birlikte ba\u015flayabilir. Teslimatlar tedarik \u00f6ncelikleri s\u0131ralamas\u0131na g\u00f6re (S\u00f6zle\u015fme ba\u015fl\u0131\u011f\u0131nda anlat\u0131lm\u0131\u015ft\u0131r) planlan\u0131r. Commtech Group b\u00fcnyesindeki en \u00f6nemli m\u00fchendislik ekibinin s\u00fcreklili\u011fi malzeme teslimatlar\u0131n\u0131n zaman\u0131nda yap\u0131lmas\u0131n\u0131 sa\u011flar ve m\u00fchendis i\u015fe al\u0131m s\u00fcre\u00e7lerinin de aksamadan ve paniklemeden y\u00fcr\u00fct\u00fclmesine imkan verir.Commtech Group, daha sonra g\u00f6rev alan veya tamamlanan projelerden kayd\u0131r\u0131lan yeni saha m\u00fchendislik ekibine projeyle ilgili brifing verecektir.<\/li>\n<\/ul>\n<p>\u00a0<\/p>\n<ul>\n<li>De\u011fer M\u00fchendisli\u011fi (Teknik De\u011ferlendirme): Commtech Group taraf\u0131ndan ticari ekibe yak\u0131n olarak \u00e7al\u0131\u015facak ki\u015filerle planlamalar yapar ve teknik konularda tedarik\u00e7ilerin ba\u015far\u0131l\u0131 bir \u015fekilde g\u00f6zlenmesi sa\u011flan\u0131r.<\/li>\n<\/ul>\n<p>\u00a0<\/p>\n<ul>\n<li>S\u00f6zle\u015fmeye Uygunluk \u0130ncelemeleri: Malzeme teslimatlar\u0131 \u015fartnamaye uygun olmad\u0131\u011f\u0131nda gerek duyulabilir. Teknik teslimatlar incelenerek alternatif bir tedarik\u00e7i belirlenmeden \u00f6nce \u015eartname De\u011fi\u015fikli\u011fi Onaylar\u0131 incelenir.<\/li>\n<\/ul>\n<p>\u00a0<\/p>\n<ul>\n<li>Saha G\u00f6zetimi: Periyodik saha y\u00fcr\u00fcy\u00fc\u015fleri (ayl\u0131k) yap\u0131larak i\u015fletmeye alma konusundaki olas\u0131 konular de\u011ferlendirilerek rapor haline getirilir. Bu s\u00fcre\u00e7te al\u0131m sat\u0131mlar, ilerleme, saha g\u00fcvenlik konular\u0131 ve yap\u0131 kalitesi konular\u0131 ele al\u0131narak raporlan\u0131r.<\/li>\n<\/ul>\n<p>\u00a0<\/p>\n<ul>\n<li>\u00d6n \u0130\u015fletmeye Alma: Commtech, saha in\u015faat ekibi ile birlikte sistemin durumunu kontrol eder ve son i\u015fletmeye alma a\u015famas\u0131ndan \u00f6nce haz\u0131rl\u0131k testlerini yapar. \u00d6n i\u015fletmeye alma s\u00fcreci \u00f6nemlidir; Bu s\u00fcre\u00e7 enerji verilmeden \u00f6nce kurulumlar\u0131n tutarl\u0131l\u0131\u011f\u0131n\u0131 do\u011frular ve faaliyet \u00f6ncesi son g\u00f6revlerin ba\u015flang\u0131c\u0131d\u0131r. Commtech Grubu yakla\u015f\u0131m\u0131 ba\u011f\u0131ms\u0131z bir denetim d\u00fczeyinde hareket eder ve b\u00f6ylece ekipler kendi kurulumlar\u0131n\u0131 kendileri kontrol etmezler.<\/li>\n<\/ul>\n<p>\u00a0<\/p>\n<ul>\n<li>\u0130\u015fletmeye Alma: Commtech Group, Tasar\u0131m ekibinin \u0130\u015fletmeye Alma planlar\u0131 i\u00e7in haz\u0131rl\u0131k yapar, Entegre \u0130\u015fletmeye alma ve kapan\u0131\u015f programlar\u0131n\u0131, \u0130\u015fletmeye Alma Y\u00f6ntemi Bildirimini, Test paketlerini, ve projeye \u00f6zel E\u011fitim Gereksinimleri ile ve \u00c7al\u0131\u015ft\u0131rma ve Bak\u0131m k\u0131lavuzu belgelerini haz\u0131rlar.<\/li>\n<\/ul>\n<p>\u00a0<\/p>\n<ul>\n<li>Final \u0130\u015fletmeye Alma: Commtech Group, mekanik, Elektrik, Kamu Sa\u011fl\u0131\u011f\u0131, Yang\u0131n ve Can Kurtarma konusundaki t\u00fcm sistemler ile BMW ve PAAV gibi uzmanla\u015ft\u0131r\u0131lm\u0131\u015f sistemlerin tam olarak i\u015fletmeye al\u0131nmas\u0131n\u0131 sa\u011flayabilir. Commtech\u2019in proje i\u00e7in g\u00f6rev yapan y\u00f6neticileri test ve i\u015fletmeye alma s\u00fcre\u00e7lerini, raporlama ve izleme a\u015famalar\u0131n\u0131 ve \u00fc\u00e7\u00fcnc\u00fc taraflarca denetlenmesi gereken uygulamalar\u0131 planlar, kontrol eder ve y\u00f6netir. Commtech Group, bu s\u00fcre\u00e7te d\u00fczenli olarak ilerleme toplant\u0131lar\u0131 (en az ayl\u0131k olarak) yapar ve i\u015fletmeye alma hedeflerine uygun olarak tahmin ve planlama raporlar\u0131 olu\u015fturur.<\/li>\n<\/ul>\n<p>\u00a0<\/p>\n<ul>\n<li>Devir Teslim: Commtech Group, di\u011fer uzman dan\u0131\u015fmanlar\u0131 m\u00fc\u015fteriler ad\u0131na bilgilendirerek \u00f6rne\u011fin Akustik, Titre\u015fim ve RASTI (Sesli Alarm Zekas\u0131), Elektromanyetik Uygunluk test raporlar\u0131n\u0131n projenin kapan\u0131\u015f \u015fartlar\u0131na uyumlu olmas\u0131n\u0131 sa\u011flar. E\u011fitim gereksinimleri Commtech Group taraf\u0131ndan hem saha i\u00e7i hem de saha d\u0131\u015f\u0131 oturumlarla koordine edilir ve g\u00f6r\u00fcnt\u00fcl\u00fc e\u011fitim kay\u0131tlar\u0131 olu\u015fturulur.<\/li>\n<\/ul>\n<p>\u00a0<\/p>\n<ul>\n<li>Son Toplant\u0131 ve Bilgilendirme: Teslim ger\u00e7ekle\u015ftirilmeden \u00f6nce m\u00fchendislik ekibinin projeden ayr\u0131lmas\u0131 veya izne gitmesi s\u0131kl\u0131kla ka\u00e7\u0131n\u0131lmazd\u0131r. Commtech personeli, M\u00fc\u015fteri Son Toplant\u0131 ekibine MEP kurulumlar\u0131n\u0131n n\u00fcanslar\u0131 ile ilgili projelerin t\u00fcm\u00fc i\u00e7in ayr\u0131 ayr\u0131 bilgilendirme yapar. Commtech Group, son toplant\u0131 ekibi \u00e7al\u0131\u015fanlar\u0131na geli\u015fmi\u015f e\u011fitim ve system kurulumlar\u0131na al\u0131\u015fma oturumlar\u0131 d\u00fczenler. Gerekli durumlarda, son toplant\u0131 y\u00f6neticilerinin m\u00fchendislik kurulumlar\u0131na a\u015fina olmalar\u0131n\u0131 ve tam olarak tan\u0131malar\u0131n\u0131 sa\u011flamak i\u00e7in bir s\u00fcre daha sahada kal\u0131rlar.<\/li>\n<\/ul>\n<p>\u00a0<\/p>\n<ul>\n<li>\u00d6\u011frenilen Dersler, Proje De\u011ferlendirmesi: Commtech Group s\u00f6zle\u015fme boyunca hizmetlerin sa\u011flanmas\u0131nda yer alm\u0131\u015fsa ve s\u00fcre\u00e7 ve prosed\u00fcrlerin iyile\u015ftirilmesi i\u00e7in geli\u015fimler gerekiyorsa, \u00fcst y\u00f6netim i\u00e7in bir \u00d6\u011frenilen Dersler raporu haz\u0131rlamak zorunludur (Daima de\u011ferlendirilmesi gereken iyile\u015ftirmeler olur). Commtech Group bir rapor haz\u0131rlar ve proje i\u015fletmeye al\u0131nd\u0131ktan sonra bir \u00f6\u011frenilen dersler semineri d\u00fczenler. Genellikle in\u015faat sonras\u0131nda t\u00fcm proje \u00e7al\u0131\u015fanlar\u0131 farkl\u0131 proje veya sahalara gider veya g\u00f6revlendirilir bu nedenle bu hizmet genellikle \u015firket ilkelerini de\u011fi\u015ftirmeye veya d\u00fczenlemeye yetkili olan \u00e7ok \u00fcst d\u00fczey y\u00f6neticiler i\u00e7in gereklidir.<\/li>\n<\/ul>\n","protected":false},"excerpt":{"rendered":"<h1>PROJE \u0130\u015eLETMEYE ALMA<img loading=\"lazy\" class=\"size-medium wp-image-71 alignleft\" src=\"http:\/\/www.commtechist.com\/wp-content\/uploads\/2016\/03\/commissioning-2-200x300.jpg\" alt=\"commissioning\" width=\"200\" height=\"300\" srcset=\"http:\/\/www.commtechist.com\/wp-content\/uploads\/2016\/03\/commissioning-2-200x300.jpg 200w, http:\/\/www.commtechist.com\/wp-content\/uploads\/2016\/03\/commissioning-2.jpg 225w\" sizes=\"(max-width: 200px) 100vw, 200px\" \/><\/h1>\n<p>Commtech\u2019in Proje \u0130\u015fletmeye alma pro&#8230;<\/p>\n","protected":false},"author":1,"featured_media":0,"parent":0,"menu_order":0,"comment_status":"closed","ping_status":"closed","template":"template-fullwidth.php","meta":{"spay_email":""},"_links":{"self":[{"href":"http:\/\/www.commtechist.com\/tr_TR\/wp-json\/wp\/v2\/pages\/70"}],"collection":[{"href":"http:\/\/www.commtechist.com\/tr_TR\/wp-json\/wp\/v2\/pages"}],"about":[{"href":"http:\/\/www.commtechist.com\/tr_TR\/wp-json\/wp\/v2\/types\/page"}],"author":[{"embeddable":true,"href":"http:\/\/www.commtechist.com\/tr_TR\/wp-json\/wp\/v2\/users\/1"}],"replies":[{"embeddable":true,"href":"http:\/\/www.commtechist.com\/tr_TR\/wp-json\/wp\/v2\/comments?post=70"}],"version-history":[{"count":9,"href":"http:\/\/www.commtechist.com\/tr_TR\/wp-json\/wp\/v2\/pages\/70\/revisions"}],"predecessor-version":[{"id":369,"href":"http:\/\/www.commtechist.com\/tr_TR\/wp-json\/wp\/v2\/pages\/70\/revisions\/369"}],"wp:attachment":[{"href":"http:\/\/www.commtechist.com\/tr_TR\/wp-json\/wp\/v2\/media?parent=70"}],"curies":[{"name":"wp","href":"https:\/\/api.w.org\/{rel}","templated":true}]}}