{"id":63,"date":"2016-03-10T12:04:46","date_gmt":"2016-03-10T10:04:46","guid":{"rendered":"http:\/\/www.commtechist.com\/?page_id=63"},"modified":"2018-08-27T16:26:18","modified_gmt":"2018-08-27T14:26:18","slug":"qaqc-kalite-kontrol","status":"publish","type":"page","link":"http:\/\/www.commtechist.com\/tr_TR\/hizmetlerimiz\/qaqc-kalite-kontrol\/","title":{"rendered":"QA \/ QC Kalite Kontrol"},"content":{"rendered":"<h1><img loading=\"lazy\" class=\"alignright wp-image-65 size-medium\" src=\"http:\/\/www.commtechist.com\/wp-content\/uploads\/2016\/03\/2675730_orig-300x200.jpg\" alt=\"home plans\" width=\"300\" height=\"200\" srcset=\"http:\/\/www.commtechist.com\/wp-content\/uploads\/2016\/03\/2675730_orig-300x200.jpg 300w, http:\/\/www.commtechist.com\/wp-content\/uploads\/2016\/03\/2675730_orig-768x512.jpg 768w, http:\/\/www.commtechist.com\/wp-content\/uploads\/2016\/03\/2675730_orig-750x500.jpg 750w, http:\/\/www.commtechist.com\/wp-content\/uploads\/2016\/03\/2675730_orig.jpg 849w\" sizes=\"(max-width: 300px) 100vw, 300px\" \/><\/h1>\n<h2>QA \/ QC KAL\u0130TE KONTROL \/ KAL\u0130TE G\u00dcVENCES\u0130 \u0130\u015eLETMEYE ALMA H\u0130ZMETLER\u0130<\/h2>\n<p>Kalite Kontrol \/ Kalite G\u00fcvencesi hizmetlerimiz projenizin i\u015fletmeye al\u0131m\u0131, uluslararas\u0131 standartlara uygun olarak d\u00fcnyada CAT olarak da bilinen Commtech Audit Trail (Commtech Denetim Y\u00f6ntemi) ile ger\u00e7ekle\u015ftirilir.<\/p>\n<h2>CAT (COMMTECH DENET\u0130M Y\u00d6NTEM\u0130) S\u0130STEM\u0130<\/h2>\n<p>T\u00fcm projelerde s\u00fcre\u00e7lerin ba\u015far\u0131m\u0131n\u0131n yeterli olabilmesi i\u00e7in\u00a0 sadece tesisatlar\u0131n kurulumu de\u011fil i\u00e7in \u00f6\u011fe ve olaylar\u0131n\u00a0 d\u00fczenleme ve kay\u0131t alt\u0131na al\u0131nmas\u0131 da \u00f6nemlidir. Commtech bu a\u015famadaki geli\u015fmelerin takip edilmesi i\u00e7in CAT (Commtech Audit Trail) ad\u0131 verilen bir denetleme sistemi olu\u015fturmu\u015ftur. Buna g\u00f6re projedeki s\u00fcre\u00e7ler sadece \u0130\u015fletmeye Alma Y\u00f6neticisi \/ Kontrol M\u00fchendisi taraf\u0131ndan de\u011fil ayn\u0131 zamanda ana y\u00fcklenici ve di\u011fer alt y\u00fckleniciler taraf\u0131ndan da izlenir. Bu y\u00f6ntemle \u201cticari y\u00fcklenicilerin\u201d proje a\u015famas\u0131ndaki kat\u0131l\u0131mlar\u0131n\u0131 tam anlamda sa\u011flayarak rapor de\u011ferleri konusunda \u00e7\u0131kabilecek potansiyel anla\u015fmazl\u0131klar\u0131n \u00f6n\u00fcne ge\u00e7ilmesini ba\u015far\u0131r\u0131z. CAT sistemi sadece ticari y\u00fcklenicileri de\u011fil ayn\u0131 zamanda i\u015fletmeye alma s\u00fcrecini de denetim alt\u0131na al\u0131r. Denetim y\u00f6ntemimiz, gereksinimlerin t\u00fcm i\u015ftirak\u00e7i taraflarca anla\u015f\u0131lmas\u0131n\u0131 garanti alt\u0131na al\u0131r ve b\u00f6ylece i\u015fletmeye alma y\u00f6netimi s\u00fcrecinin uygulanmas\u0131n\u0131 daha yumu\u015fak bir yakla\u015f\u0131mla ele al\u0131r. CAT sistemi tesisat \/ sistemler i\u00e7in alt\u0131 a\u015famadan olu\u015fur.<\/p>\n<h3><span style=\"color: #000000; font-family: Calibri;\">CAT 1<\/span><\/h3>\n<p>Planlama incelemesi (i\u015fletmeye al\u0131nabilirlik) ve i\u015fletmeye alma dok\u00fcmanlar\u0131n\u0131n olu\u015fturulmas\u0131. Projede ger\u00e7ekle\u015ftirilecek olan prosed\u00fcr ve s\u00fcre\u00e7leri belirler; denetlemeye tabi tutulacak planlama unsurlar\u0131n\u0131n tam olarak eklendi\u011fini do\u011frular.<\/p>\n<h3><span style=\"color: #000000; font-family: Calibri;\">CAT 2<\/span><\/h3>\n<p>\u00d6n i\u015fletmeye alma \u00e7al\u0131\u015fmas\u0131ndan \u00f6nce statik tamamlanmay\u0131 ba\u015farmak i\u00e7in gereken kriterleri do\u011frular ve imza alt\u0131na al\u0131r.<\/p>\n<h3><span style=\"color: #000000; font-family: Calibri;\">CAT 3<\/span><\/h3>\n<p>\u0130\u015fletmeye alma eylemlerinin ba\u015flamas\u0131ndan \u00f6nce \u00f6n i\u015fletmeye-alma unsurlar\u0131n\u0131n tamamlanmas\u0131n\u0131 sa\u011flayacak kriterleri do\u011frular ve imza alt\u0131na al\u0131r.<\/p>\n<h3><span style=\"color: #000000; font-family: Calibri;\">CAT 4<\/span><\/h3>\n<p>Entegre (Birbirine ba\u011fl\u0131 olan) sistemlerin \u00e7al\u0131\u015ft\u0131r\u0131lmas\u0131ndan \u00f6nce i\u015fletmeye alma aktivitelerinden ve performans testlerinden \u00f6nce t\u00fcm i\u015fletmeye alma unsurlar\u0131n\u0131n ayr\u0131 ayr\u0131 tamamlanabilmesini sa\u011flayacak kriterleri do\u011frular ve imza alt\u0131na al\u0131r.<\/p>\n<h3><span style=\"color: #000000; font-family: Calibri;\">CAT 5<\/span><\/h3>\n<p>Entegre sistemlerin test ve deneme \u00e7al\u0131\u015fmalar\u0131n\u0131, performans testlerini ve \u00e7evresel testleri do\u011frular imza alt\u0131na al\u0131r.<\/p>\n<h3><span style=\"color: #000000; font-family: Calibri;\">CAT 6<\/span><\/h3>\n<p>Projenin resmi kabulunun (PC) ger\u00e7ekle\u015ftirilmesi i\u00e7in gereken final dok\u00fcmantasyonu do\u011frular ve imza al\u0131r.<\/p>\n<h3>SOFT LANDINGS (YUMU\u015eAK \u0130N\u0130\u015e)<\/h3>\n<p>Yumu\u015fak \u0130ni\u015fler, tasar\u0131mc\u0131 ve y\u00fcklenicilerin pratik sonu\u00e7land\u0131rmadan sonra bina i\u00e7inde bulundu\u011fu s\u0131rada yap\u0131lan bir hizmettir. Bu i\u015fletmenin ilk birka\u00e7 ay\u0131nda ve sonras\u0131nda sistemlerin ince ayarlar\u0131n\u0131n yap\u0131labilmesini ve hatalar\u0131n giderilmesini sa\u011flar. Ayr\u0131ca son kullan\u0131c\u0131lar\u0131n binalar\u0131 nas\u0131l kontrol edebileceklerini ve en iyi \u015fekilde nas\u0131l faydalanacaklar\u0131n\u0131 anlamalar\u0131n\u0131 da sa\u011flar. \u0130\u015fletmeye alma sonras\u0131ndaki artbak\u0131mlar g\u00fcn\u00fcm\u00fczde tan\u0131narak bina kurallar\u0131 ve \u00e7evresel standartlar i\u00e7in bir gereksinim haline gelmektedir. Bu bak\u0131mlar (MEP) mekanik, elektriksel ve kamu sa\u011fl\u0131\u011f\u0131 bina hizmetlerinin optimum ko\u015fullarda \u00e7al\u0131\u015fmaya devam edebilmesini garanti alt\u0131na al\u0131r. Uzat\u0131lm\u0131\u015f artbak\u0131m, izleme, performans incelemesi ve geri bildirimler, bina kullan\u0131c\u0131lar\u0131n\u0131n binalardan daha iyi faydalanabilmelerini sa\u011flarken, m\u00fc\u015fterilerin, tasar\u0131mc\u0131lar\u0131n, in\u015faat\u00e7\u0131lar\u0131n ve y\u00f6neticilerin gelecek i\u015fleriyle ilgili daha iyi bir anlay\u0131\u015f edinmelerini de sa\u011flayacakt\u0131r. Yumu\u015fak \u0130ni\u015f s\u00fcreci ger\u00e7ek\u00e7i hedefler belirleyerek ve sorumluluklar\u0131 atayarak bilgilendirme ve uygulama s\u00fcre\u00e7lerinin ba\u015flang\u0131c\u0131nda performansla ilgili fark\u0131ndal\u0131\u011f\u0131 artt\u0131r\u0131r. Daha sonra tasar\u0131m, in\u015faat ve i\u015fletmeye alma ile ba\u015flang\u0131\u00e7taki \u00e7al\u0131\u015ft\u0131rmalar\u0131n y\u00f6netimine yard\u0131mc\u0131 olur. Bu s\u00fcre\u00e7ten \u00f6nceki ve sonraki haftalardaki raporlamalar titizlikle ele al\u0131n\u0131r. \u0130\u015fletmeye alma m\u00fchendisleri olarak pratik tamamlanma tarihinden \u00f6nceki performans\u0131 \u00fcst d\u00fczeye \u00e7\u0131karmak i\u00e7in \u00e7e\u015fitli uygulamalar\u0131m\u0131z olacakt\u0131r. Ancak, bina hizmetlerine ait s\u00fcregelen \u201cince ayar\u201d hizmetleri optimum performans ve do\u011fru \u00e7evresel ko\u015fullar\u0131 sa\u011flamak i\u00e7in bir gerekliliktir.<\/p>\n<h2>PROJEN\u0130N TAMAMLANMASI<\/h2>\n<p>Baz\u0131 durumlarda projeler beklendi\u011fi performans\u0131 sa\u011flamayabilirler. Bu durumlarda kontrol sa\u011flamak ve planlanan sonu\u00e7lar\u0131 elde edebilmek i\u00e7in projeye yeni bir hizmet eklenerek projenin yoluna sokulmas\u0131 gerekebilir. Commtech Proje Sonu\u00e7land\u0131rma ekibi b\u00f6lgeye gelir ve projenin kritik noktalar\u0131n\u0131, y\u00f6netimsel ama\u00e7lar\u0131 ve programlar\u0131 h\u0131zl\u0131 bir \u015fekilde anlayarak projenizi tekrar yoluna sokmak i\u00e7in gerekenleri tespit eder. Daha sonra bu uygulamalar\u0131 yerinde ger\u00e7ekle\u015ftirir ve t\u00fcm payda\u015flar taraf\u0131ndan \u00f6nemsenecek \u015fekilde bir ileti\u015fimle y\u00fcr\u00fct\u00fcr.<\/p>\n","protected":false},"excerpt":{"rendered":"<h1><img loading=\"lazy\" class=\"alignright wp-image-65 size-medium\" src=\"http:\/\/www.commtechist.com\/wp-content\/uploads\/2016\/03\/2675730_orig-300x200.jpg\" alt=\"home plans\" width=\"300\" height=\"200\" srcset=\"http:\/\/www.commtechist.com\/wp-content\/uploads\/2016\/03\/2675730_orig-300x200.jpg 300w, http:\/\/www.commtechist.com\/wp-content\/uploads\/2016\/03\/2675730_orig-768x512.jpg 768w, http:\/\/www.commtechist.com\/wp-content\/uploads\/2016\/03\/2675730_orig-750x500.jpg 750w, http:\/\/www.commtechist.com\/wp-content\/uploads\/2016\/03\/2675730_orig.jpg 849w\" sizes=\"(max-width: 300px) 100vw, 300px\" \/><\/h1>\n<h2>QA \/ QC KAL\u0130TE KONTROL \/ KAL\u0130TE G\u00dcVENCES\u0130 \u0130\u015eLETMEYE ALMA H&#8230;<\/p>\n","protected":false},"author":1,"featured_media":0,"parent":33,"menu_order":0,"comment_status":"closed","ping_status":"closed","template":"template-fullwidth.php","meta":{"spay_email":""},"_links":{"self":[{"href":"http:\/\/www.commtechist.com\/tr_TR\/wp-json\/wp\/v2\/pages\/63"}],"collection":[{"href":"http:\/\/www.commtechist.com\/tr_TR\/wp-json\/wp\/v2\/pages"}],"about":[{"href":"http:\/\/www.commtechist.com\/tr_TR\/wp-json\/wp\/v2\/types\/page"}],"author":[{"embeddable":true,"href":"http:\/\/www.commtechist.com\/tr_TR\/wp-json\/wp\/v2\/users\/1"}],"replies":[{"embeddable":true,"href":"http:\/\/www.commtechist.com\/tr_TR\/wp-json\/wp\/v2\/comments?post=63"}],"version-history":[{"count":11,"href":"http:\/\/www.commtechist.com\/tr_TR\/wp-json\/wp\/v2\/pages\/63\/revisions"}],"predecessor-version":[{"id":303,"href":"http:\/\/www.commtechist.com\/tr_TR\/wp-json\/wp\/v2\/pages\/63\/revisions\/303"}],"up":[{"embeddable":true,"href":"http:\/\/www.commtechist.com\/tr_TR\/wp-json\/wp\/v2\/pages\/33"}],"wp:attachment":[{"href":"http:\/\/www.commtechist.com\/tr_TR\/wp-json\/wp\/v2\/media?parent=63"}],"curies":[{"name":"wp","href":"https:\/\/api.w.org\/{rel}","templated":true}]}}