{"id":616,"date":"2020-04-13T16:05:55","date_gmt":"2020-04-13T14:05:55","guid":{"rendered":"http:\/\/commtechist.com\/?page_id=616"},"modified":"2020-04-13T16:05:55","modified_gmt":"2020-04-13T14:05:55","slug":"newsroom","status":"publish","type":"page","link":"http:\/\/www.commtechist.com\/tr_TR\/newsroom\/","title":{"rendered":"Haberler"},"content":{"rendered":"<p>\u0130\u015f Sa\u011fl\u0131\u011f\u0131 ve G\u00fcvenli\u011fi konusunda en g\u00fcncel ve g\u00fcvenilir duyuru ve haberlerimizi takip edin.<\/p>\n","protected":false},"excerpt":{"rendered":"<p>\u0130\u015f Sa\u011fl\u0131\u011f\u0131 ve G\u00fcvenli\u011fi konusunda en g\u00fcncel ve g\u00fcvenilir duyuru ve haberlerimizi takip edin.<\/p>\n<p>&#8230;<\/p>\n","protected":false},"author":1,"featured_media":0,"parent":0,"menu_order":0,"comment_status":"closed","ping_status":"closed","template":"","meta":{"spay_email":""},"_links":{"self":[{"href":"http:\/\/www.commtechist.com\/tr_TR\/wp-json\/wp\/v2\/pages\/616"}],"collection":[{"href":"http:\/\/www.commtechist.com\/tr_TR\/wp-json\/wp\/v2\/pages"}],"about":[{"href":"http:\/\/www.commtechist.com\/tr_TR\/wp-json\/wp\/v2\/types\/page"}],"author":[{"embeddable":true,"href":"http:\/\/www.commtechist.com\/tr_TR\/wp-json\/wp\/v2\/users\/1"}],"replies":[{"embeddable":true,"href":"http:\/\/www.commtechist.com\/tr_TR\/wp-json\/wp\/v2\/comments?post=616"}],"version-history":[{"count":2,"href":"http:\/\/www.commtechist.com\/tr_TR\/wp-json\/wp\/v2\/pages\/616\/revisions"}],"predecessor-version":[{"id":618,"href":"http:\/\/www.commtechist.com\/tr_TR\/wp-json\/wp\/v2\/pages\/616\/revisions\/618"}],"wp:attachment":[{"href":"http:\/\/www.commtechist.com\/tr_TR\/wp-json\/wp\/v2\/media?parent=616"}],"curies":[{"name":"wp","href":"https:\/\/api.w.org\/{rel}","templated":true}]}}