{"id":610,"date":"2020-02-25T08:47:12","date_gmt":"2020-02-25T06:47:12","guid":{"rendered":"http:\/\/commtechist.com\/?page_id=610"},"modified":"2020-02-25T08:49:48","modified_gmt":"2020-02-25T06:49:48","slug":"hava-is-yapi-kooperatifi","status":"publish","type":"page","link":"http:\/\/www.commtechist.com\/tr_TR\/ornek-projeler\/hava-is-yapi-kooperatifi\/","title":{"rendered":"HAVA \u0130\u015e YAPI KOOPERAT\u0130F\u0130"},"content":{"rendered":"<p><a href=\"http:\/\/commtechist.com\/wp-content\/uploads\/2020\/02\/Hava-\u0130\u015f-Resim.png\"><img loading=\"lazy\" class=\"alignnone size-medium wp-image-611\" src=\"http:\/\/commtechist.com\/wp-content\/uploads\/2020\/02\/Hava-\u0130\u015f-Resim-300x169.png\" alt=\"\" width=\"300\" height=\"169\" srcset=\"http:\/\/www.commtechist.com\/wp-content\/uploads\/2020\/02\/Hava-\u0130\u015f-Resim-300x169.png 300w, http:\/\/www.commtechist.com\/wp-content\/uploads\/2020\/02\/Hava-\u0130\u015f-Resim.png 512w\" sizes=\"(max-width: 300px) 100vw, 300px\" \/><\/a><\/p>\n<p>T\u00fcrkiye\u2019nin ve \u0130stanbul\u2019un en prestijli ve g\u00fc\u00e7l\u00fc kooperatiflerin biri olan Hava \u0130\u015f Yap\u0131 Kooperatifi\u2019nin 570 konuttan olu\u015fan, \u0130stanbul Arnavutk\u00f6y\u2019de yeni havaliman\u0131na sadece 15 dakika mesafede yap\u0131m\u0131na devam etti\u011fi in\u015faatlar\u0131na ait t\u00fcm in\u015fai ve elektromekanik kontroll\u00fck, m\u00fc\u015favirlik, ile i\u015f sa\u011fl\u0131\u011f\u0131 ve g\u00fcvenli\u011fi hizmetlerini profesyonel m\u00fchendislik tecr\u00fcbesi ile Commtech \u0130stanbul ger\u00e7ekle\u015ftirmektedir. T\u00fcm \u00fcyelerine kalite, ergonomi, emniyet ve memnuniyet garantisini ilke edinen Hava \u0130\u015f Yap\u0131 Kooperatifi yakla\u015f\u0131k 30.000 m2 \u00fczerine kuraca\u011f\u0131 kompleksi t\u00fcm dinamikleri ile belli bir strateji ve plan \u00e7er\u00e7evesinde y\u00fcr\u00fctmeye \u00f6nem vermektedir. Commtech \u0130stanbul bu \u00e7er\u00e7evede koordineli ve profesyonel bir bi\u00e7imde \u00e7al\u0131\u015fmalar\u0131n\u0131 s\u00fcrd\u00fcrmekte ve bu disiplinde gereken t\u00fcm aksiyonlar\u0131n\u0131 almaktad\u0131r.<\/p>\n","protected":false},"excerpt":{"rendered":"<p><a href=\"http:\/\/commtechist.com\/wp-content\/uploads\/2020\/02\/Hava-\u0130\u015f-Resim.png\"><img loading=\"lazy\" class=\"alignnone size-medium wp-image-611\" src=\"http:\/\/commtechist.com\/wp-content\/uploads\/2020\/02\/Hava-\u0130\u015f-Resim-300x169.png\" alt=\"\" width=\"300\" height=\"169\" srcset=\"http:\/\/www.commtechist.com\/wp-content\/uploads\/2020\/02\/Hava-\u0130\u015f-Resim-300x169.png 300w, http:\/\/www.commtechist.com\/wp-content\/uploads\/2020\/02\/Hava-\u0130\u015f-Resim.png 512w\" sizes=\"(max-width: 300px) 100vw, 300px\" \/><\/a><\/p>\n<p>&#8230;<\/p>\n","protected":false},"author":1,"featured_media":0,"parent":77,"menu_order":0,"comment_status":"closed","ping_status":"closed","template":"","meta":{"spay_email":""},"_links":{"self":[{"href":"http:\/\/www.commtechist.com\/tr_TR\/wp-json\/wp\/v2\/pages\/610"}],"collection":[{"href":"http:\/\/www.commtechist.com\/tr_TR\/wp-json\/wp\/v2\/pages"}],"about":[{"href":"http:\/\/www.commtechist.com\/tr_TR\/wp-json\/wp\/v2\/types\/page"}],"author":[{"embeddable":true,"href":"http:\/\/www.commtechist.com\/tr_TR\/wp-json\/wp\/v2\/users\/1"}],"replies":[{"embeddable":true,"href":"http:\/\/www.commtechist.com\/tr_TR\/wp-json\/wp\/v2\/comments?post=610"}],"version-history":[{"count":2,"href":"http:\/\/www.commtechist.com\/tr_TR\/wp-json\/wp\/v2\/pages\/610\/revisions"}],"predecessor-version":[{"id":614,"href":"http:\/\/www.commtechist.com\/tr_TR\/wp-json\/wp\/v2\/pages\/610\/revisions\/614"}],"up":[{"embeddable":true,"href":"http:\/\/www.commtechist.com\/tr_TR\/wp-json\/wp\/v2\/pages\/77"}],"wp:attachment":[{"href":"http:\/\/www.commtechist.com\/tr_TR\/wp-json\/wp\/v2\/media?parent=610"}],"curies":[{"name":"wp","href":"https:\/\/api.w.org\/{rel}","templated":true}]}}