{"id":574,"date":"2019-04-09T17:31:37","date_gmt":"2019-04-09T15:31:37","guid":{"rendered":"http:\/\/www.commtechist.com\/?page_id=574"},"modified":"2019-04-18T17:23:37","modified_gmt":"2019-04-18T15:23:37","slug":"yangin-danismanligi","status":"publish","type":"page","link":"http:\/\/www.commtechist.com\/tr_TR\/hizmetlerimiz\/yangin-danismanligi\/","title":{"rendered":"Yang\u0131n Dan\u0131\u015fmanl\u0131\u011f\u0131"},"content":{"rendered":"<p><a href=\"http:\/\/www.commtechist.com\/wp-content\/uploads\/2019\/04\/5536841_orig.jpg\" rel=\"attachment wp-att-584\"><img loading=\"lazy\" class=\"size-full wp-image-584 alignnone\" src=\"http:\/\/www.commtechist.com\/wp-content\/uploads\/2019\/04\/5536841_orig.jpg\" alt=\"5536841_orig\" width=\"800\" height=\"465\" srcset=\"http:\/\/www.commtechist.com\/wp-content\/uploads\/2019\/04\/5536841_orig.jpg 800w, http:\/\/www.commtechist.com\/wp-content\/uploads\/2019\/04\/5536841_orig-300x174.jpg 300w, http:\/\/www.commtechist.com\/wp-content\/uploads\/2019\/04\/5536841_orig-768x446.jpg 768w\" sizes=\"(max-width: 800px) 100vw, 800px\" \/><\/a><\/p>\n<p>Commtech \u0130stanbul hem yurt i\u00e7i hem de yurt d\u0131\u015f\u0131nda bina g\u00fcvenli\u011finin ayr\u0131lmaz bir par\u00e7as\u0131 olan yang\u0131n m\u00fchendisli\u011fi anlam\u0131nda konusunda, uzman m\u00fchendislerimizin in\u015fai, mekanik ve elektrik olmak \u00fczere t\u00fcm disiplin ve senaryolar\u0131 bir araya getirerek haz\u0131rlad\u0131\u011f\u0131 \u00e7al\u0131\u015fmalar\u0131 \u00fcst seviye kalitede m\u00fc\u015fterilerine sunmaktad\u0131r.\u00a0 Haz\u0131rlanan analiz ve tetkik raporlar\u0131 Commtech&#8217;in g\u00fcn\u00fcm\u00fcze kadar gelen bilgi ve tecr\u00fcbelerinin bir sonucu olarak ortaya \u00e7\u0131kmakta ve ileri seviyede \u00f6ng\u00f6r\u00fc ve g\u00f6zlemleri ile sunulmaktad\u0131r. Hi\u00e7bir detay ve unsuru atlamadan standartlar\u0131n da \u00f6tesi d\u00fc\u015f\u00fcn\u00fclerek haz\u0131rlanan \u00e7al\u0131\u015fmalar\u0131nda kodlar\u0131, standartlar\u0131, yang\u0131n m\u00fchendisli\u011fi ve can g\u00fcvenli\u011fi metodolojilerini hem yeni hem de mevcut binalar i\u00e7in b\u00fct\u00fcnc\u00fcl bir bak\u0131\u015f a\u00e7\u0131s\u0131yla yorumlar ve uygular. Ayn\u0131 zamanda ilgili s\u00fcrd\u00fcr\u00fclebilirlik, ekonomik ve d\u00fczenleyici hususlar da atlanmamaktad\u0131r.<\/p>\n<p>Bina ve Yang\u0131n Kodu Dan\u0131\u015fmanl\u0131\u011f\u0131<\/p>\n<ul>\n<li>Yang\u0131n Ya\u011fmurlama Sistemi Tasar\u0131m\u0131<\/li>\n<li>Can G\u00fcvenli\u011fi Dan\u0131\u015fmanl\u0131\u011f\u0131<\/li>\n<li>Yang\u0131n Alarm\u0131 Tasar\u0131m\u0131<\/li>\n<li>Tehlikeli Madde Analizi<\/li>\n<li>Toplu Bildirim Tasar\u0131m\u0131<\/li>\n<li>Eri\u015filebilirlik Dan\u0131\u015fmanl\u0131\u011f\u0131<\/li>\n<li>Yang\u0131n ve \u00c7\u0131k\u0131\u015f Modellemesi<\/li>\n<\/ul>\n","protected":false},"excerpt":{"rendered":"<p><a href=\"http:\/\/www.commtechist.com\/wp-content\/uploads\/2019\/04\/5536841_orig.jpg\" rel=\"attachment wp-att-584\"><img loading=\"lazy\" width=\"800\" height=\"465\" class=\"size-full wp-image-584 alignnone\" src=\"http:\/\/www.commtechist.com\/wp-content\/uploads\/2019\/04\/5536841_orig.jpg\" alt=\"5536841_or...\n<\/p srcset=\"http:\/\/www.commtechist.com\/wp-content\/uploads\/2019\/04\/5536841_orig.jpg 800w, http:\/\/www.commtechist.com\/wp-content\/uploads\/2019\/04\/5536841_orig-300x174.jpg 300w, http:\/\/www.commtechist.com\/wp-content\/uploads\/2019\/04\/5536841_orig-768x446.jpg 768w\" sizes=\"(max-width: 800px) 100vw, 800px\" \/>\n","protected":false},"author":1,"featured_media":0,"parent":33,"menu_order":0,"comment_status":"closed","ping_status":"closed","template":"template-fullwidth.php","meta":{"spay_email":""},"_links":{"self":[{"href":"http:\/\/www.commtechist.com\/tr_TR\/wp-json\/wp\/v2\/pages\/574"}],"collection":[{"href":"http:\/\/www.commtechist.com\/tr_TR\/wp-json\/wp\/v2\/pages"}],"about":[{"href":"http:\/\/www.commtechist.com\/tr_TR\/wp-json\/wp\/v2\/types\/page"}],"author":[{"embeddable":true,"href":"http:\/\/www.commtechist.com\/tr_TR\/wp-json\/wp\/v2\/users\/1"}],"replies":[{"embeddable":true,"href":"http:\/\/www.commtechist.com\/tr_TR\/wp-json\/wp\/v2\/comments?post=574"}],"version-history":[{"count":11,"href":"http:\/\/www.commtechist.com\/tr_TR\/wp-json\/wp\/v2\/pages\/574\/revisions"}],"predecessor-version":[{"id":590,"href":"http:\/\/www.commtechist.com\/tr_TR\/wp-json\/wp\/v2\/pages\/574\/revisions\/590"}],"up":[{"embeddable":true,"href":"http:\/\/www.commtechist.com\/tr_TR\/wp-json\/wp\/v2\/pages\/33"}],"wp:attachment":[{"href":"http:\/\/www.commtechist.com\/tr_TR\/wp-json\/wp\/v2\/media?parent=574"}],"curies":[{"name":"wp","href":"https:\/\/api.w.org\/{rel}","templated":true}]}}