{"id":54,"date":"2016-03-08T12:32:12","date_gmt":"2016-03-08T10:32:12","guid":{"rendered":"http:\/\/www.commtechist.com\/?page_id=54"},"modified":"2018-08-27T16:26:17","modified_gmt":"2018-08-27T14:26:17","slug":"hvac-isletmeye-alma","status":"publish","type":"page","link":"http:\/\/www.commtechist.com\/tr_TR\/hizmetlerimiz\/hvac-isletmeye-alma\/","title":{"rendered":"HVAC \u0130\u015fletmeye Alma"},"content":{"rendered":"<p><img loading=\"lazy\" class=\" wp-image-56 alignright\" src=\"http:\/\/www.commtechist.com\/wp-content\/uploads\/2016\/03\/hvac-1024x768.jpg\" alt=\"hvac\" width=\"515\" height=\"386\" srcset=\"http:\/\/www.commtechist.com\/wp-content\/uploads\/2016\/03\/hvac-1024x768.jpg 1024w, http:\/\/www.commtechist.com\/wp-content\/uploads\/2016\/03\/hvac-300x225.jpg 300w, http:\/\/www.commtechist.com\/wp-content\/uploads\/2016\/03\/hvac-768x576.jpg 768w, http:\/\/www.commtechist.com\/wp-content\/uploads\/2016\/03\/hvac-285x214.jpg 285w, http:\/\/www.commtechist.com\/wp-content\/uploads\/2016\/03\/hvac.jpg 1600w\" sizes=\"(max-width: 515px) 100vw, 515px\" \/>Commtech HVAC (Is\u0131tma So\u011futma Havaland\u0131rma) i\u015fletmeye alma m\u00fchendisleri hava ve su sistemlerinin i\u015fletmeye al\u0131m\u0131 ve ortant\u0131l\u0131 bir \u015fekilde dengelenmesi konusunda uzmanla\u015fm\u0131\u015ft\u0131r. Sistemlerin planlanan \u00f6l\u00e7\u00fcmlere g\u00f6re toleranslar\u0131 a\u015fmadan \u00e7al\u0131\u015fmas\u0131n\u0131 sa\u011flar\u0131z.<\/p>\n<p>T\u00fcm \u00f6l\u00e7\u00fcmler Commtech\u2019in test raporlar\u0131nda belgelendirilir. Bu raporlamada sistemlerin nas\u0131l i\u015fletmeye al\u0131nd\u0131\u011f\u0131 ve eksikliklerin \u00e7\u00f6\u00fcm\u00fc i\u00e7in neler yap\u0131lmas\u0131 gerekti\u011fi de bulunur. T\u00fcm i\u015fletmeye alma faaliyetleri CIBSE y\u00f6nergelerine ve BSRIA uygulama k\u0131lavuzuna g\u00f6re yap\u0131l\u0131r. Projeye \u00f6zg\u00fc gereksinimler ve end\u00fcstriye \u00f6zel genel uygulamalar i\u015fletmeye alma \u00e7al\u0131\u015fmas\u0131nda g\u00f6z \u00f6n\u00fcnde bulundurulur.<\/p>\n<ul>\n<li>Hava sistemlerinin \u00f6l\u00e7\u00fcm\u00fc ve dengelenmesi<\/li>\n<li>Su sistemlerinin \u00f6l\u00e7\u00fcm\u00fc ve dengelenmesi<\/li>\n<li>T\u00fcm HVAC te\u00e7hizatlar\u0131n\u0131n performans testleri<\/li>\n<li>Kalibrasyon sertifikal\u0131 test ara\u00e7lar\u0131 kullan\u0131l\u0131r<\/li>\n<li>ihtiyaca g\u00f6re<\/li>\n<li>Ses d\u00fczeylerinin \u00f6l\u00e7\u00fclmesi<\/li>\n<li>\u00c7evre testi (s\u0131cakl\u0131k ve nem \u00f6l\u00e7\u00fcmleri)<\/li>\n<li>Test raporlar\u0131n\u0131n ve sonu\u00e7 demonstrasyonlar\u0131n\u0131n haz\u0131rlanmas\u0131<\/li>\n<\/ul>\n<div><\/div>\n<blockquote>\n<div>T\u00fcm sonu\u00e7lar destekleyici foto\u011fraflar i\u00e7eren tam detayl\u0131 bir elektronik rapor olarak sunulur<\/div>\n<div><img loading=\"lazy\" class=\"size-full wp-image-55 aligncenter\" src=\"http:\/\/www.commtechist.com\/wp-content\/uploads\/2016\/03\/report.jpg\" alt=\"report\" width=\"193\" height=\"273\" \/><\/div>\n<\/blockquote>\n","protected":false},"excerpt":{"rendered":"<p><img loading=\"lazy\" class=\" wp-image-56 alignright\" src=\"http:\/\/www.commtechist.com\/wp-content\/uploads\/2016\/03\/hvac-1024x768.jpg\" alt=\"hvac\" width=\"515\" height=\"386\" srcset=\"http:\/\/www.commtechist.com\/wp-content\/uploads\/2016\/03\/hvac-1024x768.jpg 1024w, http:\/\/www.commtechist.com\/wp-content\/uploads\/2016\/03\/hvac-300x225.jpg 300w, http:\/\/www.commtechist.com\/wp-content\/uploads\/2016\/03\/hvac-768x576.jpg 768w, http:\/\/www.commtechist.com\/wp-content\/uploads\/2016\/03\/hvac-285x214.jpg 285w, http:\/\/www.commtechist.com\/wp-content\/uploads\/2016\/03\/hvac.jpg 1600w\" sizes=\"(max-width: 515px) 100vw, 515px\" \/>Commtech HVAC (Is\u0131tma So\u011futma Havaland\u0131rma) i\u015fletmeye alma m\u00fchendisleri hava ve su sistemlerinin &#8230;<\/p>\n","protected":false},"author":1,"featured_media":0,"parent":33,"menu_order":0,"comment_status":"closed","ping_status":"closed","template":"template-fullwidth.php","meta":{"spay_email":""},"_links":{"self":[{"href":"http:\/\/www.commtechist.com\/tr_TR\/wp-json\/wp\/v2\/pages\/54"}],"collection":[{"href":"http:\/\/www.commtechist.com\/tr_TR\/wp-json\/wp\/v2\/pages"}],"about":[{"href":"http:\/\/www.commtechist.com\/tr_TR\/wp-json\/wp\/v2\/types\/page"}],"author":[{"embeddable":true,"href":"http:\/\/www.commtechist.com\/tr_TR\/wp-json\/wp\/v2\/users\/1"}],"replies":[{"embeddable":true,"href":"http:\/\/www.commtechist.com\/tr_TR\/wp-json\/wp\/v2\/comments?post=54"}],"version-history":[{"count":4,"href":"http:\/\/www.commtechist.com\/tr_TR\/wp-json\/wp\/v2\/pages\/54\/revisions"}],"predecessor-version":[{"id":206,"href":"http:\/\/www.commtechist.com\/tr_TR\/wp-json\/wp\/v2\/pages\/54\/revisions\/206"}],"up":[{"embeddable":true,"href":"http:\/\/www.commtechist.com\/tr_TR\/wp-json\/wp\/v2\/pages\/33"}],"wp:attachment":[{"href":"http:\/\/www.commtechist.com\/tr_TR\/wp-json\/wp\/v2\/media?parent=54"}],"curies":[{"name":"wp","href":"https:\/\/api.w.org\/{rel}","templated":true}]}}