{"id":502,"date":"2018-11-05T15:35:25","date_gmt":"2018-11-05T13:35:25","guid":{"rendered":"http:\/\/www.commtechist.com\/?page_id=502"},"modified":"2018-11-05T15:35:25","modified_gmt":"2018-11-05T13:35:25","slug":"egitimler","status":"publish","type":"page","link":"http:\/\/www.commtechist.com\/tr_TR\/egitimler\/","title":{"rendered":"E\u011fitimler"},"content":{"rendered":"<p>E\u011fitimlerimizin i\u00e7eri\u011fi ve \u00f6n kay\u0131t formlar\u0131 web sayfalar\u0131m\u0131zdaki E\u011fitimler men\u00fcs\u00fcn\u00fcn alt men\u00fcs\u00fcnde ve \u0130stanbul \u00dcniversitesinin ilgili sayfalar\u0131nda duyurulacakt\u0131r.<\/p>\n<p>&nbsp;<\/p>\n<p>&nbsp;<\/p>\n","protected":false},"excerpt":{"rendered":"<p>E\u011fitimlerimizin i\u00e7eri\u011fi ve \u00f6n kay\u0131t formlar\u0131 web sayfalar\u0131m\u0131zdaki E\u011fitimler men\u00fcs\u00fcn\u00fcn alt men\u00fcs\u00fcnde ve \u0130stanbul \u00dcniversitesinin ilgili sayfalar\u0131nda duyurulacakt\u0131r.<\/p>\n<p>&nbsp;<\/p>\n<p>&nbsp;&#8230;<\/p>\n","protected":false},"author":1,"featured_media":0,"parent":0,"menu_order":0,"comment_status":"closed","ping_status":"closed","template":"template-fullwidth.php","meta":{"spay_email":""},"_links":{"self":[{"href":"http:\/\/www.commtechist.com\/tr_TR\/wp-json\/wp\/v2\/pages\/502"}],"collection":[{"href":"http:\/\/www.commtechist.com\/tr_TR\/wp-json\/wp\/v2\/pages"}],"about":[{"href":"http:\/\/www.commtechist.com\/tr_TR\/wp-json\/wp\/v2\/types\/page"}],"author":[{"embeddable":true,"href":"http:\/\/www.commtechist.com\/tr_TR\/wp-json\/wp\/v2\/users\/1"}],"replies":[{"embeddable":true,"href":"http:\/\/www.commtechist.com\/tr_TR\/wp-json\/wp\/v2\/comments?post=502"}],"version-history":[{"count":2,"href":"http:\/\/www.commtechist.com\/tr_TR\/wp-json\/wp\/v2\/pages\/502\/revisions"}],"predecessor-version":[{"id":524,"href":"http:\/\/www.commtechist.com\/tr_TR\/wp-json\/wp\/v2\/pages\/502\/revisions\/524"}],"wp:attachment":[{"href":"http:\/\/www.commtechist.com\/tr_TR\/wp-json\/wp\/v2\/media?parent=502"}],"curies":[{"name":"wp","href":"https:\/\/api.w.org\/{rel}","templated":true}]}}