{"id":491,"date":"2018-11-05T15:22:58","date_gmt":"2018-11-05T13:22:58","guid":{"rendered":"http:\/\/www.commtechist.com\/?page_id=491"},"modified":"2018-12-18T14:34:21","modified_gmt":"2018-12-18T12:34:21","slug":"ozel-okullarda-yoneticilik-sertifika-programi","status":"publish","type":"page","link":"http:\/\/www.commtechist.com\/tr_TR\/ozel-okullarda-yoneticilik-sertifika-programi\/","title":{"rendered":"\u00d6zel Okul Y\u00f6neticili\u011fi Sertifika Program\u0131"},"content":{"rendered":"<p>&nbsp;<\/p>\n<p><strong><u>\u00d6ZEL OKUL Y\u00d6NET\u0130C\u0130L\u0130K E\u011e\u0130T\u0130M\u0130 SERT\u0130F\u0130KA PROGRAMI<\/u><\/strong><\/p>\n<p><strong><u>1. \u00d6N KAYIT:<\/u><\/strong> \u0130stanbul \u00dcniversitesi SEM\u2019in haz\u0131rlam\u0131\u015f oldu\u011fu taslak kullan\u0131lacakt\u0131r.<\/p>\n<p>&nbsp;<\/p>\n<p><strong><u>2. E\u011e\u0130T\u0130M\u0130N TANIMI: <\/u><\/strong>\u00d6zel Okul Y\u00f6netimi metodolojisinin, \u00d6zel Okul Y\u00f6netim yakla\u015f\u0131m\u0131n\u0131n, bilgi alanlar\u0131 ve s\u00fcre\u00e7lerinin detayl\u0131 olarak irdelendi\u011fi bir programd\u0131r. Kat\u0131l\u0131mc\u0131lar e\u011fitim program\u0131 i\u00e7eri\u011findeki derslerde edindikleri becerileri y\u00f6netim, planlama, uygulama, kontrol ve performans s\u00fcre\u00e7lerinde kullanarak ve \u00f6rnekler uygulayarak, sertifika e\u011fitimini tamamlayacaklard\u0131r.<\/p>\n<p>&nbsp;<\/p>\n<p><strong><u>3. DERS PROGRAMI:<\/u><\/strong> 22\/12\/2018 &#8211; 06\/01\/2019 tarihleri aras\u0131ndaki Cumartesi ve Pazar g\u00fcnleri 6 saatlik ders olarak yap\u0131lacakt\u0131r.<\/p>\n<p>&nbsp;<\/p>\n<p><strong><u>4. E\u011e\u0130T\u0130M TAR\u0130HLER\u0130:<\/u><\/strong> Her grupta Kontenjan 30 Ki\u015fi ile s\u0131n\u0131rl\u0131d\u0131r.<\/p>\n<p>&nbsp;<\/p>\n<p><strong><u>5. E\u011e\u0130T\u0130M YER\u0130:<\/u><\/strong> \u0130STANBUL \u00dcN\u0130VERS\u0130TES\u0130 \/ BEYAZIT KAMP\u00dcS\u00dc<\/p>\n<p>&nbsp;<\/p>\n<p><strong><u>6. E\u011e\u0130T\u0130M \u00dcCRET\u0130:<\/u><\/strong>Orta d\u00fczey y\u00f6netici e\u011fitimleri i\u00e7in kat\u0131l\u0131m bedeli\u00a0<strong><em>2000TL+KDV<\/em><\/strong>\u00a0(%18) dir. \u00dcst d\u00fczey y\u00f6netici e\u011fitimleri i\u00e7in kat\u0131l\u0131m bedeli\u00a0<strong><em>3000TL+KDV <\/em><\/strong>(%18) dir. Kat\u0131l\u0131mc\u0131lar kay\u0131t i\u00e7in a\u015fa\u011f\u0131daki hesap numaras\u0131na \u00f6deme yapabilir.<\/p>\n<p>T.C Vak\u0131fbank IBAN= TR97 0001 5001 5800 7305 6407 87<\/p>\n<p>&nbsp;<\/p>\n<p><b><u>7. E\u011e\u0130TMEN KADROSU:<\/u><\/b> \u0130stanbul \u00dcniversitesi \u00d6\u011fretim Kadrosu ve Sekt\u00f6r Uzmanlar\u0131 taraf\u0131ndan e\u011fitim verilecektir.<\/p>\n<p>&nbsp;<\/p>\n<p><strong><u>8. VER\u0130LECEK BELGE ve \/ veya SERT\u0130F\u0130KA ADI:<\/u><\/strong><\/p>\n<p>E\u011fitim sonunda e\u011fitimi tamalayan kat\u0131l\u0131mc\u0131lara \u201c\u00dcst D\u00fczey Y\u00f6netici E\u011fitimi\u201d veya \u201cOrta D\u00fczey Y\u00f6netici E\u011fitimi\u201d ni tamamlad\u0131klar\u0131na dair kat\u0131l\u0131m belgesi verilecek olup E\u011fitim sonunda yap\u0131lacak s\u0131navda ba\u015far\u0131l\u0131 olundu\u011fu takdirde \u201c\u00d6ZEL OKUL Y\u00d6NET\u0130C\u0130L\u0130K\u201d sertifikas\u0131na sahip olacakt\u0131r.<\/p>\n<p>&nbsp;<\/p>\n<p><strong><u>9. K\u0130MLER KATILAB\u0130L\u0130R:<\/u><\/strong><\/p>\n<p>\u00d6zel Okul \u00d6\u011fretmenleri, Y\u00f6netici Adaylar\u0131, M\u00fcd\u00fcr Yard\u0131mc\u0131lar\u0131, M\u00fcd\u00fcrler, B\u00f6l\u00fcm \u2013 Z\u00fcmre Ba\u015fkanlar\u0131, Genel M\u00fcd\u00fcr Yard\u0131mc\u0131lar\u0131, Genel M\u00fcd\u00fcrler, CEO\u2019lar, Kurucular, Kurucu Temsilcileri, Akademik Koordinat\u00f6rler \u2013 Direkt\u00f6rler, Halkla \u0130li\u015fkiler \u2013 Kay\u0131t Kabul Y\u00f6neticileri, Kurumsal \u0130leti\u015fim Y\u00f6neticileri, Kurumsal Geli\u015fim Y\u00f6neticileri, Marka \u2013 Franchise Y\u00f6neticileri, Operasyonel Birimler Y\u00f6neticileri, \u0130nsan Kaynaklar\u0131 Y\u00f6neticileri, Mali \u0130\u015fler \u2013 Finans Y\u00f6neticileri, Tedarik \u2013 Sat\u0131n Alma Y\u00f6neticileri, CFO\u2019lar, Sekt\u00f6r payda\u015flar\u0131 kurucu ve y\u00f6neticileri<\/p>\n<p>&nbsp;<\/p>\n<p><strong><u>10 KAYIT KABUL VE B\u0130LG\u0130 \u0130\u00c7\u0130N YETK\u0130L\u0130 \u0130LET\u0130\u015e\u0130M B\u0130LG\u0130LER\u0130: <\/u><\/strong><\/p>\n<p>Hakan Ba\u015f<br \/>\nE-posta:<a href=\"mailto:akademi@commtechist.com\">akademi@commtechist.com<br \/>\n<\/a>Tel: 0506 273 62 16<\/p>\n","protected":false},"excerpt":{"rendered":"<p>&nbsp;<\/p>\n<p><strong><u>\u00d6ZEL OKUL Y\u00d6NET\u0130C\u0130L\u0130K E\u011e\u0130T\u0130M\u0130 SERT\u0130F\u0130KA PROGRAMI<\/u><\/strong><\/p>\n<p><strong><u>1. \u00d6N KAYIT:<\/u><\/strong> \u0130stanbul \u00dcniversitesi SEM\u2019in haz\u0131rlam\u0131\u015f oldu\u011fu taslak kullan\u0131lacakt\u0131r.<\/p>\n<p>&nbsp;<\/p>\n<p><strong><u>2. E\u011e\u0130T\u0130M\u0130N TANIMI: <\/u><\/strong...\n<\/p>\n","protected":false},"author":1,"featured_media":0,"parent":0,"menu_order":0,"comment_status":"closed","ping_status":"closed","template":"template-fullwidth.php","meta":{"spay_email":""},"_links":{"self":[{"href":"http:\/\/www.commtechist.com\/tr_TR\/wp-json\/wp\/v2\/pages\/491"}],"collection":[{"href":"http:\/\/www.commtechist.com\/tr_TR\/wp-json\/wp\/v2\/pages"}],"about":[{"href":"http:\/\/www.commtechist.com\/tr_TR\/wp-json\/wp\/v2\/types\/page"}],"author":[{"embeddable":true,"href":"http:\/\/www.commtechist.com\/tr_TR\/wp-json\/wp\/v2\/users\/1"}],"replies":[{"embeddable":true,"href":"http:\/\/www.commtechist.com\/tr_TR\/wp-json\/wp\/v2\/comments?post=491"}],"version-history":[{"count":12,"href":"http:\/\/www.commtechist.com\/tr_TR\/wp-json\/wp\/v2\/pages\/491\/revisions"}],"predecessor-version":[{"id":572,"href":"http:\/\/www.commtechist.com\/tr_TR\/wp-json\/wp\/v2\/pages\/491\/revisions\/572"}],"wp:attachment":[{"href":"http:\/\/www.commtechist.com\/tr_TR\/wp-json\/wp\/v2\/media?parent=491"}],"curies":[{"name":"wp","href":"https:\/\/api.w.org\/{rel}","templated":true}]}}