{"id":49,"date":"2016-03-08T12:13:04","date_gmt":"2016-03-08T10:13:04","guid":{"rendered":"http:\/\/www.commtechist.com\/?page_id=49"},"modified":"2018-08-27T16:26:18","modified_gmt":"2018-08-27T14:26:18","slug":"hvac-onayi","status":"publish","type":"page","link":"http:\/\/www.commtechist.com\/tr_TR\/hizmetlerimiz\/hvac-onayi\/","title":{"rendered":"HVAC Onay\u0131"},"content":{"rendered":"<p><img loading=\"lazy\" class=\"size-medium wp-image-50 alignright\" src=\"http:\/\/www.commtechist.com\/wp-content\/uploads\/2016\/03\/hvac-system-2-300x223.jpg\" alt=\"hvac-system-2\" width=\"300\" height=\"223\" srcset=\"http:\/\/www.commtechist.com\/wp-content\/uploads\/2016\/03\/hvac-system-2-300x223.jpg 300w, http:\/\/www.commtechist.com\/wp-content\/uploads\/2016\/03\/hvac-system-2.jpg 448w\" sizes=\"(max-width: 300px) 100vw, 300px\" \/><\/p>\n<p>\u0130ncelemelerin onaylanmas\u0131 ve do\u011frulanmas\u0131 Commtech\u2019in ana g\u00f6revlerinden biridir: ister saha merkezli hava sistemlerini denetlemek, su ve hava kaynaklar\u0131n\u0131 incelemek veya kurulu MEP servislerinin tam incelemesi i\u00e7in yard\u0131mc\u0131 olabiliriz. Do\u011frulama ve onaylama \u00e7al\u0131\u015fmalar\u0131n\u0131n t\u00fcm \u00f6\u011felerini ele al\u0131r\u0131z. Baz\u0131lar\u0131 \u015funlard\u0131r:<\/p>\n<p>&nbsp;<\/p>\n<ul>\n<li>Hava ve su kapasitelerinin kay\u0131t alt\u0131na al\u0131nmas\u0131<\/li>\n<li>Labaratuar analizleri i\u00e7in su \u00f6rneklerinin al\u0131nmas\u0131<\/li>\n<li>Kanal temizlik kay\u0131tlar\u0131n\u0131n labaratuar analizi i\u00e7in al\u0131nmas\u0131<\/li>\n<li>Hava kalitesi ve izlenmesi<\/li>\n<li>Santral ve tesisat operasyon kontrolleri<\/li>\n<li>Akustik ve titre\u015fim incelemeleri<\/li>\n<li>Elektriksel testler<\/li>\n<li>Jenerat\u00f6r testleri<\/li>\n<li>Dikey iletim incelemeleri<\/li>\n<\/ul>\n","protected":false},"excerpt":{"rendered":"<p><img loading=\"lazy\" class=\"size-medium wp-image-50 alignright\" src=\"http:\/\/www.commtechist.com\/wp-content\/uploads\/2016\/03\/hvac-system-2-300x223.jpg\" alt=\"hvac-system-2\" width=\"300\" height=\"223\" srcset=\"http:\/\/www.commtechist.com\/wp-content\/uploads\/2016\/03\/hvac-system-2-300x223.jpg 300w, http:\/\/www.commtechist.com\/wp-content\/uploads\/2016\/03\/hvac-system-2.jpg 448w\" sizes=\"(max-width: 300px) 100vw, 300px\" \/><\/p>\n<p>\u0130ncelemelerin onaylanmas\u0131 ve do\u011frulanmas\u0131 Commtech\u2019in ana g\u00f6revleri&#8230;<\/p>\n","protected":false},"author":1,"featured_media":0,"parent":33,"menu_order":0,"comment_status":"closed","ping_status":"closed","template":"template-fullwidth.php","meta":{"spay_email":""},"_links":{"self":[{"href":"http:\/\/www.commtechist.com\/tr_TR\/wp-json\/wp\/v2\/pages\/49"}],"collection":[{"href":"http:\/\/www.commtechist.com\/tr_TR\/wp-json\/wp\/v2\/pages"}],"about":[{"href":"http:\/\/www.commtechist.com\/tr_TR\/wp-json\/wp\/v2\/types\/page"}],"author":[{"embeddable":true,"href":"http:\/\/www.commtechist.com\/tr_TR\/wp-json\/wp\/v2\/users\/1"}],"replies":[{"embeddable":true,"href":"http:\/\/www.commtechist.com\/tr_TR\/wp-json\/wp\/v2\/comments?post=49"}],"version-history":[{"count":3,"href":"http:\/\/www.commtechist.com\/tr_TR\/wp-json\/wp\/v2\/pages\/49\/revisions"}],"predecessor-version":[{"id":297,"href":"http:\/\/www.commtechist.com\/tr_TR\/wp-json\/wp\/v2\/pages\/49\/revisions\/297"}],"up":[{"embeddable":true,"href":"http:\/\/www.commtechist.com\/tr_TR\/wp-json\/wp\/v2\/pages\/33"}],"wp:attachment":[{"href":"http:\/\/www.commtechist.com\/tr_TR\/wp-json\/wp\/v2\/media?parent=49"}],"curies":[{"name":"wp","href":"https:\/\/api.w.org\/{rel}","templated":true}]}}