{"id":447,"date":"2018-08-27T17:02:11","date_gmt":"2018-08-27T15:02:11","guid":{"rendered":"http:\/\/www.commtechist.com\/?page_id=447"},"modified":"2018-08-27T17:15:16","modified_gmt":"2018-08-27T15:15:16","slug":"mevzuatlar","status":"publish","type":"page","link":"http:\/\/www.commtechist.com\/tr_TR\/mevzuatlar\/","title":{"rendered":"Mevzuatlar"},"content":{"rendered":"<p><img loading=\"lazy\" class=\"alignnone size-medium wp-image-465\" src=\"http:\/\/www.commtechist.com\/wp-content\/uploads\/2018\/08\/book-300x175.png\" alt=\"book\" width=\"300\" height=\"175\" srcset=\"http:\/\/www.commtechist.com\/wp-content\/uploads\/2018\/08\/book-300x175.png 300w, http:\/\/www.commtechist.com\/wp-content\/uploads\/2018\/08\/book.png 614w\" sizes=\"(max-width: 300px) 100vw, 300px\" \/><\/p>\n<p>T\u00fcrkiye&#8217;de Uygulanan \u0130\u015f G\u00fcvenli\u011fi Mevzuatlar\u0131<\/p>\n<p><a href=\"http:\/\/www.commtechist.com\/hizmetlerimiz\/commtech-is-sagligi-ve-guvenligi-kurumsal\/is-kanunu\/\">\u0130\u015f Kanunu<\/a><\/p>\n<p><a href=\"http:\/\/www.commtechist.com\/hizmetlerimiz\/commtech-is-sagligi-ve-guvenligi-kurumsal\/is-sagligi-ve-guvenligi-kanunu\/\">\u0130\u015f Sa\u011fl\u0131\u011f\u0131 ve G\u00fcvenli\u011fi Kanunu<\/a><\/p>\n<p><a href=\"http:\/\/www.commtechist.com\/hizmetlerimiz\/commtech-is-sagligi-ve-guvenligi-kurumsal\/isyerlerinde-acil-durumlar-hakkinda-yonetmelik\/\">\u0130\u015fyerlerinde Acil Durumlar Hakk\u0131nda Y\u00f6netmelik<\/a><\/p>\n<p><a href=\"http:\/\/www.commtechist.com\/hizmetlerimiz\/commtech-is-sagligi-ve-guvenligi-kurumsal\/isyeri-bina-ve-eklentilerinde-alinacak-saglik-ve-guvenlik-onlemlerine-iliskin-yonetmelik\/\">\u0130\u015fyeri Bina ve Eklentilerinde Al\u0131nacak Sa\u011fl\u0131k ve G\u00fcvenlik \u00d6nlemlerine \u0130li\u015fkin Y\u00f6netmelik<\/a><\/p>\n<p><a href=\"http:\/\/www.commtechist.com\/hizmetlerimiz\/commtech-is-sagligi-ve-guvenligi-kurumsal\/yapi-islerinde-is-sagligi-ve-guvenligi-yonetmeligi\/\">Yap\u0131 \u0130\u015flerinde \u0130\u015f Sa\u011fl\u0131\u011f\u0131 ve G\u00fcvenli\u011fi Y\u00f6netmeli\u011fi<\/a><\/p>\n<p><a href=\"http:\/\/www.commtechist.com\/hizmetlerimiz\/commtech-is-sagligi-ve-guvenligi-kurumsal\/idari-para-cezalari-2018\/\">\u0130dari Para Cezalar\u0131<\/a><\/p>\n","protected":false},"excerpt":{"rendered":"<p><img loading=\"lazy\" class=\"alignnone size-medium wp-image-465\" src=\"http:\/\/www.commtechist.com\/wp-content\/uploads\/2018\/08\/book-300x175.png\" alt=\"book\" width=\"300\" height=\"175\" srcset=\"http:\/\/www.commtechist.com\/wp-content\/uploads\/2018\/08\/book-300x175.png 300w, http:\/\/www.commtechist.com\/wp-content\/uploads\/2018\/08\/book.png 614w\" sizes=\"(max-width: 300px) 100vw, 300px\" \/><\/p>\n<p>T\u00fcrkiye&#8217;de Uygulanan \u0130\u015f G\u00fcvenli\u011fi Mevzuatlar\u0131<\/p>\n<p><a href=\"http:\/\/www.commtechist.co...\n<\/p>\n","protected":false},"author":1,"featured_media":0,"parent":0,"menu_order":0,"comment_status":"closed","ping_status":"closed","template":"template-fullwidth.php","meta":{"spay_email":""},"_links":{"self":[{"href":"http:\/\/www.commtechist.com\/tr_TR\/wp-json\/wp\/v2\/pages\/447"}],"collection":[{"href":"http:\/\/www.commtechist.com\/tr_TR\/wp-json\/wp\/v2\/pages"}],"about":[{"href":"http:\/\/www.commtechist.com\/tr_TR\/wp-json\/wp\/v2\/types\/page"}],"author":[{"embeddable":true,"href":"http:\/\/www.commtechist.com\/tr_TR\/wp-json\/wp\/v2\/users\/1"}],"replies":[{"embeddable":true,"href":"http:\/\/www.commtechist.com\/tr_TR\/wp-json\/wp\/v2\/comments?post=447"}],"version-history":[{"count":5,"href":"http:\/\/www.commtechist.com\/tr_TR\/wp-json\/wp\/v2\/pages\/447\/revisions"}],"predecessor-version":[{"id":462,"href":"http:\/\/www.commtechist.com\/tr_TR\/wp-json\/wp\/v2\/pages\/447\/revisions\/462"}],"wp:attachment":[{"href":"http:\/\/www.commtechist.com\/tr_TR\/wp-json\/wp\/v2\/media?parent=447"}],"curies":[{"name":"wp","href":"https:\/\/api.w.org\/{rel}","templated":true}]}}