{"id":424,"date":"2018-08-27T16:52:54","date_gmt":"2018-08-27T14:52:54","guid":{"rendered":"http:\/\/www.commtechist.com\/?page_id=424"},"modified":"2018-08-27T17:08:23","modified_gmt":"2018-08-27T15:08:23","slug":"isyerlerinde-acil-durumlar-hakkinda-yonetmelik","status":"publish","type":"page","link":"http:\/\/www.commtechist.com\/tr_TR\/hizmetlerimiz\/commtech-is-sagligi-ve-guvenligi-kurumsal\/isyerlerinde-acil-durumlar-hakkinda-yonetmelik\/","title":{"rendered":"\u0130\u015fyerlerinde Acil Durumlar Hakk\u0131nda Y\u00f6netmelik"},"content":{"rendered":"<p><img loading=\"lazy\" class=\"alignnone size-medium wp-image-425\" src=\"http:\/\/www.commtechist.com\/wp-content\/uploads\/2018\/08\/acilyonetmelik-300x150.png\" alt=\"acilyonetmelik\" width=\"300\" height=\"150\" srcset=\"http:\/\/www.commtechist.com\/wp-content\/uploads\/2018\/08\/acilyonetmelik-300x150.png 300w, http:\/\/www.commtechist.com\/wp-content\/uploads\/2018\/08\/acilyonetmelik.png 318w\" sizes=\"(max-width: 300px) 100vw, 300px\" \/><\/p>\n<p>\u0130\u015eYERLER\u0130NDE AC\u0130L DURUMLAR HAKKINDA Y\u00d6NETMEL\u0130K<\/p>\n<p>Resmi Gazete Tarihi\/Say\u0131s\u0131: 18.06.2013\/28681<\/p>\n<p>&nbsp;<\/p>\n<p><strong>B\u0130R\u0130NC\u0130 B\u00d6L\u00dcM<\/strong> Ama\u00e7, Kapsam, Dayanak ve Tan\u0131mlar Ama\u00e7 MADDE 1 \u2013 (1) Bu Y\u00f6netmeli\u011fin amac\u0131, i\u015fyerlerinde acil durum planlar\u0131n\u0131n haz\u0131rlanmas\u0131, \u00f6nleme, koruma, tahliye, yang\u0131nla m\u00fccadele, ilk yard\u0131m ve benzeri konularda yap\u0131lmas\u0131 gereken \u00e7al\u0131\u015fmalar ile bu durumlar\u0131n g\u00fcvenli olarak y\u00f6netilmesi ve bu konularda g\u00f6revlendirilecek \u00e7al\u0131\u015fanlar\u0131n belirlenmesi ile ilgili usul ve esaslar\u0131 d\u00fczenlemektir. Kapsam MADDE 2 \u2013 (1) Bu Y\u00f6netmelik, 20\/6\/2012 tarihli ve 6331 say\u0131l\u0131 \u0130\u015f Sa\u011fl\u0131\u011f\u0131 ve G\u00fcvenli\u011fi Kanunu kapsam\u0131nda yer alan i\u015fyerlerini kapsar. Dayanak MADDE 3 \u2013 (1) Bu Y\u00f6netmelik, \u0130\u015f Sa\u011fl\u0131\u011f\u0131 ve G\u00fcvenli\u011fi Kanununun 11 inci, 12 nci ve 30 uncu maddelerine dayan\u0131larak haz\u0131rlanm\u0131\u015ft\u0131r. Tan\u0131mlar MADDE 4 \u2013 (1) Bu Y\u00f6netmelikte ge\u00e7en; a) Acil durum: \u0130\u015fyerinin tamam\u0131nda veya bir k\u0131sm\u0131nda meydana gelebilecek yang\u0131n, patlama, tehlikeli kimyasal maddelerden kaynaklanan yay\u0131l\u0131m, do\u011fal afet gibi acil m\u00fcdahale, m\u00fccadele, ilkyard\u0131m veya tahliye gerektiren olaylar\u0131, b) Acil durum plan\u0131: \u0130\u015fyerlerinde meydana gelebilecek acil durumlarda yap\u0131lacak i\u015f ve i\u015flemler dahil bilgilerin ve uygulamaya y\u00f6nelik eylemlerin yer ald\u0131\u011f\u0131 plan\u0131, c) G\u00fcvenli yer: Acil durumlar\u0131n olumsuz sonu\u00e7lar\u0131ndan \u00e7al\u0131\u015fanlar\u0131n etkilenmeyece\u011fi mesafede veya korunakta belirlenmi\u015f yeri, ifade eder.<\/p>\n<p><strong>\u00a0<\/strong><\/p>\n<p><strong>\u0130K\u0130NC\u0130 B\u00d6L\u00dcM<\/strong> \u0130\u015fveren ve \u00c7al\u0131\u015fanlar\u0131n Y\u00fck\u00fcml\u00fcl\u00fc\u011f\u00fc \u0130\u015fverenin y\u00fck\u00fcml\u00fcl\u00fckleri MADDE 5 \u2013 (1) \u0130\u015fverenin acil durumlara ili\u015fkin y\u00fck\u00fcml\u00fcl\u00fckleri a\u015fa\u011f\u0131da belirtilmi\u015ftir: a) \u00c7al\u0131\u015fma ortam\u0131, kullan\u0131lan maddeler, i\u015f ekipman\u0131 ile \u00e7evre \u015fartlar\u0131n\u0131 dikkate alarak meydana gelebilecek ve \u00e7al\u0131\u015fan ile \u00e7al\u0131\u015fma \u00e7evresini etkileyecek acil durumlar\u0131 \u00f6nceden de\u011ferlendirerek muhtemel acil durumlar\u0131 belirler. b) Acil durumlar\u0131n olumsuz etkilerini \u00f6nleyici ve s\u0131n\u0131rland\u0131r\u0131c\u0131 tedbirleri al\u0131r. c) Acil durumlar\u0131n olumsuz etkilerinden korunmak \u00fczere gerekli \u00f6l\u00e7\u00fcm ve de\u011ferlendirmeleri yapar. \u00e7) Acil durum planlar\u0131n\u0131 haz\u0131rlar ve tatbikatlar\u0131n yap\u0131lmas\u0131n\u0131 sa\u011flar. d) Acil durumlarla m\u00fccadele i\u00e7in i\u015fyerinin b\u00fcy\u00fckl\u00fc\u011f\u00fc ve ta\u015f\u0131d\u0131\u011f\u0131 \u00f6zel tehlikeler, yap\u0131lan i\u015fin niteli\u011fi, \u00e7al\u0131\u015fan say\u0131s\u0131 ile i\u015fyerinde bulunan di\u011fer ki\u015fileri dikkate alarak; \u00f6nleme, koruma, tahliye, yang\u0131nla m\u00fccadele, ilk yard\u0131m ve benzeri konularda uygun donan\u0131ma sahip ve bu konularda e\u011fitimli yeterli say\u0131da \u00e7al\u0131\u015fan\u0131 g\u00f6revlendirir ve her zaman haz\u0131r bulunmalar\u0131n\u0131 sa\u011flar. e) \u00d6zellikle ilk yard\u0131m, acil t\u0131bbi m\u00fcdahale, kurtarma ve yang\u0131nla m\u00fccadele konular\u0131nda, i\u015fyeri d\u0131\u015f\u0131ndaki kurulu\u015flarla irtibat\u0131 sa\u011flayacak gerekli d\u00fczenlemeleri yapar. f) Acil durumlarda enerji kaynaklar\u0131n\u0131n ve tehlike yaratabilecek sistemlerin olumsuz durumlar yaratmayacak ve koruyucu sistemleri etkilemeyecek \u015fekilde devre d\u0131\u015f\u0131 b\u0131rak\u0131lmas\u0131 ile ilgili gerekli d\u00fczenlemeleri yapar. g) Varsa alt i\u015fveren ve ge\u00e7ici i\u015f ili\u015fkisi kurulan i\u015fverenin \u00e7al\u0131\u015fanlar\u0131 ile m\u00fc\u015fteri ve ziyaret\u00e7i gibi i\u015fyerinde bulunan di\u011fer ki\u015fileri acil durumlar konusunda bilgilendirir. (2) Acil durumlarla ilgili \u00f6zel g\u00f6revlendirilen \u00e7al\u0131\u015fanlar\u0131n sorumluluklar\u0131 i\u015fverenlerin konuya ili\u015fkin y\u00fck\u00fcml\u00fcl\u00fc\u011f\u00fcn\u00fc ortadan kald\u0131rmaz. \u00c7al\u0131\u015fanlar\u0131n y\u00fck\u00fcml\u00fcl\u00fck ve sorumluluklar\u0131 MADDE 6 \u2013 (1) \u00c7al\u0131\u015fanlar\u0131n acil durumlarla ilgili y\u00fck\u00fcml\u00fcl\u00fckleri a\u015fa\u011f\u0131da belirtilmi\u015ftir: a) Acil durum plan\u0131nda belirtilen hususlar dahilinde al\u0131nan \u00f6nleyici ve s\u0131n\u0131rland\u0131r\u0131c\u0131 tedbirlere uymak. b) \u0130\u015fyerindeki makine, cihaz, ara\u00e7, gere\u00e7, tesis ve binalarda kendileri ve di\u011fer ki\u015filerin sa\u011fl\u0131k ve g\u00fcvenli\u011fini tehlikeye d\u00fc\u015f\u00fcrecek acil durum ile kar\u015f\u0131la\u015ft\u0131klar\u0131nda; hemen en yak\u0131n amirine, acil durumla ilgili g\u00f6revlendirilen sorumluya veya \u00e7al\u0131\u015fan temsilcisine haber vermek. c) Acil durumun giderilmesi i\u00e7in, i\u015fveren ile i\u015fyeri d\u0131\u015f\u0131ndaki ilgili kurulu\u015flardan olay yerine intikal eden ekiplerin talimatlar\u0131na uymak. \u00e7) Acil durumlar s\u0131ras\u0131nda kendisinin ve \u00e7al\u0131\u015fma arkada\u015flar\u0131n\u0131n hayat\u0131n\u0131 tehlikeye d\u00fc\u015f\u00fcrmeyecek \u015fekilde davranmak. (2) \u0130\u015fveren, \u00e7al\u0131\u015fanlar\u0131n kendileri veya di\u011fer ki\u015filerin g\u00fcvenli\u011fi i\u00e7in ciddi ve yak\u0131n bir tehlike ile kar\u015f\u0131la\u015ft\u0131klar\u0131 ve amirine hemen haber veremedikleri durumlarda; istenmeyen sonu\u00e7lar\u0131n \u00f6nlenmesi i\u00e7in, bilgileri ve mevcut teknik donan\u0131mlar\u0131 \u00e7er\u00e7evesinde m\u00fcdahale edebilmelerine imk\u00e2n sa\u011flar. B\u00f6yle bir durumda \u00e7al\u0131\u015fanlar, ihmal veya dikkatsiz davran\u0131\u015flar\u0131 olmad\u0131k\u00e7a yapt\u0131klar\u0131 m\u00fcdahaleden dolay\u0131 sorumlu tutulamaz.<\/p>\n<p>&nbsp;<\/p>\n<p><strong>\u00dc\u00c7\u00dcNC\u00dc B\u00d6L\u00dcM<\/strong> Acil Durum Plan\u0131n\u0131n Haz\u0131rlanmas\u0131 Acil durum plan\u0131 MADDE 7 \u2013 (1) Acil durum plan\u0131, t\u00fcm i\u015fyerleri i\u00e7in tasar\u0131m veya kurulu\u015f a\u015famas\u0131ndan ba\u015flamak \u00fczere acil durumlar\u0131n belirlenmesi, bunlar\u0131n olumsuz etkilerini \u00f6nleyici ve s\u0131n\u0131rland\u0131r\u0131c\u0131 tedbirlerin al\u0131nmas\u0131, g\u00f6revlendirilecek ki\u015filerin belirlenmesi, acil durum m\u00fcdahale ve tahliye y\u00f6ntemlerinin olu\u015fturulmas\u0131, dok\u00fcmantasyon, tatbikat ve acil durum plan\u0131n\u0131n yenilenmesi a\u015famalar\u0131 izlenerek haz\u0131rlan\u0131r. Acil durumlar\u0131n belirlenmesi MADDE 8 \u2013 (1) \u0130\u015fyerinde meydana gelebilecek acil durumlar a\u015fa\u011f\u0131daki hususlar dikkate al\u0131narak belirlenir: a) Risk de\u011ferlendirmesi sonu\u00e7lar\u0131. b) Yang\u0131n, tehlikeli kimyasal maddelerden kaynaklanan yay\u0131l\u0131m ve patlama ihtimali. c) \u0130lk yard\u0131m ve tahliye gerektirecek olaylar. \u00e7) Do\u011fal afetlerin meydana gelme ihtimali. d) Sabotaj ihtimali. \u00d6nleyici ve s\u0131n\u0131rland\u0131r\u0131c\u0131 tedbirler MADDE 9 \u2013 (1) \u0130\u015fveren, belirledi\u011fi m\u00fcmk\u00fcn ve muhtemel acil durumlar\u0131n olu\u015fturabilece\u011fi zararlar\u0131 \u00f6nlemek ve daha b\u00fcy\u00fck etkilerini s\u0131n\u0131rland\u0131rmak \u00fczere gerekli tedbirleri al\u0131r. (2) Acil durumlar\u0131n olumsuz etkilerinden korunmak \u00fczere tedbirler belirlenirken gerekli oldu\u011fu durumda \u00f6l\u00e7\u00fcm ve de\u011ferlendirmeler yap\u0131l\u0131r. (3) Al\u0131nacak tedbirler, risklerden korunma ilkelerine uygun olur ve toplu korumay\u0131 esas al\u0131r. Acil durum m\u00fcdahale ve tahliye y\u00f6ntemleri MADDE 10 \u2013 (1) \u0130\u015fverence acil durumlar\u0131n meydana gelmesi halinde uyar\u0131 verme, arama, kurtarma, tahliye, haberle\u015fme, ilk yard\u0131m ve yang\u0131nla m\u00fccadele gibi uygulanmas\u0131 gereken acil durum m\u00fcdahale y\u00f6ntemleri belirlenir ve yaz\u0131l\u0131 hale getirilir. (2) Tahliye sonras\u0131, i\u015fyeri d\u00e2hilinde kalm\u0131\u015f olabilecek \u00e7al\u0131\u015fanlar\u0131n belirlenmesi i\u00e7in say\u0131m da d\u00e2hil olmak \u00fczere gerekli kontroller yap\u0131l\u0131r. (3) \u0130\u015fveren, i\u015fyerinde acil durumlar\u0131n meydana gelmesi halinde \u00e7al\u0131\u015fanlar\u0131n bu durumun olumsuz etkilerinden korunmas\u0131 i\u00e7in bulunduklar\u0131 yerden g\u00fcvenli bir yere gidebilmeleri amac\u0131yla izlenebilecek uygun tahliye d\u00fczenlemelerini acil durum plan\u0131nda belirtir ve \u00e7al\u0131\u015fanlara \u00f6nceden gerekli talimatlar\u0131 verir. (4) \u0130\u015fyerlerinde ya\u015fl\u0131, engelli, gebe veya kre\u015f var ise \u00e7ocuklara tahliye esnas\u0131nda refakat edilmesi i\u00e7in tedbirler al\u0131n\u0131r. (5) Acil durum m\u00fcdahale ve tahliye y\u00f6ntemleri olu\u015fturulurken 27\/11\/2007 tarihli ve 2007\/12937 say\u0131l\u0131 Bakanlar Kurulu Karar\u0131yla y\u00fcr\u00fcrl\u00fc\u011fe konulan Binalar\u0131n Yang\u0131ndan Korunmas\u0131 Hakk\u0131nda Y\u00f6netmelik h\u00fck\u00fcmleri dikkate al\u0131n\u0131r. (6) Acil durum m\u00fcdahale ve tahliye y\u00f6ntemleri olu\u015fturulurken \u00e7al\u0131\u015fanlar d\u0131\u015f\u0131nda m\u00fc\u015fteri, ziyaret\u00e7i gibi i\u015fyerinde bulunmas\u0131 muhtemel di\u011fer ki\u015filer de g\u00f6z \u00f6n\u00fcnde bulundurulur. G\u00f6revlendirilecek \u00e7al\u0131\u015fanlar\u0131n belirlenmesi MADDE 11 \u2013 (1) \u0130\u015fveren; i\u015fyerlerinde tehlike s\u0131n\u0131flar\u0131n\u0131 tespit eden Tebli\u011fde belirlenmi\u015f olan \u00e7ok tehlikeli s\u0131n\u0131fta yer alan i\u015fyerlerinde 30 \u00e7al\u0131\u015fana, tehlikeli s\u0131n\u0131fta yer alan i\u015fyerlerinde 40 \u00e7al\u0131\u015fana ve az tehlikeli s\u0131n\u0131fta yer alan i\u015fyerlerinde 50 \u00e7al\u0131\u015fana kadar; a) Arama, kurtarma ve tahliye, b) Yang\u0131nla m\u00fccadele, konular\u0131n\u0131n her biri i\u00e7in uygun donan\u0131ma sahip ve \u00f6zel e\u011fitimli en az birer \u00e7al\u0131\u015fan\u0131 destek eleman\u0131 olarak g\u00f6revlendirir. \u0130\u015fyerinde bunlar\u0131 a\u015fan say\u0131larda \u00e7al\u0131\u015fan\u0131n bulunmas\u0131 halinde, tehlike s\u0131n\u0131f\u0131na g\u00f6re her 30, 40 ve 50\u2019ye kadar \u00e7al\u0131\u015fan i\u00e7in birer destek eleman\u0131 daha g\u00f6revlendirir. (2) \u0130\u015fveren, ilkyard\u0131m konusunda 22\/5\/2002 tarihli ve 24762 say\u0131l\u0131 Resm\u00ee Gazete\u2019de yay\u0131mlanan \u0130lkyard\u0131m Y\u00f6netmeli\u011fi esaslar\u0131na g\u00f6re destek eleman\u0131 g\u00f6revlendirir. (3) Her konu i\u00e7in birden fazla \u00e7al\u0131\u015fan\u0131n g\u00f6revlendirilmesi gereken i\u015fyerlerinde bu \u00e7al\u0131\u015fanlar konular\u0131na g\u00f6re ekipler halinde koordineli olarak g\u00f6rev yapar. Her ekipte bir ekip ba\u015f\u0131 bulunur. (4) \u0130\u015fveren taraf\u0131ndan acil durumlarda ekipler aras\u0131 gerekli koordinasyonu sa\u011flamak \u00fczere \u00e7al\u0131\u015fanlar\u0131 aras\u0131ndan bir sorumlu g\u00f6revlendirilir. (5) 10\u2019dan az \u00e7al\u0131\u015fan\u0131 olan ve az tehlikeli s\u0131n\u0131fta yer alan i\u015fyerlerinde birinci f\u0131krada belirtilen y\u00fck\u00fcml\u00fcl\u00fc\u011f\u00fc yerine getirmek \u00fczere bir ki\u015fi g\u00f6revlendirilmesi yeterlidir. Dok\u00fcmantasyon MADDE 12 \u2013 (1) Acil durum plan\u0131 asgar\u00ee a\u015fa\u011f\u0131daki hususlar\u0131 kapsayacak \u015fekilde dok\u00fcmante edilir: a) \u0130\u015fyerinin unvan\u0131, adresi ve i\u015fverenin ad\u0131. b) Haz\u0131rlayanlar\u0131n ad\u0131, soyad\u0131 ve unvan\u0131. c) Haz\u0131rland\u0131\u011f\u0131 tarih ve ge\u00e7erlilik tarihi. \u00e7) Belirlenen acil durumlar. d) Al\u0131nan \u00f6nleyici ve s\u0131n\u0131rland\u0131r\u0131c\u0131 tedbirler. e) Acil durum m\u00fcdahale ve tahliye y\u00f6ntemleri. f) A\u015fa\u011f\u0131daki unsurlar\u0131 i\u00e7eren i\u015fyerini veya i\u015fyerinin b\u00f6l\u00fcmlerini g\u00f6steren kroki: 1) Yang\u0131n s\u00f6nd\u00fcrme ama\u00e7l\u0131 kullan\u0131lacaklar da d\u00e2hil olmak \u00fczere acil durum ekipmanlar\u0131n\u0131n bulundu\u011fu yerler. 2) \u0130lkyard\u0131m malzemelerinin bulundu\u011fu yerler. 3) Ka\u00e7\u0131\u015f yollar\u0131, toplanma yerleri ve bulunmas\u0131 halinde uyar\u0131 sistemlerinin de yer ald\u0131\u011f\u0131 tahliye plan\u0131. 4) G\u00f6revlendirilen \u00e7al\u0131\u015fanlar\u0131n ve varsa yedeklerinin ad\u0131, soyad\u0131, unvan\u0131, sorumluluk alan\u0131 ve ileti\u015fim bilgileri. 5) \u0130lk yard\u0131m, acil t\u0131bbi m\u00fcdahale, kurtarma ve yang\u0131nla m\u00fccadele konular\u0131nda i\u015fyeri d\u0131\u015f\u0131ndaki kurulu\u015flar\u0131n irtibat numaralar\u0131. (2) Acil durum plan\u0131n\u0131n sayfalar\u0131 numaraland\u0131r\u0131larak; haz\u0131rlayan ki\u015filer taraf\u0131ndan her sayfas\u0131 paraflan\u0131p, son sayfas\u0131 imzalan\u0131r ve s\u00f6z konusu plan, acil durumla m\u00fccadele edecek ekiplerin kolayca ula\u015fabilece\u011fi \u015fekilde i\u015fyerinde saklan\u0131r. (3) Acil durum plan\u0131 kapsam\u0131nda haz\u0131rlanan kroki bina i\u00e7inde kolayca g\u00f6r\u00fclebilecek yerlerde as\u0131l\u0131 olarak bulundurulur. Tatbikat MADDE 13 \u2013 (1) Haz\u0131rlanan acil durum plan\u0131n\u0131n uygulama ad\u0131mlar\u0131n\u0131n d\u00fczenli olarak takip edilebilmesi ve uygulanabilirli\u011finden emin olmak i\u00e7in i\u015fyerlerinde y\u0131lda en az bir defa olmak \u00fczere tatbikat yap\u0131l\u0131r, denetlenir ve g\u00f6zden ge\u00e7irilerek gerekli d\u00fczeltici ve \u00f6nleyici faaliyetler yap\u0131l\u0131r. Ger\u00e7ekle\u015ftirilen tatbikat\u0131n tarihi, g\u00f6r\u00fclen eksiklikler ve bu eksiklikler do\u011frultusunda yap\u0131lacak d\u00fczenlemeleri i\u00e7eren tatbikat raporu haz\u0131rlan\u0131r. (2) Ger\u00e7ekle\u015ftirilen tatbikat neticesinde varsa aksayan y\u00f6nler ve kazan\u0131lan deneyimlere g\u00f6re acil durum planlar\u0131 g\u00f6zden ge\u00e7irilerek gerekli d\u00fczeltmeler yap\u0131l\u0131r. (3) Birden fazla i\u015fyerinin bulundu\u011fu i\u015f merkezleri, i\u015f hanlar\u0131ndaki i\u015fyerlerinde tatbikatlar y\u00f6netimin koordinasyonu ile y\u00fcr\u00fct\u00fcl\u00fcr. Acil durum plan\u0131n\u0131n yenilenmesi MADDE 14 \u2013 (1) \u0130\u015fyerinde, belirlenmi\u015f olan acil durumlar\u0131 etkileyebilecek veya yeni acil durumlar\u0131n ortaya \u00e7\u0131kmas\u0131na neden olacak de\u011fi\u015fikliklerin meydana gelmesi halinde etkinin b\u00fcy\u00fckl\u00fc\u011f\u00fcne g\u00f6re acil durum plan\u0131 tamamen veya k\u0131smen yenilenir. (2) Birinci f\u0131krada belirtilen durumlardan ba\u011f\u0131ms\u0131z olarak, haz\u0131rlanm\u0131\u015f olan acil durum planlar\u0131; tehlike s\u0131n\u0131f\u0131na g\u00f6re \u00e7ok tehlikeli, tehlikeli ve az tehlikeli i\u015fyerlerinde s\u0131ras\u0131yla en ge\u00e7 iki, d\u00f6rt ve alt\u0131 y\u0131lda bir yenilenir. \u00c7al\u0131\u015fanlar\u0131n bilgilendirilmesi ve e\u011fitim MADDE 15 \u2013 (1) T\u00fcm \u00e7al\u0131\u015fanlar acil durum planlar\u0131 ile arama, kurtarma ve tahliye, yang\u0131nla m\u00fccadele, ilkyard\u0131m konular\u0131nda g\u00f6revlendirilen ki\u015filer hakk\u0131nda bilgilendirilir. (2) \u0130\u015fe yeni al\u0131nan \u00e7al\u0131\u015fana, i\u015f sa\u011fl\u0131\u011f\u0131 ve g\u00fcvenli\u011fi e\u011fitimlerine ilave olarak acil durum planlar\u0131 ile ilgili bilgilendirme yap\u0131l\u0131r. (3) Acil durum konular\u0131yla ilgili \u00f6zel olarak g\u00f6revlendirilenler, y\u00fcr\u00fctecekleri faaliyetler ile ilgili \u00f6zel olarak e\u011fitilir. 11 inci maddenin birinci f\u0131kras\u0131 uyar\u0131nca g\u00f6revlendirilen \u00e7al\u0131\u015fanlara, e\u011fitimlerin i\u015fyerinde i\u015f g\u00fcvenli\u011fi uzman\u0131 veya i\u015fyeri hekimi taraf\u0131ndan verilmesi halinde, bu durum i\u015fveren ile e\u011fitim verenlerce imzalanarak belgelendirilir.<\/p>\n<p>&nbsp;<\/p>\n<p><strong>D\u00d6RD\u00dcNC\u00dc B\u00d6L\u00dcM<\/strong> \u00c7e\u015fitli ve Son H\u00fck\u00fcmler B\u00fcy\u00fck end\u00fcstriyel tesislerde acil durum plan\u0131 MADDE 16 \u2013 (1) \u0130\u015f Sa\u011fl\u0131\u011f\u0131 ve G\u00fcvenli\u011fi Kanununun 29 uncu maddesi gere\u011fince g\u00fcvenlik raporu haz\u0131rlanan i\u015fyerlerinde haz\u0131rlanacak dahili acil durum planlar\u0131 bu Y\u00f6netmelikte belirtilen acil durum plan\u0131 haz\u0131rl\u0131\u011f\u0131nda dikkate al\u0131narak kullan\u0131l\u0131r. Birden fazla i\u015fveren olmas\u0131 durumunda acil durum planlar\u0131 MADDE 17 \u2013 (1) Ayn\u0131 \u00e7al\u0131\u015fma alan\u0131n\u0131 birden fazla i\u015fverenin payla\u015fmas\u0131 durumunda, y\u00fcr\u00fct\u00fclen i\u015fler i\u00e7in di\u011fer i\u015fverenlerin y\u00fcr\u00fctt\u00fc\u011f\u00fc i\u015fler de g\u00f6z \u00f6n\u00fcnde bulundurularak acil durum plan\u0131 i\u015fverenlerce ortakla\u015fa haz\u0131rlan\u0131r. (2) Birden fazla i\u015fyerinin bulundu\u011fu i\u015f merkezleri, i\u015f hanlar\u0131, sanayi b\u00f6lgeleri veya sitelerinin i\u015fyerlerince haz\u0131rlanan acil durum planlar\u0131n\u0131n koordinasyonu y\u00f6netim taraf\u0131ndan y\u00fcr\u00fct\u00fcl\u00fcr. As\u0131l i\u015fveren ve alt i\u015fveren ili\u015fkisinin bulundu\u011fu i\u015fyerlerinde acil durum planlar\u0131 MADDE 18 \u2013 (1) Bir i\u015fyerinde bir veya daha fazla alt i\u015fveren bulunmas\u0131 halinde acil durum planlar\u0131n\u0131n haz\u0131rlanmas\u0131 konusunda i\u015fyerinin b\u00fct\u00fcn\u00fc i\u00e7in as\u0131l i\u015fveren, kendi \u00e7al\u0131\u015fma alan\u0131 ve yapt\u0131klar\u0131 i\u015fler ile s\u0131n\u0131rl\u0131 olmak \u00fczere alt i\u015fverenler sorumludur. Bir aydan k\u0131sa s\u00fcreli ge\u00e7ici i\u015flerde acil durum planlamas\u0131 MADDE 19 \u2013 (1) Bir aydan k\u0131sa s\u00fcreli i\u015flerde, i\u015fyerinin veya yap\u0131lacak i\u015fin mahiyeti itibar\u0131yla \u00e7al\u0131\u015fanlar\u0131 do\u011frudan etkilemesi muhtemel acil durumlar i\u00e7in bu Y\u00f6netmelik kapsam\u0131nda yap\u0131lan \u00f6zel g\u00f6revlendirmeler i\u015fverence yap\u0131l\u0131r ve \u00e7al\u0131\u015fanlar \u00f6zel g\u00f6revi bulunanlar ve acil durumlar ile ilgili bilgilendirilir. Acil durum plan\u0131 rehberleri MADDE 20 \u2013 (1) Kamu kurum ve kurulu\u015flar\u0131, kamu kurumu niteli\u011findeki meslek kurulu\u015flar\u0131, i\u015f\u00e7i-i\u015fveren ve memur sendikalar\u0131 ile kamu yarar\u0131na \u00e7al\u0131\u015fan sivil toplum kurulu\u015flar\u0131n\u0131n faaliyet g\u00f6sterdikleri sekt\u00f6rde haz\u0131rlad\u0131klar\u0131 rehber taslaklar\u0131ndan, Bakanl\u0131k\u00e7a bu Y\u00f6netmelik h\u00fck\u00fcmlerine uygunlu\u011fu y\u00f6n\u00fcnden de\u011ferlendirilerek onaylanan taslaklar, Bakanl\u0131k taraf\u0131ndan sekt\u00f6r, meslek veya yap\u0131lan i\u015flere \u00f6zg\u00fc acil durum plan\u0131 rehberleri olarak yay\u0131mlan\u0131r. Mevcut acil durum planlar\u0131 ve tatbikatlar GE\u00c7\u0130C\u0130 MADDE 1 \u2013 (1) 6331 say\u0131l\u0131 Kanun gere\u011fince ve bu Y\u00f6netmeli\u011fin yay\u0131m tarihi \u00f6ncesinde; a) Haz\u0131rlanm\u0131\u015f olan acil durum planlar\u0131 bir y\u0131l i\u00e7erisinde Y\u00f6netmeli\u011fe g\u00f6re g\u00f6zden ge\u00e7irilerek revize edilir. b) \u0130\u015fyerlerinde ger\u00e7ekle\u015ftirilmi\u015f olan tatbikatlar s\u00fcresince ge\u00e7erli say\u0131l\u0131r. Ekip e\u011fitimlerinin tamamlanmas\u0131 GE\u00c7\u0130C\u0130 MADDE 2 \u2013 (1) Bu Y\u00f6netmelik kapsam\u0131nda kurulacak olan ekiplerin e\u011fitimleri, bu Y\u00f6netmeli\u011fin yay\u0131m\u0131 tarihinden itibaren bir y\u0131l i\u00e7inde tamamlan\u0131r. Y\u00fcr\u00fcrl\u00fck MADDE 21 \u2013 (1) Bu Y\u00f6netmelik yay\u0131m\u0131 tarihinde y\u00fcr\u00fcrl\u00fc\u011fe girer. Y\u00fcr\u00fctme MADDE 22 \u2013 (1) Bu Y\u00f6netmelik h\u00fck\u00fcmlerini \u00c7al\u0131\u015fma ve Sosyal G\u00fcvenlik Bakan\u0131 y\u00fcr\u00fct\u00fcr.<\/p>\n","protected":false},"excerpt":{"rendered":"<p><img loading=\"lazy\" class=\"alignnone size-medium wp-image-425\" src=\"http:\/\/www.commtechist.com\/wp-content\/uploads\/2018\/08\/acilyonetmelik-300x150.png\" alt=\"acilyonetmelik\" width=\"300\" height=\"150\" srcset=\"http:\/\/www.commtechist.com\/wp-content\/uploads\/2018\/08\/acilyonetmelik-300x150.png 300w, http:\/\/www.commtechist.com\/wp-content\/uploads\/2018\/08\/acilyonetmelik.png 318w\" sizes=\"(max-width: 300px) 100vw, 300px\" \/><\/p>\n<p>\u0130\u015eYERLER\u0130NDE AC\u0130L DURUMLAR HAKKINDA Y\u00d6NETMEL\u0130K<\/p>\n<p>Resmi Gazete &#8230;<\/p>\n","protected":false},"author":1,"featured_media":0,"parent":399,"menu_order":0,"comment_status":"closed","ping_status":"closed","template":"template-fullwidth.php","meta":{"spay_email":""},"_links":{"self":[{"href":"http:\/\/www.commtechist.com\/tr_TR\/wp-json\/wp\/v2\/pages\/424"}],"collection":[{"href":"http:\/\/www.commtechist.com\/tr_TR\/wp-json\/wp\/v2\/pages"}],"about":[{"href":"http:\/\/www.commtechist.com\/tr_TR\/wp-json\/wp\/v2\/types\/page"}],"author":[{"embeddable":true,"href":"http:\/\/www.commtechist.com\/tr_TR\/wp-json\/wp\/v2\/users\/1"}],"replies":[{"embeddable":true,"href":"http:\/\/www.commtechist.com\/tr_TR\/wp-json\/wp\/v2\/comments?post=424"}],"version-history":[{"count":2,"href":"http:\/\/www.commtechist.com\/tr_TR\/wp-json\/wp\/v2\/pages\/424\/revisions"}],"predecessor-version":[{"id":427,"href":"http:\/\/www.commtechist.com\/tr_TR\/wp-json\/wp\/v2\/pages\/424\/revisions\/427"}],"up":[{"embeddable":true,"href":"http:\/\/www.commtechist.com\/tr_TR\/wp-json\/wp\/v2\/pages\/399"}],"wp:attachment":[{"href":"http:\/\/www.commtechist.com\/tr_TR\/wp-json\/wp\/v2\/media?parent=424"}],"curies":[{"name":"wp","href":"https:\/\/api.w.org\/{rel}","templated":true}]}}