{"id":399,"date":"2018-08-27T15:35:29","date_gmt":"2018-08-27T13:35:29","guid":{"rendered":"http:\/\/www.commtechist.com\/?page_id=399"},"modified":"2020-04-13T17:32:26","modified_gmt":"2020-04-13T15:32:26","slug":"commtech-is-sagligi-ve-guvenligi-kurumsal","status":"publish","type":"page","link":"http:\/\/www.commtechist.com\/tr_TR\/hizmetlerimiz\/commtech-is-sagligi-ve-guvenligi-kurumsal\/","title":{"rendered":"\u0130\u015f Sa\u011fl\u0131\u011f\u0131 ve G\u00fcvenli\u011fi"},"content":{"rendered":"<p><img loading=\"lazy\" class=\"alignnone size-large wp-image-403\" src=\"http:\/\/www.commtechist.com\/wp-content\/uploads\/2018\/08\/\u0130\u015fSa\u011fl\u0131\u011f\u0131veG\u00fcvenli\u011fi-1024x413.jpg\" alt=\"\u0130\u015fSa\u011fl\u0131\u011f\u0131veG\u00fcvenli\u011fi\" width=\"640\" height=\"258\" srcset=\"http:\/\/www.commtechist.com\/wp-content\/uploads\/2018\/08\/\u0130\u015fSa\u011fl\u0131\u011f\u0131veG\u00fcvenli\u011fi-1024x413.jpg 1024w, http:\/\/www.commtechist.com\/wp-content\/uploads\/2018\/08\/\u0130\u015fSa\u011fl\u0131\u011f\u0131veG\u00fcvenli\u011fi-300x121.jpg 300w, http:\/\/www.commtechist.com\/wp-content\/uploads\/2018\/08\/\u0130\u015fSa\u011fl\u0131\u011f\u0131veG\u00fcvenli\u011fi-768x310.jpg 768w, http:\/\/www.commtechist.com\/wp-content\/uploads\/2018\/08\/\u0130\u015fSa\u011fl\u0131\u011f\u0131veG\u00fcvenli\u011fi.jpg 1140w\" sizes=\"(max-width: 640px) 100vw, 640px\" \/><\/p>\n<p>Firmalara sa\u011fl\u0131k ve m\u00fchendislik alan\u0131nda gerekli t\u00fcm dan\u0131\u015fmanl\u0131k hizmetlerini yerine getiren, firmalar\u0131n iste\u011fi do\u011frultusunda teknik ve ruhsatland\u0131rma anlam\u0131nda hizmet vermeyi ama\u00e7layan uzman kadrosu ve \u00e7\u00f6z\u00fcm odakl\u0131 \u00e7al\u0131\u015fma anlay\u0131\u015f\u0131 ta\u015f\u0131yan Commtech Istanbul,<\/p>\n<p>kendi ara\u00e7lar\u0131yla sa\u011fl\u0131k ve teknik deste\u011fi kurumlar\u0131n aya\u011f\u0131na g\u00f6t\u00fcrmektedir. Commtech \u0130stanbul i\u015f sa\u011fl\u0131\u011f\u0131 ve g\u00fcvenli\u011fi hizmeti verdi\u011fi firmalara yap\u0131lan i\u015fin niteli\u011fine g\u00f6re, uygulanabilir ve alternatifli \u00e7\u00f6z\u00fcm \u00f6nerileri sunmay\u0131 hedeflemi\u015ftir. Commtech \u0130stanbul i\u015f sa\u011fl\u0131\u011f\u0131 ve g\u00fcvenli\u011finin sadece uyulmas\u0131 gereken kurallar olmas\u0131ndan \u00f6te \u00e7al\u0131\u015fma hayat\u0131n\u0131n her kademesinde bir k\u00fclt\u00fcr haline getirilmesine inanarak hizmet vermeyi ama\u00e7lam\u0131\u015ft\u0131r. Commtech \u0130stanbul hizmet verdi\u011fi t\u00fcm sekt\u00f6rlerde ve firmalarda i\u015f sa\u011fl\u0131\u011f\u0131 ve g\u00fcvenli\u011fi k\u00fclt\u00fcr\u00fcn\u00fcn olu\u015fturulmas\u0131 ve geli\u015ftirilmesi i\u00e7in \u00f6nc\u00fcl\u00fck yapmaktad\u0131r.<\/p>\n<p>\u00a0<\/p>\n<p>Bu ba\u011flamda firmam\u0131z yasal \u015fartlar ve m\u00fc\u015fteri ihtiya\u00e7lar\u0131na uygun \u015fekilde hizmet verebilmek ad\u0131na ayr\u0131ca,<\/p>\n<ul>\n<li>Hizmet sundu\u011fumuz firmalara uzmanl\u0131k alanlar\u0131m\u0131z do\u011frultusunda \u00e7\u00f6z\u00fcm orta\u011f\u0131 olabilmek, \u00b7 \u0130\u015f sa\u011fl\u0131\u011f\u0131 ve g\u00fcvenli\u011finin sadece uyulmas\u0131 gereken kurallar olmas\u0131ndan \u00f6te \u00e7al\u0131\u015fma hayat\u0131n\u0131n her kademesinde bir k\u00fclt\u00fcr haline getirilmesine inanarak hizmet vermek, \u00b7 \u0130\u015f kazalar\u0131na, meslek hastal\u0131klar\u0131na ve \u00e7evre kirlili\u011fine sebep olabilecek unsurlar\u0131n tespit edilip, gerekli tedbirlerin uygulanmas\u0131 ve s\u00fcrekli iyile\u015ftirme i\u00e7in takip edilerek yaralanmalar\u0131n, \u00f6l\u00fcmlerin ve mesleki hastal\u0131klar\u0131n \u00f6nlenmesi, \u00b7 Hizmet kalitemizi artt\u0131rmak i\u00e7in y\u00f6ntem ve teknolojik yenilikleri takip ederek en etkin bi\u00e7imde uygulamak ve \u00e7al\u0131\u015fma arkada\u015flar\u0131m\u0131z\u0131 bu do\u011frultuda gerekli e\u011fitim faaliyetleri ile desteklemek, \u00b7 \u0130\u015f verimlili\u011fini ve \u00e7al\u0131\u015fanlar\u0131n motivasyonunu artt\u0131r\u0131c\u0131 uygulamalar\u0131 g\u00f6z \u00f6n\u00fcnde bulundurmak,<\/li>\n<\/ul>\n<p>maddelerini kendine ilke edinmi\u015ftir.<\/p>\n<p>Yasalara uyarak ve hizmet verdi\u011fimiz firmalar\u0131n taleplerini g\u00f6z \u00f6n\u00fcnde bulundurarak politikam\u0131zdan \u00f6d\u00fcn vermeden \u00e7al\u0131\u015faca\u011f\u0131z. Bu do\u011frultuda, Commtech \u0130stanbul olarak t\u00fcm \u00e7al\u0131\u015fanlar\u0131m\u0131z \u00fczerine d\u00fc\u015fen g\u00f6revleri tam ve eksiksiz yapacakt\u0131r. Faaliyetlerimiz hizmet verdi\u011fimiz firmalarla yaz\u0131l\u0131 ve g\u00f6rsel yollarla payla\u015f\u0131lacakt\u0131r. \u0130\u015f sa\u011fl\u0131\u011f\u0131 ve g\u00fcvenli\u011finin temel ilkelerini bir ya\u015fam k\u00fclt\u00fcr\u00fc olarak benimsedi\u011fimizi, bununla beraber hizmet verdi\u011fimiz t\u00fcm kurum ve kurulu\u015flara bu ya\u015fam k\u00fclt\u00fcr\u00fcn\u00fc benimsetmek i\u00e7in buna uygun tutum ve davran\u0131\u015flar sergileyece\u011fimizi taahh\u00fct ederiz.<\/p>\n","protected":false},"excerpt":{"rendered":"<p><img loading=\"lazy\" class=\"alignnone size-large wp-image-403\" src=\"http:\/\/www.commtechist.com\/wp-content\/uploads\/2018\/08\/\u0130\u015fSa\u011fl\u0131\u011f\u0131veG\u00fcvenli\u011fi-1024x413.jpg\" alt=\"\u0130\u015fSa\u011fl\u0131\u011f\u0131veG\u00fcvenli\u011fi\" width=\"640\" height=\"258\" srcset=\"http:\/\/www.commtechist.com\/wp-content\/uploads\/2018\/08\/\u0130\u015fSa\u011fl\u0131\u011f\u0131veG\u00fcvenli\u011fi-1024x413.jpg 1024w, http:\/\/www.commtechist.com\/wp-content\/uploads\/2018\/08\/\u0130\u015fSa\u011fl\u0131\u011f\u0131veG\u00fcvenli\u011fi-300x121.jpg 300w, http:\/\/www.commtechist.com\/wp-content\/uploads\/2018\/08\/\u0130\u015fSa\u011fl\u0131\u011f\u0131veG\u00fcvenli\u011fi-768x310.jpg 768w, http:\/\/www.commtechist.com\/wp-content\/uploads\/2018\/08\/\u0130\u015fSa\u011fl\u0131\u011f\u0131veG\u00fcvenli\u011fi.jpg 1140w\" sizes=\"(max-width: 640px) 100vw, 640px\" \/><\/p>\n<p>Firmalara sa\u011fl\u0131k ve m\u00fchendislik alan\u0131nda gere&#8230;<\/p>\n","protected":false},"author":1,"featured_media":0,"parent":33,"menu_order":0,"comment_status":"closed","ping_status":"closed","template":"template-fullwidth.php","meta":{"spay_email":""},"_links":{"self":[{"href":"http:\/\/www.commtechist.com\/tr_TR\/wp-json\/wp\/v2\/pages\/399"}],"collection":[{"href":"http:\/\/www.commtechist.com\/tr_TR\/wp-json\/wp\/v2\/pages"}],"about":[{"href":"http:\/\/www.commtechist.com\/tr_TR\/wp-json\/wp\/v2\/types\/page"}],"author":[{"embeddable":true,"href":"http:\/\/www.commtechist.com\/tr_TR\/wp-json\/wp\/v2\/users\/1"}],"replies":[{"embeddable":true,"href":"http:\/\/www.commtechist.com\/tr_TR\/wp-json\/wp\/v2\/comments?post=399"}],"version-history":[{"count":7,"href":"http:\/\/www.commtechist.com\/tr_TR\/wp-json\/wp\/v2\/pages\/399\/revisions"}],"predecessor-version":[{"id":735,"href":"http:\/\/www.commtechist.com\/tr_TR\/wp-json\/wp\/v2\/pages\/399\/revisions\/735"}],"up":[{"embeddable":true,"href":"http:\/\/www.commtechist.com\/tr_TR\/wp-json\/wp\/v2\/pages\/33"}],"wp:attachment":[{"href":"http:\/\/www.commtechist.com\/tr_TR\/wp-json\/wp\/v2\/media?parent=399"}],"curies":[{"name":"wp","href":"https:\/\/api.w.org\/{rel}","templated":true}]}}