{"id":38,"date":"2016-03-08T12:06:32","date_gmt":"2016-03-08T10:06:32","guid":{"rendered":"http:\/\/www.commtechist.com\/?page_id=38"},"modified":"2018-08-27T16:26:18","modified_gmt":"2018-08-27T14:26:18","slug":"isletmeye-alma-danismanligi","status":"publish","type":"page","link":"http:\/\/www.commtechist.com\/tr_TR\/hizmetlerimiz\/isletmeye-alma-danismanligi\/","title":{"rendered":"\u0130\u015fletmeye Alma Dan\u0131\u015fmanl\u0131\u011f\u0131"},"content":{"rendered":"<p><img loading=\"lazy\" class=\"wp-image-39 size-medium alignright\" src=\"http:\/\/www.commtechist.com\/wp-content\/uploads\/2016\/03\/commissioning01-300x201.jpg\" alt=\"commissioning01\" width=\"300\" height=\"201\" srcset=\"http:\/\/www.commtechist.com\/wp-content\/uploads\/2016\/03\/commissioning01-300x201.jpg 300w, http:\/\/www.commtechist.com\/wp-content\/uploads\/2016\/03\/commissioning01-768x514.jpg 768w, http:\/\/www.commtechist.com\/wp-content\/uploads\/2016\/03\/commissioning01-1024x685.jpg 1024w, http:\/\/www.commtechist.com\/wp-content\/uploads\/2016\/03\/commissioning01-750x500.jpg 750w, http:\/\/www.commtechist.com\/wp-content\/uploads\/2016\/03\/commissioning01.jpg 1618w\" sizes=\"(max-width: 300px) 100vw, 300px\" \/><\/p>\n<p>Planlama, tedarik ve kurulumdan ba\u011f\u0131ms\u0131z olarak Commtech sizin ad\u0131n\u0131za t\u00fcm s\u00fcreci y\u00f6netebilmeniz i\u00e7in i\u015fletmeye alma s\u00fcrecini tutarl\u0131 bir \u015fekilde y\u00fcr\u00fct\u00fcr. Bu s\u00fcre\u00e7 kontrol, \u00a0inceleme, sorun giderme ve HVAC i\u015fletmeye alma a\u015famalar\u0131n\u0131 i\u00e7erir.<\/p>\n<blockquote><p>Commtech, m\u00fc\u015fterilere, y\u00fcklenicilere, planlay\u0131c\u0131lara, proje y\u00f6neticilerine ve bina son kullan\u0131c\u0131lar\u0131na uzman i\u015fletmeye alma hizmetleri verir.<\/p><\/blockquote>\n<ul>\n<li>Ba\u011f\u0131ms\u0131z i\u015fletmeye alma yetki temini<\/li>\n<li>\u0130hale i\u015fletmeye alma deste\u011fi ve dan\u0131\u015fmanl\u0131\u011f\u0131<\/li>\n<li>Proje i\u015fletmeye alma \u015fartnamesinin haz\u0131rlanmas\u0131<\/li>\n<li>Operasyon ve Bak\u0131m k\u0131lavuzu dan\u0131\u015fmanl\u0131\u011f\u0131<\/li>\n<li>\u0130\u015fletmeye alma test paketlerinin olu\u015fturulmas\u0131<\/li>\n<li>Estidama, LEED, ASHRAE ve BREEAM i\u00e7in \u0130\u015fletmeye alma yetkilendirme\/temsil hizmetleri<\/li>\n<li>Enerji denetimleri<\/li>\n<li>Termal g\u00f6r\u00fcnt\u00fcleme incelemeleri<\/li>\n<li>\u0130\u015fletmeye Alma Onay\u0131<\/li>\n<\/ul>\n<blockquote><p>Commtech\u2019in hem k\u0131smi hem de tam i\u015fletmeye alma uzmanl\u0131k ve deneyimleri a\u015fa\u011f\u0131daki konularda i\u015fletmeye alma denetimi ve onaylamas\u0131 sunabilece\u011fimiz anlam\u0131na gelir:<\/p><\/blockquote>\n<ul>\n<li>\u0130\u015fletmeye alma \u00e7al\u0131\u015fmalar\u0131<\/li>\n<li>\u0130\u015fletmeye alma programlar\u0131n\u0131n incelenmesi<\/li>\n<li>\u0130\u015fletmeye alma y\u00f6ntem raporlar\u0131n\u0131n incelenmesi<\/li>\n<li>Statik testlere tan\u0131kl\u0131k etme<\/li>\n<li>Sistemlerin i\u015fletmeye al\u0131nmas\u0131na tan\u0131kl\u0131k etme<\/li>\n<li>Santral i\u015fletmeye alma ve y\u00fck testine tan\u0131kl\u0131k etmek<\/li>\n<li>Termal g\u00f6r\u00fcnt\u00fcleme<\/li>\n<li>\u0130\u015fletmeye alma ve test sonu\u00e7lar\u0131n\u0131n incelenmesi<\/li>\n<li>Test raporu haz\u0131rlanmas\u0131<\/li>\n<\/ul>\n<p>&nbsp;<\/p>\n","protected":false},"excerpt":{"rendered":"<p><img loading=\"lazy\" class=\"wp-image-39 size-medium alignright\" src=\"http:\/\/www.commtechist.com\/wp-content\/uploads\/2016\/03\/commissioning01-300x201.jpg\" alt=\"commissioning01\" width=\"300\" height=\"201\" srcset=\"http:\/\/www.commtechist.com\/wp-content\/uploads\/2016\/03\/commissioning01-300x201.jpg 300w, http:\/\/www.commtechist.com\/wp-content\/uploads\/2016\/03\/commissioning01-768x514.jpg 768w, http:\/\/www.commtechist.com\/wp-content\/uploads\/2016\/03\/commissioning01-1024x685.jpg 1024w, http:\/\/www.commtechist.com\/wp-content\/uploads\/2016\/03\/commissioning01-750x500.jpg 750w, http:\/\/www.commtechist.com\/wp-content\/uploads\/2016\/03\/commissioning01.jpg 1618w\" sizes=\"(max-width: 300px) 100vw, 300px\" \/><\/p>\n<p>Planlama, tedarik ve kurulumdan ba\u011f\u0131ms\u0131z olarak Commtech sizi&#8230;<\/p>\n","protected":false},"author":1,"featured_media":0,"parent":33,"menu_order":0,"comment_status":"closed","ping_status":"closed","template":"template-fullwidth.php","meta":{"spay_email":""},"_links":{"self":[{"href":"http:\/\/www.commtechist.com\/tr_TR\/wp-json\/wp\/v2\/pages\/38"}],"collection":[{"href":"http:\/\/www.commtechist.com\/tr_TR\/wp-json\/wp\/v2\/pages"}],"about":[{"href":"http:\/\/www.commtechist.com\/tr_TR\/wp-json\/wp\/v2\/types\/page"}],"author":[{"embeddable":true,"href":"http:\/\/www.commtechist.com\/tr_TR\/wp-json\/wp\/v2\/users\/1"}],"replies":[{"embeddable":true,"href":"http:\/\/www.commtechist.com\/tr_TR\/wp-json\/wp\/v2\/comments?post=38"}],"version-history":[{"count":7,"href":"http:\/\/www.commtechist.com\/tr_TR\/wp-json\/wp\/v2\/pages\/38\/revisions"}],"predecessor-version":[{"id":211,"href":"http:\/\/www.commtechist.com\/tr_TR\/wp-json\/wp\/v2\/pages\/38\/revisions\/211"}],"up":[{"embeddable":true,"href":"http:\/\/www.commtechist.com\/tr_TR\/wp-json\/wp\/v2\/pages\/33"}],"wp:attachment":[{"href":"http:\/\/www.commtechist.com\/tr_TR\/wp-json\/wp\/v2\/media?parent=38"}],"curies":[{"name":"wp","href":"https:\/\/api.w.org\/{rel}","templated":true}]}}