{"id":362,"date":"2018-05-05T13:08:53","date_gmt":"2018-05-05T11:08:53","guid":{"rendered":"http:\/\/www.commtechist.com\/?page_id=362"},"modified":"2018-08-30T09:36:30","modified_gmt":"2018-08-30T07:36:30","slug":"destek","status":"publish","type":"page","link":"http:\/\/www.commtechist.com\/tr_TR\/commtech-akademi\/destek\/","title":{"rendered":"Destek "},"content":{"rendered":"<p><del><img loading=\"lazy\" class=\"alignnone size-full wp-image-376\" src=\"http:\/\/www.commtechist.com\/wp-content\/uploads\/2018\/05\/\u015eeffaf-Commtech-Academy-Logo.jpg\" alt=\"\u015eeffaf Commtech Academy Logo\" width=\"278\" height=\"104\" srcset=\"http:\/\/www.commtechist.com\/wp-content\/uploads\/2018\/05\/\u015eeffaf-Commtech-Academy-Logo.jpg 278w, http:\/\/www.commtechist.com\/wp-content\/uploads\/2018\/05\/\u015eeffaf-Commtech-Academy-Logo-130x50.jpg 130w\" sizes=\"(max-width: 278px) 100vw, 278px\" \/><\/del><\/p>\n<p><span style=\"color: #800000;\"><strong>\u0130stinye \u00dcniversitesi S\u00fcrekli E\u011fitim Merkezi<\/strong><\/span><br \/>\n<i>\u0130stinye \u00dcniversitesi Topkap\u0131 Kamp\u00fcs\u00fc, Maltepe Mah., Edirne \u00c7\u0131rp\u0131c\u0131 Yolu, No.9 Zeytinburnu, \u0130stanbul, 34010<\/i><\/p>\n<p><a class=\"btn btn-default\" href=\"https:\/\/sem.istinye.edu.tr\/+908502836000\">0850 283 60 00<\/a><\/p>\n<p><a class=\"btn btn-default\" href=\"mailto:isusem@istinye.edu.tr\">isusem@istinye.edu.tr<\/a><\/p>\n<p><span style=\"color: #800000;\"><strong>Commtech \u0130stanbul M\u00fch. ve Dan. Hiz. A.\u015e.<\/strong><\/span><\/p>\n<p>Nissa O2 Rezidans B Blok Kat:5<br \/>\nF\u0131rat Cad. Bah\u00e7e\u015fehir 1. K\u0131s\u0131m Mah.<br \/>\n34488 Avc\u0131lar \u0130stanbul-T\u00dcRK\u0130YE<\/p>\n<p>Tel: +90 (533) 762 25 68<br \/>\nEmail: <a href=\"mailto:info@commtechist.com\" target=\"_blank\">info@commtechist.com<\/a><\/p>\n<p>Web:<br \/>\n<a href=\"http:\/\/www.commtechist.com\/\">www.commtechist.com<\/a><br \/>\n<a href=\"http:\/\/www.commtech-group.com\/\">www.commtech-group.com<\/a><\/p>\n<p><a href=\"https:\/\/www.facebook.com\/commtechistanbul\/\"><img loading=\"lazy\" class=\"alignnone wp-image-335 size-zerif-testimonial\" src=\"http:\/\/www.commtechist.com\/wp-content\/uploads\/2016\/03\/01-Facebook_button-73x73.png\" sizes=\"(max-width: 73px) 100vw, 73px\" alt=\"01 Facebook_button\" width=\"73\" height=\"73\" srcset=\"http:\/\/www.commtechist.com\/wp-content\/uploads\/2016\/03\/01-Facebook_button-73x73.png 73w, http:\/\/www.commtechist.com\/wp-content\/uploads\/2016\/03\/01-Facebook_button-150x150.png 150w, http:\/\/www.commtechist.com\/wp-content\/uploads\/2016\/03\/01-Facebook_button-174x174.png 174w, http:\/\/www.commtechist.com\/wp-content\/uploads\/2016\/03\/01-Facebook_button-250x250.png 250w, http:\/\/www.commtechist.com\/wp-content\/uploads\/2016\/03\/01-Facebook_button.png 256w\" \/><\/a> <a href=\"https:\/\/www.instagram.com\/commtechistanbul\/\"><img loading=\"lazy\" class=\"alignnone wp-image-336 size-zerif-testimonial\" src=\"http:\/\/www.commtechist.com\/wp-content\/uploads\/2016\/03\/02-Instagram-73x73.png\" sizes=\"(max-width: 73px) 100vw, 73px\" alt=\"02 Instagram\" width=\"73\" height=\"73\" srcset=\"http:\/\/www.commtechist.com\/wp-content\/uploads\/2016\/03\/02-Instagram-73x73.png 73w, http:\/\/www.commtechist.com\/wp-content\/uploads\/2016\/03\/02-Instagram-150x150.png 150w, http:\/\/www.commtechist.com\/wp-content\/uploads\/2016\/03\/02-Instagram-174x174.png 174w, http:\/\/www.commtechist.com\/wp-content\/uploads\/2016\/03\/02-Instagram-250x250.png 250w, http:\/\/www.commtechist.com\/wp-content\/uploads\/2016\/03\/02-Instagram.png 256w\" \/><\/a><\/p>\n","protected":false},"excerpt":{"rendered":"<p><del><img loading=\"lazy\" class=\"alignnone size-full wp-image-376\" src=\"http:\/\/www.commtechist.com\/wp-content\/uploads\/2018\/05\/\u015eeffaf-Commtech-Academy-Logo.jpg\" alt=\"\u015eeffaf Commtech Academy Logo\" width=\"278\" height=\"104\" srcset=\"http:\/\/www.commtechist.com\/wp-content\/uploads\/2018\/05\/\u015eeffaf-Commtech-Academy-Logo.jpg 278w, http:\/\/www.commtechist.com\/wp-content\/uploads\/2018\/05\/\u015eeffaf-Commtech-Academy-Logo-130x50.jpg 130w\" sizes=\"(max-width: 278px) 100vw, 278px\" \/><\/del><\/p>\n<p><span style=\"color: #800000;\"><str...\n<\/p>\n","protected":false},"author":1,"featured_media":0,"parent":347,"menu_order":0,"comment_status":"closed","ping_status":"closed","template":"template-fullwidth.php","meta":{"spay_email":""},"_links":{"self":[{"href":"http:\/\/www.commtechist.com\/tr_TR\/wp-json\/wp\/v2\/pages\/362"}],"collection":[{"href":"http:\/\/www.commtechist.com\/tr_TR\/wp-json\/wp\/v2\/pages"}],"about":[{"href":"http:\/\/www.commtechist.com\/tr_TR\/wp-json\/wp\/v2\/types\/page"}],"author":[{"embeddable":true,"href":"http:\/\/www.commtechist.com\/tr_TR\/wp-json\/wp\/v2\/users\/1"}],"replies":[{"embeddable":true,"href":"http:\/\/www.commtechist.com\/tr_TR\/wp-json\/wp\/v2\/comments?post=362"}],"version-history":[{"count":10,"href":"http:\/\/www.commtechist.com\/tr_TR\/wp-json\/wp\/v2\/pages\/362\/revisions"}],"predecessor-version":[{"id":472,"href":"http:\/\/www.commtechist.com\/tr_TR\/wp-json\/wp\/v2\/pages\/362\/revisions\/472"}],"up":[{"embeddable":true,"href":"http:\/\/www.commtechist.com\/tr_TR\/wp-json\/wp\/v2\/pages\/347"}],"wp:attachment":[{"href":"http:\/\/www.commtechist.com\/tr_TR\/wp-json\/wp\/v2\/media?parent=362"}],"curies":[{"name":"wp","href":"https:\/\/api.w.org\/{rel}","templated":true}]}}