{"id":358,"date":"2018-05-05T13:08:11","date_gmt":"2018-05-05T11:08:11","guid":{"rendered":"http:\/\/www.commtechist.com\/?page_id=358"},"modified":"2018-08-30T09:49:31","modified_gmt":"2018-08-30T07:49:31","slug":"projects-caffee","status":"publish","type":"page","link":"http:\/\/www.commtechist.com\/tr_TR\/commtech-akademi\/projects-caffee\/","title":{"rendered":"Projects Caffee"},"content":{"rendered":"<h2 style=\"text-align: left;\"><span style=\"color: #000080;\">Yak\u0131nda&#8230;<\/span><\/h2>\n<p style=\"text-align: left;\"><img loading=\"lazy\" class=\"alignnone size-full wp-image-365\" src=\"http:\/\/www.commtechist.com\/wp-content\/uploads\/2018\/05\/Projects-Caffee-Logo.png\" alt=\"Projects Caffee Logo\" width=\"454\" height=\"251\" srcset=\"http:\/\/www.commtechist.com\/wp-content\/uploads\/2018\/05\/Projects-Caffee-Logo.png 454w, http:\/\/www.commtechist.com\/wp-content\/uploads\/2018\/05\/Projects-Caffee-Logo-300x166.png 300w\" sizes=\"(max-width: 454px) 100vw, 454px\" \/><\/p>\n<p>Alan\u0131nda profesyonel ve uzman akademisyen i\u015f adam\u0131 ve entellekt\u00fceller ile beraber ilgi duyan herkesin kat\u0131l\u0131m sa\u011flayabilece\u011fi, sohbet ve s\u00f6yle\u015fi tarz\u0131nda kahvelerimizi yudumlayarak sekt\u00f6r hakk\u0131nda bilgi edinebilece\u011fimiz bir ortam sunan Projects Caffee program detaylar\u0131 buradan ve <a href=\"https:\/\/www.facebook.com\/commtechistanbul\/\">https:\/\/www.facebook.com\/commtechistanbul\/<\/a> , \u00a0<a href=\"https:\/\/www.instagram.com\/commtechistanbul\/\">https:\/\/www.instagram.com\/commtechistanbul\/<\/a> ve <a href=\"https:\/\/twitter.com\/Commtechist\">https:\/\/twitter.com\/Commtechist<\/a> \u00a0sosyal medya hesaplar\u0131m\u0131zdan takip edebilirsiniz.<\/p>\n","protected":false},"excerpt":{"rendered":"<h2 style=\"text-align: left;\"><span style=\"color: #000080;\">Yak\u0131nda&#8230;<\/span><\/h2>\n<p style=\"text-align: left;\"><img loading=\"lazy\" width=\"454\" height=\"251\" class=\"alignnone size-full wp-image-365\" src=\"http:\/\/www.commtechist.com\/wp-content\/uploads\/2018\/05\/Projects-Caffee-Logo.png\" alt=\"P...\n<\/p srcset=\"http:\/\/www.commtechist.com\/wp-content\/uploads\/2018\/05\/Projects-Caffee-Logo.png 454w, http:\/\/www.commtechist.com\/wp-content\/uploads\/2018\/05\/Projects-Caffee-Logo-300x166.png 300w\" sizes=\"(max-width: 454px) 100vw, 454px\" \/>\n","protected":false},"author":1,"featured_media":0,"parent":347,"menu_order":0,"comment_status":"closed","ping_status":"closed","template":"template-fullwidth.php","meta":{"spay_email":""},"_links":{"self":[{"href":"http:\/\/www.commtechist.com\/tr_TR\/wp-json\/wp\/v2\/pages\/358"}],"collection":[{"href":"http:\/\/www.commtechist.com\/tr_TR\/wp-json\/wp\/v2\/pages"}],"about":[{"href":"http:\/\/www.commtechist.com\/tr_TR\/wp-json\/wp\/v2\/types\/page"}],"author":[{"embeddable":true,"href":"http:\/\/www.commtechist.com\/tr_TR\/wp-json\/wp\/v2\/users\/1"}],"replies":[{"embeddable":true,"href":"http:\/\/www.commtechist.com\/tr_TR\/wp-json\/wp\/v2\/comments?post=358"}],"version-history":[{"count":4,"href":"http:\/\/www.commtechist.com\/tr_TR\/wp-json\/wp\/v2\/pages\/358\/revisions"}],"predecessor-version":[{"id":481,"href":"http:\/\/www.commtechist.com\/tr_TR\/wp-json\/wp\/v2\/pages\/358\/revisions\/481"}],"up":[{"embeddable":true,"href":"http:\/\/www.commtechist.com\/tr_TR\/wp-json\/wp\/v2\/pages\/347"}],"wp:attachment":[{"href":"http:\/\/www.commtechist.com\/tr_TR\/wp-json\/wp\/v2\/media?parent=358"}],"curies":[{"name":"wp","href":"https:\/\/api.w.org\/{rel}","templated":true}]}}