{"id":356,"date":"2018-05-05T13:07:55","date_gmt":"2018-05-05T11:07:55","guid":{"rendered":"http:\/\/www.commtechist.com\/?page_id=356"},"modified":"2018-09-07T08:51:11","modified_gmt":"2018-09-07T06:51:11","slug":"egitmen","status":"publish","type":"page","link":"http:\/\/www.commtechist.com\/tr_TR\/commtech-akademi\/egitmen\/","title":{"rendered":"E\u011fitmen"},"content":{"rendered":"<p><img loading=\"lazy\" class=\"alignnone size-full wp-image-376\" src=\"http:\/\/www.commtechist.com\/wp-content\/uploads\/2018\/05\/\u015eeffaf-Commtech-Academy-Logo.jpg\" alt=\"\u015eeffaf Commtech Academy Logo\" width=\"278\" height=\"104\" srcset=\"http:\/\/www.commtechist.com\/wp-content\/uploads\/2018\/05\/\u015eeffaf-Commtech-Academy-Logo.jpg 278w, http:\/\/www.commtechist.com\/wp-content\/uploads\/2018\/05\/\u015eeffaf-Commtech-Academy-Logo-130x50.jpg 130w\" sizes=\"(max-width: 278px) 100vw, 278px\" \/><\/p>\n<div id=\"headingOne\" class=\"panel-heading\">\n<h4 class=\"panel-title\"><a href=\"https:\/\/sem.istinye.edu.tr\/egitim\/insaat-sektorunde-proje-yonetimi-egitimi#collapseOne\" data-toggle=\"collapse\" data-parent=\"#accordion\">E\u011fitimciler<\/a><\/h4>\n<\/div>\n<div id=\"collapseOne\" class=\"panel-collapse collapse in\">\n<div class=\"panel-body\">\n<div class=\"row\">\n<div class=\"col-md-3\"><img class=\"img-responsive img-thumb\" src=\"https:\/\/sem.istinye.edu.tr\/wp-content\/uploads\/2018\/05\/timur-kabaday\u0131.png\" alt=\"\" \/><\/div>\n<div class=\"col-md-9\">\n<p><strong>Timur Kabaday\u0131 MSc, MBA<\/strong><\/p>\n<p>Y\u00f6netici direkt\u00f6rl\u00fck ve dan\u0131\u015fmanl\u0131k yapan Timur Kabaday\u0131\u2019n\u0131n \u0130la\u00e7 End\u00fcstrisinde yakla\u015f\u0131k yirmi be\u015f y\u0131ll\u0131k tecr\u00fcbesi vard\u0131r. Eczac\u0131ba\u015f\u0131 \u0130la\u00e7 L\u00fcleburgaz tesislerinde Bak\u0131m Onar\u0131m M\u00fcd\u00fcrl\u00fc\u011f\u00fcnden, Kanada Apotex firmas\u0131nda Bilgisayarl\u0131 Sistemlerin Validasyonu B\u00f6l\u00fcm\u00fcne ge\u00e7erek meslek hayat\u0131nda y\u00f6n de\u011fi\u015ftirmi\u015f ve alt yap\u0131s\u0131 sayesinde bu b\u00f6l\u00fcmde \u00e7ok k\u0131sa bir s\u00fcrede b\u00f6l\u00fcm m\u00fcd\u00fcrl\u00fc\u011f\u00fcne y\u00fckselmi\u015ftir. 2004 y\u0131l\u0131nda Conval Grup\u2019u kurmu\u015ftur. Ekibi ile birlikte yurti\u00e7i ve yurtd\u0131\u015f\u0131nda \u0130la\u00e7 End\u00fcstrisi CSV projelerini ba\u015far\u0131l\u0131 bir \u015fekilde y\u00fcr\u00fctmektedir. Y\u00fcksek Makine M\u00fchendisi olan Timur Kabaday\u0131, MBA program\u0131n\u0131 York \u00dcniversitesi, Toronto\u2019da tamamlam\u0131\u015ft\u0131r.<\/p>\n<\/div>\n<\/div>\n<hr \/>\n<div class=\"row\">\n<div class=\"col-md-3\"><img class=\"img-responsive img-thumb\" src=\"https:\/\/sem.istinye.edu.tr\/wp-content\/uploads\/2018\/05\/\u00f6mer-\u00e7imen.png\" alt=\"\" \/><\/div>\n<div class=\"col-md-9\">\n<p><strong>\u00d6mer \u00c7imen BSc<\/strong><\/p>\n<p>Yakla\u015f\u0131k 11 y\u0131ld\u0131r Dan\u0131\u015fman olarak \u00e7al\u0131\u015fmaktad\u0131r. Uzmanl\u0131k alan\u0131 bilgisayarl\u0131 sistemler validasyonu olup b\u00fcy\u00fck \u00e7apta ERP sistemlerinin validasyon \u00e7al\u0131\u015fmalar\u0131n\u0131n y\u00f6netilmesinin yan\u0131 s\u0131ra IT kalite s\u00fcre\u00e7lerinin d\u00fczenlenmesine de destek vermektedir. End\u00fcstri M\u00fchendisi olan \u00d6mer \u00c7imen, lisans e\u011fitimini \u0130stanbul \u00dcniversitesi\u2019nde tamamlam\u0131\u015ft\u0131r.<\/p>\n<\/div>\n<\/div>\n<hr \/>\n<div class=\"row\">\n<div class=\"col-md-3\"><img class=\"img-responsive img-thumb\" src=\"https:\/\/sem.istinye.edu.tr\/wp-content\/uploads\/2018\/05\/\u015febnem-kesim.png\" alt=\"\" \/><\/div>\n<div class=\"col-md-9\">\n<p><strong>\u015eebnem Kesim MSc<\/strong><\/p>\n<p>Dan\u0131\u015fmanl\u0131k yapan \u015eebnem Kesim\u2019in \u0130la\u00e7 End\u00fcstrisinde yakla\u015f\u0131k 13 y\u0131ll\u0131k tecr\u00fcbesi vard\u0131r. Abdi \u0130brahim \u0130la\u00e7 Kalite Kontrol Laboratuar\u0131nda Analist olarak \u00e7al\u0131\u015ft\u0131ktan sonra dan\u0131\u015fmanl\u0131k yapmaya ba\u015flam\u0131\u015ft\u0131r. Dan\u0131\u015fman olarak \u00e7al\u0131\u015fmakta oldu\u011fu 11 y\u0131l boyunca \u00f6zellikle Laboratuar Ekipmanlar\u0131 Validasyonu ve Laboratuar Bilgisayarl\u0131 Sistem Projeleri\u2019nde yer alm\u0131\u015ft\u0131r. Kimya M\u00fchendisi olan \u015eebnem Kesim, Y\u00fcksek Lisans Program\u0131n\u0131 \u201cEngineering Management\u201d b\u00f6l\u00fcm\u00fcnde tamamlam\u0131\u015ft\u0131r.<\/p>\n<\/div>\n<\/div>\n<hr \/>\n<div class=\"col-md-3\"><img class=\"img-responsive img-thumb\" src=\"http:\/\/www.commtechist.com\/wp-content\/uploads\/2018\/05\/yusufsait.png\" alt=\"\" \/><\/div>\n<div class=\"col-md-9\">\n<p><strong>Yusuf Sait T\u00fcrkan<\/strong><\/p>\n<p>\u0130stanbul \u00dcniversitesi End\u00fcstri M\u00fchendisli\u011fi B\u00f6l\u00fcm\u00fcnde 15 y\u0131l\u0131 a\u015fk\u0131n s\u00fcredir \u00f6\u011fretim \u00fcyeli\u011fi yapan Yusuf Sait T\u00fcrkan yine ayn\u0131 b\u00f6l\u00fcmde B\u00f6l\u00fcm Ba\u015fkanl\u0131\u011f\u0131 g\u00f6revine devam etmektedir. Alan\u0131nda yazm\u0131\u015f oldu\u011fu bir\u00e7ok kitab\u0131n yan\u0131 s\u0131ra AB projelerinde uzman de\u011ferlendirici ve bilirki\u015fi olarak g\u00f6rev alm\u0131\u015ft\u0131r. Proje Y\u00f6netimi, MS Project, Sim\u00fclasyon Tabanl\u0131 Optimizasyon, Karar Analizi, Proje Y\u00f6netiminde NP Problemleri,\u00a0 Tesis Yerle\u015fim Problemleri, Kalite Y\u00f6netim Sistemleri ve SME\u2019de Kalite Uygulamalar\u0131 konular\u0131nda ara\u015ft\u0131rmac\u0131 olarak g\u00f6revler alan T\u00fcrkan Proje Y\u00f6netiminde Planlama ve Kontrol Teknikleri ba\u015fl\u0131kl\u0131 kitab\u0131 sekt\u00f6re y\u00f6n veren \u00f6nemli kaynak\u00e7alardan sadece biridir. Say\u0131s\u0131z seminer ve e\u011fitim veren Yusuf Sait T\u00fcrkan \u0130ngilizce ve Almanca bilmektedir.<\/p>\n<\/div>\n<div class=\"col-md-3\"><img class=\"img-responsive img-thumb\" src=\"https:\/\/sem.istinye.edu.tr\/wp-content\/themes\/isusem_ck\/img\/dumy-avatar.jpg\" alt=\"\" \/><\/div>\n<div class=\"col-md-9\">\n<p><strong>Ceren Top\u00e7ular MSc<\/strong><\/p>\n<p>Yakla\u015f\u0131k 11 y\u0131ld\u0131r Dan\u0131\u015fman olarak \u00e7al\u0131\u015fmaktad\u0131r. Uzmanl\u0131k alan\u0131 bilgisayarl\u0131 sistemler validasyonu olup ERP, kalite y\u00f6netim, depo y\u00f6netim, bina y\u00f6netim ve network gibi sistemlerin validasyon \u00e7al\u0131\u015fmalar\u0131n\u0131n y\u00f6netilmesinin yan\u0131 s\u0131ra Axelos onayl\u0131 ITIL expert sertifikas\u0131 ile IT kalite s\u00fcre\u00e7lerinin d\u00fczenlenmesine de destek vermektedir. Kimya Y\u00fcksek M\u00fchendisi olan Ceren Top\u00e7ular, lisans ve y\u00fcksek lisans e\u011fitimlerini Hacettepe \u00dcniversitesi\u2019nde tamamlam\u0131\u015ft\u0131r.<\/p>\n<\/div>\n<\/div>\n<hr \/>\n<div class=\"row\">\n<div class=\"col-md-3\"><img class=\"img-responsive img-thumb\" src=\"https:\/\/sem.istinye.edu.tr\/wp-content\/uploads\/2018\/05\/haluk-tanca.png\" alt=\"\" \/><\/div>\n<div class=\"col-md-9\">\n<p><strong>Haluk Tanca BSc<\/strong><\/p>\n<p>Yakla\u015f\u0131k 2 y\u0131ld\u0131r dan\u0131\u015fmanl\u0131k yapan Haluk Tanca\u2019n\u0131n \u0130\u015f d\u00fcnyas\u0131nda 31 y\u0131ll\u0131k, ila\u00e7 end\u00fcstrisinde yakla\u015f\u0131k 11 y\u0131ll\u0131k tecr\u00fcbesi vard\u0131r. Kodak ve UCB Pharma\u2019da Avrupa,Ortadogu ve Afrika IT direkt\u00f6rl\u00fc\u011f\u00fcn\u00fc y\u00fcr\u00fctm\u00fc\u015ft\u00fcr. Yurti\u00e7i ve yurtd\u0131\u015f\u0131nda \u0130la\u00e7 End\u00fcstrisi IT, Data governance ve Bilgisayarl\u0131 sistemler validasyonu projelerini ba\u015far\u0131l\u0131 bir \u015fekilde y\u00fcr\u00fctmektedir.<\/p>\n<\/div>\n<\/div>\n<hr \/>\n<div class=\"row\">\n<div class=\"col-md-3\"><img class=\"img-responsive img-thumb\" src=\"https:\/\/sem.istinye.edu.tr\/wp-content\/uploads\/2018\/05\/serdar-\u00e7atar.png\" alt=\"\" \/><\/div>\n<div class=\"col-md-9\">\n<p><strong>Serdar \u00c7atar MSc<\/strong><\/p>\n<p>1976 y\u0131l\u0131nda do\u011fan R.Serdar \u00c7atar, \u0130stanbul Teknik \u00dcniversitesi Mimarl\u0131k b\u00f6l\u00fcm\u00fcnden mezun olmu\u015ftur. \u0130T\u00dc Mimarl\u0131k Fak\u00fcltesi Proje ve Yap\u0131m Y\u00f6netimi y\u00fcksek lisans program\u0131n\u0131 tamamlam\u0131\u015ft\u0131r. Halen ayn\u0131 \u00dcniversitede doktora \u00e7al\u0131\u015fmas\u0131n\u0131 s\u00fcrd\u00fcrmektedir. \u0130\u015f hayat\u0131na Koray \u0130n\u015faat\u2019ta ba\u015flayan \u00c7atar, 1998 y\u0131l\u0131ndan itibaren; Saha Mimar\u0131, Kontrol Mimar\u0131, \u015eantiye \u015eefli\u011fi, Teknik Ofis Y\u00f6neticili\u011fi, Proje M\u00fcd\u00fcrl\u00fc\u011f\u00fc, Yurtd\u0131\u015f\u0131 ve Yurti\u00e7i Projeler Koordinat\u00f6rl\u00fc\u011f\u00fc, \u0130n\u015faat Koordinat\u00f6rl\u00fc\u011f\u00fc g\u00f6revlerinde bulundu. \u00c7al\u0131\u015ft\u0131\u011f\u0131 \u015firketler; in\u015faat taahh\u00fct, m\u00fc\u015favirlik, gayrimenkul geli\u015ftirme \u015firketleri ile finansal gayrimenkul fonlar\u0131ndan olu\u015fmu\u015ftur. \u015eu ana kadar, y\u00fcksek katl\u0131 binalar, \u00f6zel nitelikli konutlar, i\u015f merkezleri, oteller, nitelikli restorasyon projeleri, k\u00fclt\u00fcr ve kongre merkezleri ile pek \u00e7ok end\u00fcstri yap\u0131lar\u0131n\u0131 tamamlam\u0131\u015ft\u0131r. Tamamlad\u0131\u011f\u0131 projeler, ulusal ve uluslararas\u0131 yay\u0131nlarda yer alm\u0131\u015f ve \u00f6d\u00fcller kazanm\u0131\u015ft\u0131r. Yerli ve \u00e7ok uluslu y\u00f6netim \u015firketlerde \u00e7al\u0131\u015fan \u00c7atar, in\u015faat \u00f6ncesi, in\u015faat s\u00fcreci ve sonras\u0131ndaki her a\u015famada y\u00f6netici olarak yer alm\u0131\u015ft\u0131r.<\/p>\n<\/div>\n<\/div>\n<hr \/>\n<div class=\"row\">\n<div class=\"col-md-3\"><img class=\"img-responsive img-thumb\" src=\"https:\/\/sem.istinye.edu.tr\/wp-content\/themes\/isusem_ck\/img\/dumy-avatar.jpg\" alt=\"\" \/><\/div>\n<div class=\"col-md-9\">\n<p><strong>\u015e\u00fckr\u00fc \u00d6zen\u00e7 MSc<\/strong><\/p>\n<p>1972 y\u0131l\u0131nda do\u011fan \u015e\u00fckr\u00fc \u00d6zen\u00e7, \u0130stanbul Teknik \u00dcniversitesi \u0130n\u015faat Fak\u00fcltesi \u0130n\u015faat b\u00f6l\u00fcm\u00fcnden 1993 y\u0131l\u0131nda mezun olmu\u015ftur.1996 y\u0131l\u0131nda\u00a0 \u0130T\u00dc \u0130n\u015faat\u00a0 Fak\u00fcltesi Yap\u0131 \u0130\u015fletmesi y\u00fcksek lisans program\u0131na kat\u0131lm\u0131\u015ft\u0131r. 1993 y\u0131l\u0131nda i\u015f hayat\u0131na ba\u015flayan \u00d6zen\u00e7, 1998 y\u0131l\u0131ndan itibaren; Kontrol M\u00fchendisli\u011fi, \u015eantiye \u015eefli\u011fi, Teknik Ofis Y\u00f6neticili\u011fi, Proje M\u00fcd\u00fcrl\u00fc\u011f\u00fc ve de 2007 y\u0131l\u0131ndan itibaren Proje\u00a0Y\u00f6netim\u00a0alan\u0131nda Proje Direkt\u00f6r\u00fc g\u00f6revlerinde bulunmu\u015ftur. \u015eu ana kadar, y\u00fcksek katl\u0131 binalar, \u00f6zel nitelikli konutlar, i\u015f merkezleri, oteller, AVM, k\u00fclt\u00fcr ve kongre merkezleri ile pek \u00e7ok end\u00fcstri yap\u0131lar\u0131n\u0131 Proje Y\u00f6netimi ad\u0131 alt\u0131nda\u00a0tamamlam\u0131\u015ft\u0131r. Tamamlad\u0131\u011f\u0131 projeler, ulusal ve uluslararas\u0131 yay\u0131nlarda yer alm\u0131\u015f ve \u00f6d\u00fcller kazanm\u0131\u015ft\u0131r. Yerli ve \u00e7ok uluslu \u00a0Proje Y\u00f6netim \u015firketlerinde \u00e7al\u0131\u015fan \u00d6zen\u00e7, in\u015faat \u00f6ncesi, in\u015faat s\u00fcreci ve sonras\u0131ndaki her a\u015famada y\u00f6netici olarak yer alm\u0131\u015f olup halen uluslararas\u0131 d\u00fczeyde hizmet veren kurumsal bir Proje Y\u00f6netimi firmas\u0131nda Y\u00f6netici pozisyonunda \u00e7al\u0131\u015fmaktad\u0131r.<\/p>\n<\/div>\n<\/div>\n<hr \/>\n<div class=\"row\">\n<div class=\"col-md-3\"><img class=\"img-responsive img-thumb\" src=\"https:\/\/sem.istinye.edu.tr\/wp-content\/uploads\/2018\/05\/can-akg\u00fcn.png\" alt=\"\" \/><\/div>\n<div class=\"col-md-9\">\n<p><strong>Can Akg\u00fcn BSc<\/strong><\/p>\n<p>Y\u00f6neticilik ve dan\u0131\u015fmanl\u0131k yapan Can Akg\u00fcn\u2019\u00fcn in\u015faat sekt\u00f6r\u00fcnde yakla\u015f\u0131k 20 y\u0131ll\u0131k deneyimi bulunmaktad\u0131r. Havac\u0131l\u0131k alan\u0131nda hizmet veren kurumsal firmalarda mekanik kontrol m\u00fchendisli\u011fi, proje y\u00f6neticili\u011fi ve tak\u0131m liderli\u011fi gibi pozisyonlarda g\u00f6rev alan Akg\u00fcn yine ayn\u0131 alanda hizmet veren \u015firketin y\u00f6neticili\u011fine devam etmektedir. E\u015f zamanl\u0131 olarak d\u00fcnya \u00e7ap\u0131nda d\u00fczenlenen otomotiv sekt\u00f6r\u00fc proje yar\u0131\u015fmalar\u0131nda 1.lik \u00f6d\u00fclleri kazanm\u0131\u015f, tasar\u0131m ve icatlar\u0131n\u0131 prototip olarak modelleyerek, t\u00fcm ara\u00e7larda kullan\u0131labilecek ticari \u00fcr\u00fcnler haline getirmi\u015ftir. \u201cRisk Uyar\u0131 Sistemi\u201d, \u201cSanal Yol \u015eerit ve Uyar\u0131 Sim\u00fclasyon Sistemi\u201d, \u201dSistematik Olarak Rezervli Ara\u00e7 Kolonizasyonu ile Ak\u0131ll\u0131 Rota Planlamas\u0131\u201d tasar\u0131mlar\u0131ndan baz\u0131lar\u0131d\u0131r. Havac\u0131l\u0131k ve in\u015faat sekt\u00f6r\u00fcnde faaliyet g\u00f6steren dernek ve vak\u0131flarda y\u00f6netim kurulu \u00fcyelikleri, yenilenebilir enerji, ekolojik yap\u0131 teknolojileri ve ekolojik yap\u0131larda klimatizasyon sistemleri, proje y\u00f6netimi, i\u015fletmeye alma y\u00f6netimi ve test ve devreye alma konular\u0131nda uzmanl\u0131\u011f\u0131 ve patent \u00e7al\u0131\u015fmalar\u0131 bulunan Can Akg\u00fcn, \u0130ngilizce ve Almanca bilmektedir.<\/p>\n<\/div>\n<\/div>\n<hr \/>\n<div class=\"row\">\n<div class=\"col-md-3\"><img class=\"img-responsive img-thumb\" src=\"https:\/\/sem.istinye.edu.tr\/wp-content\/uploads\/2018\/05\/fatih-ulusoy.png\" alt=\"\" \/><\/div>\n<div class=\"col-md-9\">\n<p><strong>Fatih Ulusoy Bsc<\/strong><\/p>\n<p>1980 y\u0131l\u0131nda do\u011fan Fatih ULUSOY, Sakarya \u00dcniversitesi Metalurji ve Malzeme M\u00fchendisli\u011fi b\u00f6l\u00fcm\u00fcnden mezun olmu\u015ftur. \u0130stanbul Ayd\u0131n \u00dcniversitesinde \u0130\u015fletme y\u00fcksek lisans program\u0131n\u0131 tamamlam\u0131\u015ft\u0131r. Ayr\u0131ca \u00c7al\u0131\u015fma ve Sosyal G\u00fcvenlik Bakanl\u0131\u011f\u0131 taraf\u0131ndan a\u00e7\u0131lan \u0130\u015f Sa\u011fl\u0131\u011f\u0131 G\u00fcvenli\u011fi S\u0131nav\u0131nda ba\u015far\u0131l\u0131 olarak \u0130\u015f G\u00fcvenli\u011fi Uzmanl\u0131\u011f\u0131 Belgesini alm\u0131\u015ft\u0131r. Akabinde ihtisas\u0131n\u0131 \u0130stanbul Ayd\u0131n \u00dcniversitesinde Y\u00fcksek Lisans\u0131n\u0131 bitirip halen ayn\u0131 \u00dcniversitede doktora \u00e7al\u0131\u015fmas\u0131n\u0131 s\u00fcrd\u00fcrmektedir.<\/p>\n<p>\u0130\u015f hayat\u0131na aile \u015firketinde m\u00fchendis, y\u00f6netici ve Genel M\u00fcd\u00fcr pozisyonlar\u0131nda g\u00f6revlerde olmak \u00fczere 17 y\u0131l g\u00f6rev alm\u0131\u015ft\u0131r. Ayr\u0131ca \u0130\u015f Sa\u011fl\u0131\u011f\u0131 ve G\u00fcvenli\u011fi Hizmeti veren \u015firketi ve Proje Y\u00f6netimi, Kontrol\u00f6rl\u00fck ve M\u00fc\u015favirlik, Test ve Devreye Alma alanlar\u0131nda faaliyet g\u00f6steren Uluslararas\u0131 firmada y\u00f6neticilik yapmaktad\u0131r. Ayr\u0131ca Yurti\u00e7inde bulunan kurumsal firmalara m\u00fchendislik alan\u0131nda dan\u0131\u015fmanl\u0131k hizmeti vermektedir.<\/p>\n<\/div>\n<\/div>\n<\/div>\n","protected":false},"excerpt":{"rendered":"<p><img loading=\"lazy\" class=\"alignnone size-full wp-image-376\" src=\"http:\/\/www.commtechist.com\/wp-content\/uploads\/2018\/05\/\u015eeffaf-Commtech-Academy-Logo.jpg\" alt=\"\u015eeffaf Commtech Academy Logo\" width=\"278\" height=\"104\" srcset=\"http:\/\/www.commtechist.com\/wp-content\/uploads\/2018\/05\/\u015eeffaf-Commtech-Academy-Logo.jpg 278w, http:\/\/www.commtechist.com\/wp-content\/uploads\/2018\/05\/\u015eeffaf-Commtech-Academy-Logo-130x50.jpg 130w\" sizes=\"(max-width: 278px) 100vw, 278px\" \/><\/p>\n<div id=\"headingOne\" class=\"panel-heading\">\n<h...\n<\/p>\n","protected":false},"author":1,"featured_media":0,"parent":347,"menu_order":0,"comment_status":"closed","ping_status":"closed","template":"template-fullwidth.php","meta":{"spay_email":""},"_links":{"self":[{"href":"http:\/\/www.commtechist.com\/tr_TR\/wp-json\/wp\/v2\/pages\/356"}],"collection":[{"href":"http:\/\/www.commtechist.com\/tr_TR\/wp-json\/wp\/v2\/pages"}],"about":[{"href":"http:\/\/www.commtechist.com\/tr_TR\/wp-json\/wp\/v2\/types\/page"}],"author":[{"embeddable":true,"href":"http:\/\/www.commtechist.com\/tr_TR\/wp-json\/wp\/v2\/users\/1"}],"replies":[{"embeddable":true,"href":"http:\/\/www.commtechist.com\/tr_TR\/wp-json\/wp\/v2\/comments?post=356"}],"version-history":[{"count":10,"href":"http:\/\/www.commtechist.com\/tr_TR\/wp-json\/wp\/v2\/pages\/356\/revisions"}],"predecessor-version":[{"id":489,"href":"http:\/\/www.commtechist.com\/tr_TR\/wp-json\/wp\/v2\/pages\/356\/revisions\/489"}],"up":[{"embeddable":true,"href":"http:\/\/www.commtechist.com\/tr_TR\/wp-json\/wp\/v2\/pages\/347"}],"wp:attachment":[{"href":"http:\/\/www.commtechist.com\/tr_TR\/wp-json\/wp\/v2\/media?parent=356"}],"curies":[{"name":"wp","href":"https:\/\/api.w.org\/{rel}","templated":true}]}}