{"id":354,"date":"2018-05-05T13:07:37","date_gmt":"2018-05-05T11:07:37","guid":{"rendered":"http:\/\/www.commtechist.com\/?page_id=354"},"modified":"2018-11-05T15:50:14","modified_gmt":"2018-11-05T13:50:14","slug":"program","status":"publish","type":"page","link":"http:\/\/www.commtechist.com\/tr_TR\/commtech-akademi\/program\/","title":{"rendered":"Poje Y\u00f6netimi Sertifika Program\u0131"},"content":{"rendered":"<p><img loading=\"lazy\" class=\"alignnone size-full wp-image-376\" src=\"http:\/\/www.commtechist.com\/wp-content\/uploads\/2018\/05\/\u015eeffaf-Commtech-Academy-Logo.jpg\" alt=\"\u015eeffaf Commtech Academy Logo\" width=\"278\" height=\"104\" srcset=\"http:\/\/www.commtechist.com\/wp-content\/uploads\/2018\/05\/\u015eeffaf-Commtech-Academy-Logo.jpg 278w, http:\/\/www.commtechist.com\/wp-content\/uploads\/2018\/05\/\u015eeffaf-Commtech-Academy-Logo-130x50.jpg 130w\" sizes=\"(max-width: 278px) 100vw, 278px\" \/><\/p>\n<p><strong>Yap\u0131m Projeleri Tan\u0131mlama ve Planlama\u00a0 \u00a0 \u00a0 \u00a0 \u00a0 \u00a0 \u00a0 \u00a0 \u00a0 \u00a0 \u00a0 \u00a0 \u00a0<\/strong><\/p>\n<p>Neyin, Ne zaman, Nerede, Nas\u0131l ve Kim taraf\u0131ndan yap\u0131laca\u011f\u0131n\u0131n belirlenmesi &#8211; 4N1K<\/p>\n<p><strong>\u0130\u015f Geli\u015ftirme ve Fizibilite\u00a0 \u00a0 \u00a0 \u00a0 \u00a0 \u00a0 \u00a0 \u00a0 \u00a0 \u00a0 \u00a0 \u00a0 \u00a0 \u00a0 \u00a0 \u00a0 \u00a0 \u00a0 \u00a0 \u00a0 \u00a0 \u00a0 \u00a0 \u00a0 \u00a0 \u00a0 \u00a0 \u00a0\u00a0<\/strong><\/p>\n<p>Bir giri\u015fim, veya projeyi ger\u00e7ekle\u015ftirmeye karar verme s\u00fcreci boyunca hem teknik hem finansal a\u00e7\u0131lardan gerekli ara\u015ft\u0131rmalar ile de\u011ferlendirmelerin yap\u0131lmas\u0131d\u0131r.<\/p>\n<p><strong>Proje Finansman\u0131\u00a0 \u00a0 \u00a0 \u00a0 \u00a0 \u00a0 \u00a0 \u00a0 \u00a0 \u00a0 \u00a0 \u00a0 \u00a0 \u00a0 \u00a0 \u00a0 \u00a0 \u00a0 \u00a0 \u00a0 \u00a0 \u00a0 \u00a0 \u00a0 \u00a0 \u00a0 \u00a0 \u00a0 \u00a0 \u00a0 \u00a0 \u00a0 \u00a0 \u00a0 \u00a0<\/strong><\/p>\n<p>Proje Yat\u0131r\u0131mc\u0131s\u0131n\u0131n fizibilite sonucu olu\u015fturdu\u011fu b\u00fct\u00e7enin olu\u015fturulmas\u0131 s\u00fcrecidir.<\/p>\n<p><strong>Sat\u0131n alma \/ \u0130hale Y\u00f6netimi\u00a0 \u00a0 \u00a0 \u00a0 \u00a0 \u00a0 \u00a0 \u00a0 \u00a0 \u00a0 \u00a0 \u00a0 \u00a0 \u00a0 \u00a0 \u00a0 \u00a0 \u00a0 \u00a0 \u00a0 \u00a0 \u00a0 \u00a0 \u00a0 \u00a0\u00a0<\/strong><\/p>\n<p>\u0130dari birimlerinden gelen istekler do\u011frultusunda ara\u00e7-gere\u00e7, cihaz, makine ve hizmet sat\u0131n alma i\u015flemleri ile ilgili evraklar\u0131n haz\u0131rlanmas\u0131, ihalenin y\u00f6netilmesi.<\/p>\n<p><strong>\u015eantiye Y\u00f6netimi\u00a0 \u00a0 \u00a0 \u00a0 \u00a0 \u00a0 \u00a0 \u00a0 \u00a0 \u00a0 \u00a0 \u00a0 \u00a0 \u00a0 \u00a0 \u00a0 \u00a0 \u00a0 \u00a0 \u00a0 \u00a0 \u00a0 \u00a0 \u00a0 \u00a0 \u00a0 \u00a0 \u00a0 \u00a0 \u00a0 \u00a0 \u00a0 \u00a0 \u00a0 \u00a0\u00a0<\/strong><\/p>\n<p>Yap\u0131n\u0131n idari, teknik ve uygulama s\u00fcrecini belirli termin s\u00fcrecinde belirlenen metodolojisi \u00e7er\u00e7evesinde olu\u015fturulan ile y\u00f6netim plan\u0131d\u0131r.<\/p>\n<p><strong>\u0130n\u015faat Projelerinde Tedarik Y\u00f6netimi\u00a0 \u00a0 \u00a0 \u00a0 \u00a0 \u00a0 \u00a0 \u00a0 \u00a0 \u00a0 \u00a0 \u00a0 \u00a0 \u00a0 \u00a0 \u00a0 \u00a0 \u00a0 \u00a0 \u00a0 \u00a0 \u00a0 \u00a0 \u00a0<\/strong><\/p>\n<p>Maliyeti azaltma, kaliteyi y\u00fckseltme ve son \u00fcr\u00fcn\u00fcn m\u00fc\u015fteriye teslimine kadar olan t\u00fcm s\u00fcre\u00e7lerin geli\u015ftirilmesi hedefleri<\/p>\n<p><strong>\u0130\u015f Sa\u011fl\u0131\u011f\u0131 ve G\u00fcvenli\u011fi\u00a0 \u00a0 \u00a0 \u00a0 \u00a0 \u00a0 \u00a0 \u00a0 \u00a0 \u00a0 \u00a0 \u00a0 \u00a0 \u00a0 \u00a0 \u00a0 \u00a0 \u00a0 \u00a0 \u00a0 \u00a0 \u00a0 \u00a0 \u00a0 \u00a0 \u00a0 \u00a0 \u00a0 \u00a0 \u00a0 \u00a0<\/strong><\/p>\n<p>Riskin Az veya \u00c7ok Olmas\u0131 de\u011fil \u00f6nemli olan al\u0131nan \u00f6nlem hedeflerinin belirlenmesi<\/p>\n<p><strong>\u0130\u015fletmeye Alma Y\u00f6netimi (T&amp;C) \u00a0 \u00a0 \u00a0 \u00a0 \u00a0 \u00a0 \u00a0 \u00a0 \u00a0 \u00a0 \u00a0 \u00a0 \u00a0 \u00a0 \u00a0 \u00a0 \u00a0 \u00a0 \u00a0 \u00a0\u00a0<\/strong><\/p>\n<p>\u0130nsanlar\u0131n i\u015f birli\u011fi yapmalar\u0131n\u0131 sa\u011flama ve onlar\u0131 bir amaca do\u011fru y\u00f6neltme i\u015flerinin ve faaliyetlerinin t\u00fcm\u00fcn\u00fc ifade ederken ayn\u0131 zamanda yap\u0131lan i\u015fin teslimi s\u00fcrecinin y\u00f6netimi ile t\u00fcm devreye alma ve bak\u0131m faaliyetlerini tan\u0131mlar.<\/p>\n<p><strong>Hakkedi\u015f Y\u00f6netimi\u00a0 \u00a0 \u00a0 \u00a0 \u00a0 \u00a0 \u00a0 \u00a0 \u00a0 \u00a0 \u00a0 \u00a0 \u00a0 \u00a0 \u00a0 \u00a0 \u00a0 \u00a0 \u00a0 \u00a0 \u00a0 \u00a0 \u00a0 \u00a0 \u00a0 \u00a0 \u00a0 \u00a0 \u00a0 \u00a0 \u00a0 \u00a0 \u00a0 \u00a0<\/strong><\/p>\n<p>S\u00f6zle\u015fmesi imzalanm\u0131\u015f ve uygulamas\u0131 ba\u015flat\u0131lm\u0131\u015f proje i\u00e7in, s\u00f6zle\u015fmede belirlenen aral\u0131klarla, yap\u0131lan i\u015f miktar\u0131 kar\u015f\u0131l\u0131\u011f\u0131nda y\u00fckleniciye \u00f6denen bedel y\u00f6netimidir.<\/p>\n<p><strong>Payda\u015f Y\u00f6netimi\u00a0 \u00a0 \u00a0 \u00a0 \u00a0 \u00a0 \u00a0 \u00a0 \u00a0 \u00a0 \u00a0 \u00a0 \u00a0 \u00a0 \u00a0 \u00a0 \u00a0 \u00a0 \u00a0 \u00a0 \u00a0 \u00a0 \u00a0 \u00a0 \u00a0 \u00a0 \u00a0 \u00a0 \u00a0 \u00a0 \u00a0 \u00a0 \u00a0 \u00a0 \u00a0 \u00a0<\/strong><\/p>\n<p>\u00dcst y\u00f6netim deste\u011finin al\u0131nmas\u0131n\u0131n projelerin ba\u015far\u0131s\u0131 \u00fczerindeki etkileri de\u011ferlendirilir.<\/p>\n<p><strong>S\u00fcre, Kaynak ve Maliyet Y\u00f6netimi\u00a0 \u00a0 \u00a0 \u00a0 \u00a0 \u00a0 \u00a0 \u00a0 \u00a0 \u00a0 \u00a0 \u00a0 \u00a0 \u00a0 \u00a0 \u00a0 \u00a0 \u00a0 \u00a0<\/strong><\/p>\n<p>Proje plan\u0131 ve takvimini baz alarak projenin zaman, kaynak ve maliyet y\u00f6netimi yap\u0131l\u0131r.<\/p>\n<p><strong>Kritik Yol Analizi\u00a0 \u00a0 \u00a0 \u00a0 \u00a0 \u00a0 \u00a0 \u00a0 \u00a0 \u00a0 \u00a0 \u00a0 \u00a0 \u00a0 \u00a0 \u00a0 \u00a0 \u00a0 \u00a0 \u00a0 \u00a0 \u00a0 \u00a0 \u00a0 \u00a0 \u00a0 \u00a0 \u00a0 \u00a0 \u00a0 \u00a0 \u00a0 \u00a0 \u00a0 \u00a0 \u00a0\u00a0<\/strong><\/p>\n<p>Projenin darbo\u011fazlar\u0131n\u0131n belirlenerek projeyi ba\u015far\u0131ya g\u00f6t\u00fcrmek i\u00e7in \u00f6nceden \u00f6nlem al\u0131n\u0131r.<\/p>\n<p><strong>Proje \u0130leti\u015fim Y\u00f6netimi\u00a0 \u00a0 \u00a0 \u00a0 \u00a0 \u00a0 \u00a0 \u00a0 \u00a0 \u00a0 \u00a0 \u00a0 \u00a0 \u00a0 \u00a0 \u00a0 \u00a0 \u00a0 \u00a0 \u00a0 \u00a0 \u00a0 \u00a0 \u00a0 \u00a0 \u00a0 \u00a0 \u00a0 \u00a0\u00a0<\/strong><\/p>\n<p>Proje i\u00e7i ve proje d\u0131\u015f\u0131 bilgi ak\u0131\u015f\u0131n\u0131n, plana ba\u011fl\u0131 olarak y\u00f6netimi sa\u011flan\u0131r.<\/p>\n<p><strong>Proje Kalite Y\u00f6netimi\u00a0 \u00a0 \u00a0 \u00a0 \u00a0 \u00a0 \u00a0 \u00a0 \u00a0 \u00a0 \u00a0 \u00a0 \u00a0 \u00a0 \u00a0 \u00a0 \u00a0 \u00a0 \u00a0 \u00a0 \u00a0 \u00a0 \u00a0 \u00a0 \u00a0 \u00a0 \u00a0 \u00a0 \u00a0 \u00a0 \u00a0\u00a0<\/strong><\/p>\n<p>Kalite Kontrol ve Kalite G\u00fcvence kavramlar\u0131 verilir, ba\u015far\u0131 kriterlerinin \u00f6l\u00e7\u00fcm\u00fc i\u00e7in parametrelerin tan\u0131m\u0131 yap\u0131l\u0131r.<\/p>\n<p><strong>Risk Y\u00f6netimi\u00a0 \u00a0 \u00a0 \u00a0 \u00a0 \u00a0 \u00a0 \u00a0 \u00a0 \u00a0 \u00a0 \u00a0 \u00a0 \u00a0 \u00a0 \u00a0 \u00a0 \u00a0 \u00a0 \u00a0 \u00a0 \u00a0 \u00a0 \u00a0 \u00a0 \u00a0 \u00a0 \u00a0 \u00a0 \u00a0 \u00a0 \u00a0 \u00a0 \u00a0 \u00a0<\/strong><\/p>\n<p>Projelerde olu\u015fabilecek risklerin \u00f6nceden belirlenmesi ve y\u00f6netimi, olu\u015fan sorunlar\u0131n y\u00f6netimi sa\u011flan\u0131r.<\/p>\n<p><strong>De\u011fi\u015fim Y\u00f6netimi\u00a0 \u00a0 \u00a0 \u00a0 \u00a0 \u00a0 \u00a0 \u00a0 \u00a0 \u00a0 \u00a0 \u00a0 \u00a0 \u00a0 \u00a0 \u00a0 \u00a0 \u00a0 \u00a0 \u00a0 \u00a0 \u00a0 \u00a0 \u00a0 \u00a0 \u00a0 \u00a0 \u00a0 \u00a0 \u00a0 \u00a0 \u00a0 \u00a0 \u00a0 \u00a0<\/strong><\/p>\n<p>Organizasyonel ve proje de\u011fi\u015fikliklerinin ayr\u0131m\u0131, etkilerinin de\u011ferlendirilmesi ve y\u00f6netimi sa\u011flan\u0131r.<\/p>\n<p><strong>Proje Raporlama (Kazan\u0131lm\u0131\u015f De\u011fer Analizi)\u00a0 \u00a0 \u00a0 \u00a0 \u00a0 \u00a0 \u00a0 \u00a0 \u00a0\u00a0<\/strong><\/p>\n<p>Kontrol sistemi arac\u0131l\u0131\u011f\u0131 ile herhangi bir zamanda proje durumunu raporlamak i\u00e7in Kazan\u0131lm\u0131\u015f De\u011fer Analizi ve kullan\u0131lan form\u00fcller verilir.<\/p>\n<p><strong>Proje Kapan\u0131\u015f\u0131\u00a0 \u00a0 \u00a0 \u00a0 \u00a0 \u00a0 \u00a0 \u00a0 \u00a0 \u00a0 \u00a0 \u00a0 \u00a0 \u00a0 \u00a0 \u00a0 \u00a0 \u00a0 \u00a0 \u00a0 \u00a0 \u00a0 \u00a0 \u00a0 \u00a0 \u00a0 \u00a0 \u00a0 \u00a0 \u00a0 \u00a0 \u00a0 \u00a0 \u00a0 \u00a0 \u00a0 \u00a0 \u00a0<\/strong><\/p>\n<p>Projelerin sonland\u0131r\u0131lmas\u0131 i\u00e7in gerekli aktiviteler tan\u0131mlan\u0131r ve belirlenmi\u015f kriterlere g\u00f6re projenin ba\u015far\u0131s\u0131 \u00f6l\u00e7\u00fcl\u00fcr.<\/p>\n<p><strong>Vaka \u00c7al\u0131\u015fmas\u0131\u00a0 \u00a0 \u00a0 \u00a0 \u00a0 \u00a0 \u00a0 \u00a0 \u00a0 \u00a0 \u00a0 \u00a0 \u00a0 \u00a0 \u00a0 \u00a0 \u00a0 \u00a0 \u00a0 \u00a0 \u00a0 \u00a0 \u00a0 \u00a0 \u00a0 \u00a0 \u00a0 \u00a0 \u00a0 \u00a0 \u00a0 \u00a0 \u00a0 \u00a0 \u00a0 \u00a0 \u00a0\u00a0<\/strong><\/p>\n<p>E\u011fitim s\u00fcresince kat\u0131l\u0131mc\u0131n\u0131n aktif kat\u0131l\u0131m\u0131 sa\u011flan\u0131r.<\/p>\n<p><strong>Proje Y\u00f6netimi Programlar\u0131 2 (MS Project)\u00a0 \u00a0 \u00a0 \u00a0 \u00a0 \u00a0 \u00a0 \u00a0 \u00a0 \u00a0\u00a0<\/strong><\/p>\n<p>MS Project tabanl\u0131 proje y\u00f6netimi deste\u011fi sa\u011flan\u0131r.<\/p>\n<p><strong>Uygulamal\u0131 Proje Y\u00f6netimi\u00a0 \u00a0 \u00a0 \u00a0 \u00a0 \u00a0 \u00a0 \u00a0 \u00a0 \u00a0 \u00a0 \u00a0 \u00a0 \u00a0 \u00a0 \u00a0 \u00a0 \u00a0 \u00a0 \u00a0 \u00a0 \u00a0 \u00a0 \u00a0 \u00a0 \u00a0<\/strong><\/p>\n<p>Kat\u0131l\u0131mc\u0131lar proje y\u00f6netimi uygulamas\u0131n\u0131 prestijli \u015fantiyelerde yerinde g\u00f6rerek, ilgili y\u00f6neticiler ile birebir g\u00f6r\u00fc\u015ferek, teorinin pratikte nas\u0131l ger\u00e7ekle\u015fti\u011fini g\u00f6zlemleyebileceklerdir.<\/p>\n<p>&nbsp;<\/p>\n","protected":false},"excerpt":{"rendered":"<p><img loading=\"lazy\" class=\"alignnone size-full wp-image-376\" src=\"http:\/\/www.commtechist.com\/wp-content\/uploads\/2018\/05\/\u015eeffaf-Commtech-Academy-Logo.jpg\" alt=\"\u015eeffaf Commtech Academy Logo\" width=\"278\" height=\"104\" srcset=\"http:\/\/www.commtechist.com\/wp-content\/uploads\/2018\/05\/\u015eeffaf-Commtech-Academy-Logo.jpg 278w, http:\/\/www.commtechist.com\/wp-content\/uploads\/2018\/05\/\u015eeffaf-Commtech-Academy-Logo-130x50.jpg 130w\" sizes=\"(max-width: 278px) 100vw, 278px\" \/><\/p>\n<p><strong>Yap\u0131m Projeleri Tan\u0131mlama ve Planlama&#8230;<\/p>\n","protected":false},"author":1,"featured_media":0,"parent":347,"menu_order":0,"comment_status":"closed","ping_status":"closed","template":"template-fullwidth.php","meta":{"spay_email":""},"_links":{"self":[{"href":"http:\/\/www.commtechist.com\/tr_TR\/wp-json\/wp\/v2\/pages\/354"}],"collection":[{"href":"http:\/\/www.commtechist.com\/tr_TR\/wp-json\/wp\/v2\/pages"}],"about":[{"href":"http:\/\/www.commtechist.com\/tr_TR\/wp-json\/wp\/v2\/types\/page"}],"author":[{"embeddable":true,"href":"http:\/\/www.commtechist.com\/tr_TR\/wp-json\/wp\/v2\/users\/1"}],"replies":[{"embeddable":true,"href":"http:\/\/www.commtechist.com\/tr_TR\/wp-json\/wp\/v2\/comments?post=354"}],"version-history":[{"count":8,"href":"http:\/\/www.commtechist.com\/tr_TR\/wp-json\/wp\/v2\/pages\/354\/revisions"}],"predecessor-version":[{"id":508,"href":"http:\/\/www.commtechist.com\/tr_TR\/wp-json\/wp\/v2\/pages\/354\/revisions\/508"}],"up":[{"embeddable":true,"href":"http:\/\/www.commtechist.com\/tr_TR\/wp-json\/wp\/v2\/pages\/347"}],"wp:attachment":[{"href":"http:\/\/www.commtechist.com\/tr_TR\/wp-json\/wp\/v2\/media?parent=354"}],"curies":[{"name":"wp","href":"https:\/\/api.w.org\/{rel}","templated":true}]}}