{"id":347,"date":"2018-05-05T13:06:00","date_gmt":"2018-05-05T11:06:00","guid":{"rendered":"http:\/\/www.commtechist.com\/?page_id=347"},"modified":"2018-11-22T19:53:21","modified_gmt":"2018-11-22T17:53:21","slug":"commtech-akademi","status":"publish","type":"page","link":"http:\/\/www.commtechist.com\/tr_TR\/commtech-akademi\/","title":{"rendered":"Commtech Akademi"},"content":{"rendered":"<p style=\"text-align: justify; line-height: 115%; background: white; margin: 12.0pt 0cm .0001pt 14.2pt;\"><img loading=\"lazy\" class=\"alignnone size-full wp-image-376\" src=\"http:\/\/www.commtechist.com\/wp-content\/uploads\/2018\/05\/\u015eeffaf-Commtech-Academy-Logo.jpg\" alt=\"\u015eeffaf Commtech Academy Logo\" width=\"278\" height=\"104\" srcset=\"http:\/\/www.commtechist.com\/wp-content\/uploads\/2018\/05\/\u015eeffaf-Commtech-Academy-Logo.jpg 278w, http:\/\/www.commtechist.com\/wp-content\/uploads\/2018\/05\/\u015eeffaf-Commtech-Academy-Logo-130x50.jpg 130w\" sizes=\"(max-width: 278px) 100vw, 278px\" \/><\/p>\n<p style=\"text-align: justify; line-height: 115%; background: white; margin: 12.0pt 0cm .0001pt 14.2pt;\"><img loading=\"lazy\" class=\"alignnone size-large wp-image-348\" src=\"http:\/\/www.commtechist.com\/wp-content\/uploads\/2018\/05\/academy-1024x424.jpg\" alt=\"academy\" width=\"640\" height=\"265\" srcset=\"http:\/\/www.commtechist.com\/wp-content\/uploads\/2018\/05\/academy-1024x424.jpg 1024w, http:\/\/www.commtechist.com\/wp-content\/uploads\/2018\/05\/academy-300x124.jpg 300w, http:\/\/www.commtechist.com\/wp-content\/uploads\/2018\/05\/academy-768x318.jpg 768w\" sizes=\"(max-width: 640px) 100vw, 640px\" \/><\/p>\n<p style=\"text-align: justify; line-height: 115%; background: white; margin: 12.0pt 0cm .0001pt 14.2pt;\"><span style=\"color: black;\">Commtech \u0130stanbul 40 y\u0131l\u0131 a\u015fk\u0131n sekt\u00f6r deneyimini art\u0131k y\u00f6netici adaylar\u0131, y\u00f6neticiler, profesyoneller ve \u00f6\u011frenciler ile payla\u015farak hem sekt\u00f6r\u00fcn gelece\u011fini daha iyi ve ileriye g\u00f6t\u00fcrebilmek ad\u0131na kaliteli, donan\u0131ml\u0131 ve bilin\u00e7li ekiplerin olu\u015fumuna katk\u0131da bulunmak, hem de bilgi ve becerilerini y\u00f6neticilik anlam\u0131nda ortaya koyma f\u0131rsat\u0131n\u0131 arayan bireyleri bir ad\u0131m daha \u00f6teye ta\u015f\u0131yabilmek amac\u0131n\u0131 g\u00fcderek se\u00e7kin e\u011fitmenleri ve g\u00fc\u00e7l\u00fc teknik kadrosu ile Commtech Akademi \u00e7at\u0131s\u0131 alt\u0131nda bir araya geldi.<\/span><\/p>\n<p style=\"text-align: justify; line-height: 115%; background: white; margin: 12.0pt 0cm .0001pt 14.2pt;\"><span style=\"color: black;\">\u00dcniversite ve i\u015f hayat\u0131n\u0131n bir araya gelmesi ile g\u00fcncel \u015fartlar baz al\u0131narak haz\u0131rlanm\u0131\u015f olan e\u011fitim programlar\u0131 teorik ve uygulamal\u0131 olarak kat\u0131l\u0131mc\u0131lar\u0131n sonu\u00e7 odakl\u0131 d\u00fc\u015f\u00fcnebilmelerine imkan sa\u011flayan \u015fartlar alt\u0131nda sunulmaktad\u0131r. E\u011fitimlere kat\u0131l\u0131m sa\u011flayan ve e\u011fitim sonunda yap\u0131lan s\u0131nav\u0131 ba\u015far\u0131 ile tamamlayan t\u00fcm kat\u0131l\u0131mc\u0131lar sertifikaland\u0131r\u0131larak \u00f6zge\u00e7mi\u015flerini g\u00fc\u00e7lendirebilecek ve i\u015f hayat\u0131na bak\u0131\u015f a\u00e7\u0131s\u0131n\u0131 de\u011fi\u015ftirebilecektir.<\/span><\/p>\n<p style=\"text-align: justify; line-height: 115%; background: white; margin: 12.0pt 0cm .0001pt 14.2pt;\"><span style=\"color: black;\">\u0130stinye \u00dcniversitesi ile ger\u00e7ekle\u015ftirilmi\u015f olan i\u015fbirli\u011fi \u00e7er\u00e7evesinde bilgi ve birikimlerini hem teorik hem de uygulamal\u0131 olarak tatbik etme f\u0131rsat\u0131 sunan programlar\u0131m\u0131z kat\u0131l\u0131mc\u0131lar\u0131n beklentilerini maksimum y\u00f6nde kar\u015f\u0131layacak \u015fekilde ge\u00e7mi\u015f tecr\u00fcbelerden gelen deneyimler kat\u0131larak haz\u0131rlanm\u0131\u015ft\u0131r. 50% teorik-50% uygulamal\u0131 ve interaktif kat\u0131l\u0131m baz\u0131nda \u00f6l\u00e7\u00fcm sistemi ile ger\u00e7ekle\u015ftirilen s\u0131navlar g\u00fcn\u00fcn sonunda kat\u0131l\u0131mc\u0131lar\u0131n\u0131n belli kriterlere ve bilgiye sahip olduklar\u0131n\u0131 test etme ve bunu belgelendirme ad\u0131na \u00f6zel olarak haz\u0131rlanm\u0131\u015f olup, \u00f6zg\u00fcn bir y\u00f6nteme dayanma ko\u015fulu ile efektif s\u0131nav mod\u00fcl\u00fc kriterleri baz al\u0131narak haz\u0131rlanm\u0131\u015ft\u0131r.<\/span><\/p>\n<p style=\"text-align: justify; line-height: 115%; background: white; margin: 12.0pt 0cm .0001pt 14.2pt;\">\n","protected":false},"excerpt":{"rendered":"<p style=\"text-align: justify; line-height: 115%; background: white; margin: 12.0pt 0cm .0001pt 14.2pt;\"><img loading=\"lazy\" width=\"278\" height=\"104\" class=\"alignnone size-full wp-image-376\" src=\"http:\/\/www.commtechist.com\/wp-content\/uploads\/2018\/05\/\u015eeffaf-Commtech-Academy-Logo.jpg\" alt=\"\u015e...\n<\/p srcset=\"http:\/\/www.commtechist.com\/wp-content\/uploads\/2018\/05\/\u015eeffaf-Commtech-Academy-Logo.jpg 278w, http:\/\/www.commtechist.com\/wp-content\/uploads\/2018\/05\/\u015eeffaf-Commtech-Academy-Logo-130x50.jpg 130w\" sizes=\"(max-width: 278px) 100vw, 278px\" \/>\n","protected":false},"author":1,"featured_media":0,"parent":0,"menu_order":0,"comment_status":"closed","ping_status":"closed","template":"template-fullwidth.php","meta":{"spay_email":""},"_links":{"self":[{"href":"http:\/\/www.commtechist.com\/tr_TR\/wp-json\/wp\/v2\/pages\/347"}],"collection":[{"href":"http:\/\/www.commtechist.com\/tr_TR\/wp-json\/wp\/v2\/pages"}],"about":[{"href":"http:\/\/www.commtechist.com\/tr_TR\/wp-json\/wp\/v2\/types\/page"}],"author":[{"embeddable":true,"href":"http:\/\/www.commtechist.com\/tr_TR\/wp-json\/wp\/v2\/users\/1"}],"replies":[{"embeddable":true,"href":"http:\/\/www.commtechist.com\/tr_TR\/wp-json\/wp\/v2\/comments?post=347"}],"version-history":[{"count":7,"href":"http:\/\/www.commtechist.com\/tr_TR\/wp-json\/wp\/v2\/pages\/347\/revisions"}],"predecessor-version":[{"id":561,"href":"http:\/\/www.commtechist.com\/tr_TR\/wp-json\/wp\/v2\/pages\/347\/revisions\/561"}],"wp:attachment":[{"href":"http:\/\/www.commtechist.com\/tr_TR\/wp-json\/wp\/v2\/media?parent=347"}],"curies":[{"name":"wp","href":"https:\/\/api.w.org\/{rel}","templated":true}]}}