{"id":33,"date":"2016-03-08T10:52:50","date_gmt":"2016-03-08T08:52:50","guid":{"rendered":"http:\/\/www.commtechist.com\/?page_id=33"},"modified":"2018-08-27T16:26:17","modified_gmt":"2018-08-27T14:26:17","slug":"hizmetlerimiz","status":"publish","type":"page","link":"http:\/\/www.commtechist.com\/tr_TR\/hizmetlerimiz\/","title":{"rendered":"Hizmetler"},"content":{"rendered":"<p><img loading=\"lazy\" class=\"size-medium wp-image-35 alignleft\" src=\"http:\/\/www.commtechist.com\/wp-content\/uploads\/2016\/03\/mep-sample3-big-300x169.jpg\" alt=\"mep-sample3-big\" width=\"300\" height=\"169\" srcset=\"http:\/\/www.commtechist.com\/wp-content\/uploads\/2016\/03\/mep-sample3-big-300x169.jpg 300w, http:\/\/www.commtechist.com\/wp-content\/uploads\/2016\/03\/mep-sample3-big-768x432.jpg 768w, http:\/\/www.commtechist.com\/wp-content\/uploads\/2016\/03\/mep-sample3-big-1024x576.jpg 1024w, http:\/\/www.commtechist.com\/wp-content\/uploads\/2016\/03\/mep-sample3-big.jpg 1200w\" sizes=\"(max-width: 300px) 100vw, 300px\" \/>Commtech, g\u00fcn\u00fcm\u00fcz binalar\u0131 hi\u00e7 olmad\u0131\u011f\u0131 kadar daha s\u00fcrd\u00fcr\u00fclebilir ve rafine oldu\u011fundan, dizayn a\u015famas\u0131ndan ba\u015flayarak t\u00fcm in\u015fai proje s\u00fcrecinin y\u00f6netimine, kontroll\u00fck hizmetlerinin ba\u011f\u0131ms\u0131z bir g\u00f6z ile raporlanmas\u0131 ve idaresinden, MEP sistemlerindeki enerji verimlili\u011finin olu\u015fturulmas\u0131na kadar t\u00fcm yap\u0131m operasyonlar\u0131na b\u00fcy\u00fck hassasiyetle yakla\u015farak, \u00f6nem verir.<br \/>\nBir binan\u0131n yap\u0131m teknikleri, yap\u0131m usul\u00fc ve MEP sistem ve hizmetlerinin tasar\u0131m\u0131, kurulumu, operasyonu ve bak\u0131m\u0131ndan ba\u011f\u0131ms\u0131z olarak Commtech t\u00fcm s\u00fcre\u00e7leri sizin ad\u0131n\u0131za genel tarafs\u0131z bir \u015fekilde ele al\u0131r. T\u00fcm Proje Y\u00f6netimini ve \u0130\u015fletmeye Alma s\u00fcrecini projenin en erken s\u00fcre\u00e7lerinden itibaren, \u0130\u015f Sa\u011fl\u0131\u011f\u0131 ve G\u00fcvenli\u011fi unsurlar\u0131n\u0131 da dikkate esas alarak, projenin sizin gereksinimlerinizi en iyi \u015fekilde kar\u015f\u0131lamas\u0131n\u0131 sa\u011flar\u0131z.<\/p>\n<blockquote><p><em>Commtech\u2019in m\u00fchendislik yakla\u015f\u0131m\u0131, tam m\u00fc\u015fteri memnuniyetini esas alan 30 y\u0131ll\u0131k deneyimle ta\u00e7lanan bir ba\u015far\u0131 tarih\u00e7esine dayan\u0131r.<\/em><\/p><\/blockquote>\n","protected":false},"excerpt":{"rendered":"<p><img loading=\"lazy\" class=\"size-medium wp-image-35 alignleft\" src=\"http:\/\/www.commtechist.com\/wp-content\/uploads\/2016\/03\/mep-sample3-big-300x169.jpg\" alt=\"mep-sample3-big\" width=\"300\" height=\"169\" srcset=\"http:\/\/www.commtechist.com\/wp-content\/uploads\/2016\/03\/mep-sample3-big-300x169.jpg 300w, http:\/\/www.commtechist.com\/wp-content\/uploads\/2016\/03\/mep-sample3-big-768x432.jpg 768w, http:\/\/www.commtechist.com\/wp-content\/uploads\/2016\/03\/mep-sample3-big-1024x576.jpg 1024w, http:\/\/www.commtechist.com\/wp-content\/uploads\/2016\/03\/mep-sample3-big.jpg 1200w\" sizes=\"(max-width: 300px) 100vw, 300px\" \/>Commtech, g\u00fcn\u00fcm\u00fcz binalar\u0131 hi\u00e7 olmad\u0131\u011f\u0131 kadar daha s\u00fcrd\u00fcr\u00fclebilir &#8230;<\/p>\n","protected":false},"author":1,"featured_media":0,"parent":0,"menu_order":0,"comment_status":"closed","ping_status":"closed","template":"template-fullwidth.php","meta":{"spay_email":""},"_links":{"self":[{"href":"http:\/\/www.commtechist.com\/tr_TR\/wp-json\/wp\/v2\/pages\/33"}],"collection":[{"href":"http:\/\/www.commtechist.com\/tr_TR\/wp-json\/wp\/v2\/pages"}],"about":[{"href":"http:\/\/www.commtechist.com\/tr_TR\/wp-json\/wp\/v2\/types\/page"}],"author":[{"embeddable":true,"href":"http:\/\/www.commtechist.com\/tr_TR\/wp-json\/wp\/v2\/users\/1"}],"replies":[{"embeddable":true,"href":"http:\/\/www.commtechist.com\/tr_TR\/wp-json\/wp\/v2\/comments?post=33"}],"version-history":[{"count":23,"href":"http:\/\/www.commtechist.com\/tr_TR\/wp-json\/wp\/v2\/pages\/33\/revisions"}],"predecessor-version":[{"id":341,"href":"http:\/\/www.commtechist.com\/tr_TR\/wp-json\/wp\/v2\/pages\/33\/revisions\/341"}],"wp:attachment":[{"href":"http:\/\/www.commtechist.com\/tr_TR\/wp-json\/wp\/v2\/media?parent=33"}],"curies":[{"name":"wp","href":"https:\/\/api.w.org\/{rel}","templated":true}]}}