{"id":283,"date":"2017-08-23T14:44:41","date_gmt":"2017-08-23T12:44:41","guid":{"rendered":"http:\/\/www.commtechist.com\/?page_id=283"},"modified":"2018-08-27T16:26:18","modified_gmt":"2018-08-27T14:26:18","slug":"kontrolluk-ve-musavirlik","status":"publish","type":"page","link":"http:\/\/www.commtechist.com\/tr_TR\/hizmetlerimiz\/kontrolluk-ve-musavirlik\/","title":{"rendered":"Kontroll\u00fck ve M\u00fc\u015favirlik"},"content":{"rendered":"<p><img loading=\"lazy\" class=\"wp-image-284 alignright\" src=\"http:\/\/www.commtechist.com\/wp-content\/uploads\/2017\/08\/587f111f67b0a918641dd718.jpg\" alt=\"587f111f67b0a918641dd718\" width=\"478\" height=\"270\" srcset=\"http:\/\/www.commtechist.com\/wp-content\/uploads\/2017\/08\/587f111f67b0a918641dd718.jpg 700w, http:\/\/www.commtechist.com\/wp-content\/uploads\/2017\/08\/587f111f67b0a918641dd718-300x169.jpg 300w\" sizes=\"(max-width: 478px) 100vw, 478px\" \/>Commtech \u0130stanbul dizayn, tasar\u0131m ve yap\u0131m i\u015fleri kadar kontrol\u00fcn ve denetimin de ne kadar \u00f6nemli oldu\u011funun bilincindedir. Sorumlulu\u011funda olan her projeyi en ince ayr\u0131nt\u0131lar\u0131na kadar inceleyerek, i\u015f, b\u00fct\u00e7e ve zaman y\u00f6netimi esaslar\u0131na ba\u011fl\u0131 kalarak gereken aksiyonlar\u0131 zaman\u0131nda al\u0131r. Bir projedeki t\u00fcm sistem ve mekanizmalar\u0131n bir araya gelerek birbirleriyle etkile\u015fim ve harmoni i\u00e7inde olan bir b\u00fct\u00fcn oldu\u011fu ilkesini g\u00f6zeterek, m\u00fcnferit ve toplu fonksiyonlar\u0131n hem yap\u0131m a\u015famas\u0131nda hem de i\u015fletmeye al\u0131nmas\u0131na m\u00fcteakip sorunsuz ve verimli \u015fekilde g\u00f6revlerini yerine getireceklerinin teminat\u0131n\u0131 sa\u011flar.<\/p>\n<p><em>Bu ahlak Commtech \u0130stanbul\u2019un olmazsa olmaz ilkelerinden biridir.<\/em><\/p>\n","protected":false},"excerpt":{"rendered":"<p><img loading=\"lazy\" class=\"wp-image-284 alignright\" src=\"http:\/\/www.commtechist.com\/wp-content\/uploads\/2017\/08\/587f111f67b0a918641dd718.jpg\" alt=\"587f111f67b0a918641dd718\" width=\"478\" height=\"270\" srcset=\"http:\/\/www.commtechist.com\/wp-content\/uploads\/2017\/08\/587f111f67b0a918641dd718.jpg 700w, http:\/\/www.commtechist.com\/wp-content\/uploads\/2017\/08\/587f111f67b0a918641dd718-300x169.jpg 300w\" sizes=\"(max-width: 478px) 100vw, 478px\" \/>Commtech \u0130stanbul dizayn, tasar\u0131m ve yap\u0131m i\u015fleri kadar kontrol&#8230;<\/p>\n","protected":false},"author":1,"featured_media":0,"parent":33,"menu_order":0,"comment_status":"closed","ping_status":"closed","template":"template-fullwidth.php","meta":{"spay_email":""},"_links":{"self":[{"href":"http:\/\/www.commtechist.com\/tr_TR\/wp-json\/wp\/v2\/pages\/283"}],"collection":[{"href":"http:\/\/www.commtechist.com\/tr_TR\/wp-json\/wp\/v2\/pages"}],"about":[{"href":"http:\/\/www.commtechist.com\/tr_TR\/wp-json\/wp\/v2\/types\/page"}],"author":[{"embeddable":true,"href":"http:\/\/www.commtechist.com\/tr_TR\/wp-json\/wp\/v2\/users\/1"}],"replies":[{"embeddable":true,"href":"http:\/\/www.commtechist.com\/tr_TR\/wp-json\/wp\/v2\/comments?post=283"}],"version-history":[{"count":10,"href":"http:\/\/www.commtechist.com\/tr_TR\/wp-json\/wp\/v2\/pages\/283\/revisions"}],"predecessor-version":[{"id":307,"href":"http:\/\/www.commtechist.com\/tr_TR\/wp-json\/wp\/v2\/pages\/283\/revisions\/307"}],"up":[{"embeddable":true,"href":"http:\/\/www.commtechist.com\/tr_TR\/wp-json\/wp\/v2\/pages\/33"}],"wp:attachment":[{"href":"http:\/\/www.commtechist.com\/tr_TR\/wp-json\/wp\/v2\/media?parent=283"}],"curies":[{"name":"wp","href":"https:\/\/api.w.org\/{rel}","templated":true}]}}