{"id":28,"date":"2016-03-07T19:09:01","date_gmt":"2016-03-07T17:09:01","guid":{"rendered":"http:\/\/www.commtechist.com\/?page_id=28"},"modified":"2018-08-27T16:26:18","modified_gmt":"2018-08-27T14:26:18","slug":"iletisim","status":"publish","type":"page","link":"http:\/\/www.commtechist.com\/tr_TR\/iletisim\/","title":{"rendered":"\u0130leti\u015fim"},"content":{"rendered":"<p>&nbsp;<\/p>\n<p>&nbsp;<\/p>\n<p><img loading=\"lazy\" class=\"size-full wp-image-31 alignleft\" src=\"http:\/\/www.commtechist.com\/wp-content\/uploads\/2016\/03\/commisionin.jpg\" alt=\"commisionin\" width=\"300\" height=\"300\" srcset=\"http:\/\/www.commtechist.com\/wp-content\/uploads\/2016\/03\/commisionin.jpg 300w, http:\/\/www.commtechist.com\/wp-content\/uploads\/2016\/03\/commisionin-150x150.jpg 150w, http:\/\/www.commtechist.com\/wp-content\/uploads\/2016\/03\/commisionin-73x73.jpg 73w, http:\/\/www.commtechist.com\/wp-content\/uploads\/2016\/03\/commisionin-174x174.jpg 174w, http:\/\/www.commtechist.com\/wp-content\/uploads\/2016\/03\/commisionin-250x250.jpg 250w\" sizes=\"(max-width: 300px) 100vw, 300px\" \/><\/p>\n<p><strong>Commtech \u0130stanbul M\u00fch. ve Dan. Hiz. A.\u015e.<\/strong><\/p>\n<p>Nissa O2 Rezidans B Blok Kat:5<br \/>\nF\u0131rat Cad. Bah\u00e7e\u015fehir 1. K\u0131s\u0131m Mah.<br \/>\n34488 Avc\u0131lar \u0130stanbul-T\u00dcRK\u0130YE<\/p>\n<p>Tel: +90 (533) 762 25 68<br \/>\nEmail: <a href=\"mailto:info@commtechist.com\" target=\"_blank\">info@commtechist.com<\/a><\/p>\n<p>Web:<br \/>\n<a href=\"http:\/\/www.commtechist.com\/\">www.commtechist.com<\/a><br \/>\n<a href=\"http:\/\/www.commtech-group.com\/\">www.commtech-group.com<\/a><\/p>\n<p><a href=\"https:\/\/www.facebook.com\/commtechistanbul\/\"><img loading=\"lazy\" class=\"alignnone wp-image-335 size-zerif-testimonial\" src=\"http:\/\/www.commtechist.com\/wp-content\/uploads\/2016\/03\/01-Facebook_button-73x73.png\" alt=\"01 Facebook_button\" width=\"73\" height=\"73\" srcset=\"http:\/\/www.commtechist.com\/wp-content\/uploads\/2016\/03\/01-Facebook_button-73x73.png 73w, http:\/\/www.commtechist.com\/wp-content\/uploads\/2016\/03\/01-Facebook_button-150x150.png 150w, http:\/\/www.commtechist.com\/wp-content\/uploads\/2016\/03\/01-Facebook_button-174x174.png 174w, http:\/\/www.commtechist.com\/wp-content\/uploads\/2016\/03\/01-Facebook_button-250x250.png 250w, http:\/\/www.commtechist.com\/wp-content\/uploads\/2016\/03\/01-Facebook_button.png 256w\" sizes=\"(max-width: 73px) 100vw, 73px\" \/><\/a> <a href=\"https:\/\/www.instagram.com\/commtechistanbul\/\"><img loading=\"lazy\" class=\"alignnone wp-image-336 size-zerif-testimonial\" src=\"http:\/\/www.commtechist.com\/wp-content\/uploads\/2016\/03\/02-Instagram-73x73.png\" alt=\"02 Instagram\" width=\"73\" height=\"73\" srcset=\"http:\/\/www.commtechist.com\/wp-content\/uploads\/2016\/03\/02-Instagram-73x73.png 73w, http:\/\/www.commtechist.com\/wp-content\/uploads\/2016\/03\/02-Instagram-150x150.png 150w, http:\/\/www.commtechist.com\/wp-content\/uploads\/2016\/03\/02-Instagram-174x174.png 174w, http:\/\/www.commtechist.com\/wp-content\/uploads\/2016\/03\/02-Instagram-250x250.png 250w, http:\/\/www.commtechist.com\/wp-content\/uploads\/2016\/03\/02-Instagram.png 256w\" sizes=\"(max-width: 73px) 100vw, 73px\" \/><\/a><\/p>\n<p>&nbsp;<\/p>\n","protected":false},"excerpt":{"rendered":"<p>&nbsp;<\/p>\n<p>&nbsp;<\/p>\n<p><img loading=\"lazy\" class=\"size-full wp-image-31 alignleft\" src=\"http:\/\/www.commtechist.com\/wp-content\/uploads\/2016\/03\/commisionin.jpg\" alt=\"commisionin\" width=\"300\" height=\"300\" srcset=\"http:\/\/www.commtechist.com\/wp-content\/uploads\/2016\/03\/commisionin.jpg 300w, http:\/\/www.commtechist.com\/wp-content\/uploads\/2016\/03\/commisionin-150x150.jpg 150w, http:\/\/www.commtechist.com\/wp-content\/uploads\/2016\/03\/commisionin-73x73.jpg 73w, http:\/\/www.commtechist.com\/wp-content\/uploads\/2016\/03\/commisionin-174x174.jpg 174w, http:\/\/www.commtechist.com\/wp-content\/uploads\/2016\/03\/commisionin-250x250.jpg 250w\" sizes=\"(max-width: 300px) 100vw, 300px\" \/><\/p>\n<p><strong>Commtech \u0130stanbul M\u00fch. ve Dan. Hiz. A.\u015e.<\/strong><\/p>\n<p>&#8230;<\/p>\n","protected":false},"author":1,"featured_media":0,"parent":0,"menu_order":0,"comment_status":"closed","ping_status":"closed","template":"template-fullwidth.php","meta":{"spay_email":""},"_links":{"self":[{"href":"http:\/\/www.commtechist.com\/tr_TR\/wp-json\/wp\/v2\/pages\/28"}],"collection":[{"href":"http:\/\/www.commtechist.com\/tr_TR\/wp-json\/wp\/v2\/pages"}],"about":[{"href":"http:\/\/www.commtechist.com\/tr_TR\/wp-json\/wp\/v2\/types\/page"}],"author":[{"embeddable":true,"href":"http:\/\/www.commtechist.com\/tr_TR\/wp-json\/wp\/v2\/users\/1"}],"replies":[{"embeddable":true,"href":"http:\/\/www.commtechist.com\/tr_TR\/wp-json\/wp\/v2\/comments?post=28"}],"version-history":[{"count":22,"href":"http:\/\/www.commtechist.com\/tr_TR\/wp-json\/wp\/v2\/pages\/28\/revisions"}],"predecessor-version":[{"id":411,"href":"http:\/\/www.commtechist.com\/tr_TR\/wp-json\/wp\/v2\/pages\/28\/revisions\/411"}],"wp:attachment":[{"href":"http:\/\/www.commtechist.com\/tr_TR\/wp-json\/wp\/v2\/media?parent=28"}],"curies":[{"name":"wp","href":"https:\/\/api.w.org\/{rel}","templated":true}]}}