{"id":22,"date":"2016-03-07T18:20:47","date_gmt":"2016-03-07T16:20:47","guid":{"rendered":"http:\/\/www.commtechist.com\/?page_id=22"},"modified":"2022-04-19T13:10:11","modified_gmt":"2022-04-19T11:10:11","slug":"hakkimizda","status":"publish","type":"page","link":"http:\/\/www.commtechist.com\/tr_TR\/hakkimizda\/","title":{"rendered":"Hakk\u0131m\u0131zda"},"content":{"rendered":"\t\t<div data-elementor-type=\"wp-page\" data-elementor-id=\"22\" class=\"elementor elementor-22\">\n\t\t\t\t\t\t\t\t\t<section class=\"elementor-section elementor-top-section elementor-element elementor-element-6da1d3d elementor-section-boxed elementor-section-height-default elementor-section-height-default\" data-id=\"6da1d3d\" data-element_type=\"section\">\n\t\t\t\t\t\t<div class=\"elementor-container elementor-column-gap-default\">\n\t\t\t\t\t<div class=\"elementor-column elementor-col-100 elementor-top-column elementor-element elementor-element-3787ada8\" data-id=\"3787ada8\" data-element_type=\"column\">\n\t\t\t<div class=\"elementor-widget-wrap elementor-element-populated\">\n\t\t\t\t\t\t\t\t<div class=\"elementor-element elementor-element-7bf85eee elementor-widget elementor-widget-text-editor\" data-id=\"7bf85eee\" data-element_type=\"widget\" data-widget_type=\"text-editor.default\">\n\t\t\t\t<div class=\"elementor-widget-container\">\n\t\t\t\t\t\t\t<p><img loading=\"lazy\" class=\"wp-image-25 size-medium alignright\" src=\"http:\/\/www.commtechist.com\/wp-content\/uploads\/2016\/03\/iStock_000018160643XSmall-300x199.jpg\" alt=\"Multi-ethnic male industrial workers standing beside electricity pylon looking up (40s and 50s).\" width=\"300\" height=\"199\" srcset=\"http:\/\/www.commtechist.com\/wp-content\/uploads\/2016\/03\/iStock_000018160643XSmall-300x199.jpg 300w, http:\/\/www.commtechist.com\/wp-content\/uploads\/2016\/03\/iStock_000018160643XSmall.jpg 425w\" sizes=\"(max-width: 300px) 100vw, 300px\" \/><\/p><p>Commtech \u0130stanbul, 1980 y\u0131l\u0131ndan beri faaliyet g\u00f6steren ve \u0130ngiltere\u2019deki bina hizmetleri i\u00e7in (\u0130n\u015fai, Mekanik, Elektronik ve Kamu Sa\u011fl\u0131\u011f\u0131) \u00e7al\u0131\u015fmalar\u0131n\u0131 resmi anlamda ilk defa ger\u00e7ekle\u015ftiren Commtech Group firmas\u0131n\u0131n Ortado\u011fu Y\u00f6netim Merkezi\u2019dir. \u0130n\u015faat sekt\u00f6r\u00fcnde Proje Y\u00f6netimi, Yap\u0131m Kontroll\u00fck ve M\u00fc\u015favirlik, M\u00fchendislik ve Dan\u0131\u015fmanl\u0131k-\u0130SG ile Test ve Devreye Alma olarak da bilinen i\u015fletmeye alma y\u00f6netimi kapsamda yap\u0131 mekanik elektronik tesisat y\u00f6netimi, i\u015fletmeye alma y\u00f6netimi hizmetlerinin tamam\u0131 konusunda hizmet vermektedir.<\/p><p>30 y\u0131l\u0131 a\u015fk\u0131n s\u00fcredir Commtech Group, g\u00fcncel ve en son teknolojilerle uyumlu yap\u0131 projelerinde gereken i\u015fletmeye alma uygulamalar\u0131n\u0131 iyile\u015ftirmeye ve geli\u015ftirmeye devam etmi\u015ftir. T\u00fcrkiye in\u015faat sekt\u00f6r\u00fc pazar\u0131na da ge\u00e7mi\u015ften gelen m\u00fchendislik tecr\u00fcbelerini katarak Proje Y\u00f6netimi, Kontroll\u00fck ve M\u00fc\u015favirlik alanlar\u0131nda istihdam etti\u011fi tecr\u00fcbeli kadro ve firma portf\u00f6y\u00fc ile hizmet vermektedir.<\/p><p>Commtech \u0130stanbul, tamamlam\u0131\u015f oldu\u011fu say\u0131s\u0131z Ba\u011f\u0131ms\u0131z \u0130\u015fletmeye Alma konusunda da d\u00fcnya \u00e7ap\u0131nda lider bir kurulu\u015ftur. D\u00fcnya \u00e7ap\u0131ndaki y\u00fczlerce projede standart olarak kullan\u0131lan Commtech proje y\u00f6netimi ve i\u015fletmeye alma hizmetleri, taahh\u00fct ve bina y\u00f6netiminin temelini olu\u015fturmaktad\u0131r.\u00a0 Ge\u00e7mi\u015fte dengeleme ve test standartlar\u0131 IHVE * Kurallar\u0131na dayanarak yap\u0131lmaktayd\u0131. Ancak bu kodlar, zaman i\u00e7inde tasarlanan ve kurulan t\u00fcm sistemleri kapsama konusunda yeterli olamad\u0131. Do\u011fru dengeleme ve test etme \u00e7al\u0131\u015fmalar\u0131 i\u00e7in bir\u00e7ok y\u00fcksek teknolojik sistem zaman i\u00e7inde yayg\u0131nla\u015ft\u0131 ancak test ve dengeleme uygulamalar\u0131 i\u00e7in temel bir uygulama geli\u015ftirilemedi. Commtech Group, BSRIA**, CIBSE*** ve CSA**** gibi kurumlarla \u00e7al\u0131\u015farak bir dizi i\u015fletmeye alma y\u00f6nergesi geli\u015ftirdi. Bu \u015fartname ve y\u00f6nergeler g\u00fcn\u00fcm\u00fcz standartlar\u0131n\u0131n temelini olu\u015fturmaktad\u0131r.<\/p><p>*Institute of Heating and Ventilating Engineers (IHVE) \u2013 Is\u0131tma ve Havaland\u0131rma M\u00fchendisleri Enstit\u00fcs\u00fc<\/p><p>** Building Service Research and Information Association (BSRIA) \u2013 Bina Hizmetleri Ara\u015ft\u0131rma ve Enformasyon Birli\u011fi<\/p><p>*** Chartered Institute of Building Services Engineers (CIBSE) \u2013 S\u00f6zle\u015fmeli Bina Hizmeti M\u00fchendisleri Enstit\u00fcs\u00fc<\/p><p>**** Commissioning Specialist Association (CSA) \u2013 \u0130\u015fletmeye Alma Uzmanl\u0131\u011f\u0131 Birli\u011fi<\/p>\t\t\t\t\t\t<\/div>\n\t\t\t\t<\/div>\n\t\t\t\t\t<\/div>\n\t\t<\/div>\n\t\t\t\t\t\t\t<\/div>\n\t\t<\/section>\n\t\t\t\t\t\t\t<\/div>\n\t\t","protected":false},"excerpt":{"rendered":"<p><img loading=\"lazy\" width=\"300\" height=\"199\" class=\"alignright wp-image-25 size-medium\" src=\"http:\/\/www.commtechist.com\/wp-content\/uploads\/2016\/03\/iStock_000018160643XSmall-300x199.jpg\" alt=\"Multi-ethnic male industrial workers standing beside electricity pylon looking up (40s and 50s)....\n<\/p srcset=\"http:\/\/www.commtechist.com\/wp-content\/uploads\/2016\/03\/iStock_000018160643XSmall-300x199.jpg 300w, http:\/\/www.commtechist.com\/wp-content\/uploads\/2016\/03\/iStock_000018160643XSmall.jpg 425w\" sizes=\"(max-width: 300px) 100vw, 300px\" \/>\n","protected":false},"author":1,"featured_media":0,"parent":0,"menu_order":0,"comment_status":"closed","ping_status":"closed","template":"template-fullwidth.php","meta":{"spay_email":""},"_links":{"self":[{"href":"http:\/\/www.commtechist.com\/tr_TR\/wp-json\/wp\/v2\/pages\/22"}],"collection":[{"href":"http:\/\/www.commtechist.com\/tr_TR\/wp-json\/wp\/v2\/pages"}],"about":[{"href":"http:\/\/www.commtechist.com\/tr_TR\/wp-json\/wp\/v2\/types\/page"}],"author":[{"embeddable":true,"href":"http:\/\/www.commtechist.com\/tr_TR\/wp-json\/wp\/v2\/users\/1"}],"replies":[{"embeddable":true,"href":"http:\/\/www.commtechist.com\/tr_TR\/wp-json\/wp\/v2\/comments?post=22"}],"version-history":[{"count":63,"href":"http:\/\/www.commtechist.com\/tr_TR\/wp-json\/wp\/v2\/pages\/22\/revisions"}],"predecessor-version":[{"id":849,"href":"http:\/\/www.commtechist.com\/tr_TR\/wp-json\/wp\/v2\/pages\/22\/revisions\/849"}],"wp:attachment":[{"href":"http:\/\/www.commtechist.com\/tr_TR\/wp-json\/wp\/v2\/media?parent=22"}],"curies":[{"name":"wp","href":"https:\/\/api.w.org\/{rel}","templated":true}]}}