{"id":161,"date":"2016-05-13T09:37:35","date_gmt":"2016-05-13T07:37:35","guid":{"rendered":"http:\/\/www.commtechist.com\/?page_id=161"},"modified":"2018-08-27T16:26:18","modified_gmt":"2018-08-27T14:26:18","slug":"proje-yonetimi","status":"publish","type":"page","link":"http:\/\/www.commtechist.com\/tr_TR\/proje-yonetimi\/","title":{"rendered":"Proje Y\u00f6netimi"},"content":{"rendered":"<p><img loading=\"lazy\" class=\" wp-image-162 alignright\" src=\"http:\/\/www.commtechist.com\/wp-content\/uploads\/2016\/05\/projeyon.jpg\" alt=\"projeyon\" width=\"464\" height=\"310\" srcset=\"http:\/\/www.commtechist.com\/wp-content\/uploads\/2016\/05\/projeyon.jpg 800w, http:\/\/www.commtechist.com\/wp-content\/uploads\/2016\/05\/projeyon-300x200.jpg 300w, http:\/\/www.commtechist.com\/wp-content\/uploads\/2016\/05\/projeyon-768x513.jpg 768w, http:\/\/www.commtechist.com\/wp-content\/uploads\/2016\/05\/projeyon-750x500.jpg 750w\" sizes=\"(max-width: 464px) 100vw, 464px\" \/>Commtech \u0130stanbul profesyonelli\u011fini ve geni\u015f vizyonunu Proje Y\u00f6netimi kadrosuyla da hizmete sunmaktad\u0131r. \u0130n\u015fai, mimari, elektromekanik tecr\u00fcbelerini ve bilgisini projenin en ba\u015f\u0131ndan sonuna kadar en \u00fcst d\u00fczeyde proje, plan, y\u00f6netim ve takip anlam\u0131nda kurgulay\u0131p, harmonize ederek i\u015fverenin t\u00fcm isteklerini yerine getirirken kalite, \u00e7evre, s\u00fcrd\u00fcr\u00fclebilirlik ve emniyet unsurlar\u0131n\u0131 da g\u00f6zetmektedir.<br \/> Sekt\u00f6r\u00fcn \u00f6nde gelen kurulu\u015flar\u0131 ile s\u0131cak temas i\u00e7inde olan Commtech \u0130stanbul, her ge\u00e7en g\u00fcn de\u011fi\u015fen ve yenilenen d\u00fcnyaya ayak uydurabilmek ad\u0131na kendini geli\u015ftirmek ve g\u00fcncel kalabilmek i\u00e7in b\u00fcnyesinde bar\u0131nd\u0131rd\u0131\u011f\u0131 mimar ve m\u00fchendislerin kendilerini geli\u015ftirmeleri anlam\u0131nda her t\u00fcrl\u00fc imkan\u0131 sa\u011flamakta ve bu y\u00f6nde d\u00fczenlenen her t\u00fcrl\u00fc faaliyete maksimum kat\u0131l\u0131m sa\u011flamaktad\u0131r. Felsefesi \u201cMutlu Et Mutlu Ol\u201d olan \u015firketimizin teknik anlamda sundu\u011fu hizmetler yap\u0131lar\u0131n en do\u011fru \u015fekliyle hayat bulmas\u0131yla motive olmakta ve y\u00fcksek m\u00fc\u015fteri memnuniyeti ile g\u00fc\u00e7lenmektedir.<br \/> M\u00fc\u015fteri memnuniyetini esas olarak g\u00f6zeten \u015firketimiz do\u011fruluk, d\u00fcr\u00fcstl\u00fck ve disiplinden taviz vermeyerek ba\u015far\u0131ya ula\u015fman\u0131n m\u00fcmk\u00fcn oldu\u011funu savunur. G\u00fcn\u00fcn sonunda m\u00fckemmeli yakalayabilmenin \u00e7abas\u0131 i\u00e7inde olan t\u00fcm personeli ile sadece m\u00fc\u015fteriye de\u011fil insanl\u0131\u011fa hizmet etti\u011fi bilincine sahiptir. Bir a\u011fac\u0131n tohumu ile bir yap\u0131n\u0131n projesi ayn\u0131d\u0131r, ba\u015flang\u0131\u00e7 nas\u0131l ise o \u015fekilde devam\u0131 gelir, i\u015fte bu y\u00fczden projelerin olu\u015fumunda her detay bizim i\u00e7in b\u00fcy\u00fck\u00a0 \u00f6nem arz etmektedir.<\/p>\n","protected":false},"excerpt":{"rendered":"<p><img loading=\"lazy\" class=\" wp-image-162 alignright\" src=\"http:\/\/www.commtechist.com\/wp-content\/uploads\/2016\/05\/projeyon.jpg\" alt=\"projeyon\" width=\"464\" height=\"310\" srcset=\"http:\/\/www.commtechist.com\/wp-content\/uploads\/2016\/05\/projeyon.jpg 800w, http:\/\/www.commtechist.com\/wp-content\/uploads\/2016\/05\/projeyon-300x200.jpg 300w, http:\/\/www.commtechist.com\/wp-content\/uploads\/2016\/05\/projeyon-768x513.jpg 768w, http:\/\/www.commtechist.com\/wp-content\/uploads\/2016\/05\/projeyon-750x500.jpg 750w\" sizes=\"(max-width: 464px) 100vw, 464px\" \/>Commtech \u0130stanbul profesyonelli\u011fini ve geni\u015f vizyonunu Proje Y\u00f6netimi kadrosuyla da hizmete su&#8230;<\/p>\n","protected":false},"author":1,"featured_media":0,"parent":0,"menu_order":0,"comment_status":"closed","ping_status":"closed","template":"template-fullwidth.php","meta":{"spay_email":""},"_links":{"self":[{"href":"http:\/\/www.commtechist.com\/tr_TR\/wp-json\/wp\/v2\/pages\/161"}],"collection":[{"href":"http:\/\/www.commtechist.com\/tr_TR\/wp-json\/wp\/v2\/pages"}],"about":[{"href":"http:\/\/www.commtechist.com\/tr_TR\/wp-json\/wp\/v2\/types\/page"}],"author":[{"embeddable":true,"href":"http:\/\/www.commtechist.com\/tr_TR\/wp-json\/wp\/v2\/users\/1"}],"replies":[{"embeddable":true,"href":"http:\/\/www.commtechist.com\/tr_TR\/wp-json\/wp\/v2\/comments?post=161"}],"version-history":[{"count":9,"href":"http:\/\/www.commtechist.com\/tr_TR\/wp-json\/wp\/v2\/pages\/161\/revisions"}],"predecessor-version":[{"id":169,"href":"http:\/\/www.commtechist.com\/tr_TR\/wp-json\/wp\/v2\/pages\/161\/revisions\/169"}],"wp:attachment":[{"href":"http:\/\/www.commtechist.com\/tr_TR\/wp-json\/wp\/v2\/media?parent=161"}],"curies":[{"name":"wp","href":"https:\/\/api.w.org\/{rel}","templated":true}]}}