{"id":140,"date":"2016-03-21T10:55:46","date_gmt":"2016-03-21T08:55:46","guid":{"rendered":"http:\/\/www.commtechist.com\/?page_id=140"},"modified":"2017-01-16T09:14:29","modified_gmt":"2017-01-16T07:14:29","slug":"dubai-tramvayi","status":"publish","type":"page","link":"http:\/\/www.commtechist.com\/tr_TR\/ornek-projeler\/dubai-tramvayi\/","title":{"rendered":"DUBAI TRAMVAYI"},"content":{"rendered":"<p><img loading=\"lazy\" class=\"alignnone size-full wp-image-141\" src=\"http:\/\/www.commtechist.com\/wp-content\/uploads\/2016\/03\/EP-140929976.jpg\" alt=\"EP-140929976\" width=\"960\" height=\"639\" srcset=\"http:\/\/www.commtechist.com\/wp-content\/uploads\/2016\/03\/EP-140929976.jpg 960w, http:\/\/www.commtechist.com\/wp-content\/uploads\/2016\/03\/EP-140929976-300x200.jpg 300w, http:\/\/www.commtechist.com\/wp-content\/uploads\/2016\/03\/EP-140929976-768x511.jpg 768w, http:\/\/www.commtechist.com\/wp-content\/uploads\/2016\/03\/EP-140929976-750x500.jpg 750w\" sizes=\"(max-width: 960px) 100vw, 960px\" \/><\/p>\n<h2>Commtech Group: MEP \u0130\u015fletmeye Alma Y\u00f6netimini Ger\u00e7ekle\u015ftirdik.<\/h2>\n<p>\u00a0<\/p>\n<p>Al Sufouh Yolu boyunca 14.6 kmlik g\u00fczergahtaki 17 istasyonlu ve 25 ara\u00e7l\u0131 Dubai Tramway\u0131n\u0131n 2014\u2019te g\u00fcnl\u00fck 27.000 olan ta\u015f\u0131ma kapasitesini 2020\u2019de g\u00fcnl\u00fck 66.000\u2019e \u00e7\u0131karmas\u0131 beklenmektedir.<\/p>\n","protected":false},"excerpt":{"rendered":"<p><img loading=\"lazy\" class=\"alignnone size-full wp-image-141\" src=\"http:\/\/www.commtechist.com\/wp-content\/uploads\/2016\/03\/EP-140929976.jpg\" alt=\"EP-140929976\" width=\"960\" height=\"639\" srcset=\"http:\/\/www.commtechist.com\/wp-content\/uploads\/2016\/03\/EP-140929976.jpg 960w, http:\/\/www.commtechist.com\/wp-content\/uploads\/2016\/03\/EP-140929976-300x200.jpg 300w, http:\/\/www.commtechist.com\/wp-content\/uploads\/2016\/03\/EP-140929976-768x511.jpg 768w, http:\/\/www.commtechist.com\/wp-content\/uploads\/2016\/03\/EP-140929976-750x500.jpg 750w\" sizes=\"(max-width: 960px) 100vw, 960px\" \/><\/p>\n<h2>Commtech Group: MEP \u0130\u015fletmeye Alma Y\u00f6netimini Ger\u00e7ekle\u015ftirdik.<\/h2>\n<p>&#8230;<\/p>\n","protected":false},"author":1,"featured_media":0,"parent":77,"menu_order":0,"comment_status":"closed","ping_status":"closed","template":"","meta":{"spay_email":""},"_links":{"self":[{"href":"http:\/\/www.commtechist.com\/tr_TR\/wp-json\/wp\/v2\/pages\/140"}],"collection":[{"href":"http:\/\/www.commtechist.com\/tr_TR\/wp-json\/wp\/v2\/pages"}],"about":[{"href":"http:\/\/www.commtechist.com\/tr_TR\/wp-json\/wp\/v2\/types\/page"}],"author":[{"embeddable":true,"href":"http:\/\/www.commtechist.com\/tr_TR\/wp-json\/wp\/v2\/users\/1"}],"replies":[{"embeddable":true,"href":"http:\/\/www.commtechist.com\/tr_TR\/wp-json\/wp\/v2\/comments?post=140"}],"version-history":[{"count":5,"href":"http:\/\/www.commtechist.com\/tr_TR\/wp-json\/wp\/v2\/pages\/140\/revisions"}],"predecessor-version":[{"id":237,"href":"http:\/\/www.commtechist.com\/tr_TR\/wp-json\/wp\/v2\/pages\/140\/revisions\/237"}],"up":[{"embeddable":true,"href":"http:\/\/www.commtechist.com\/tr_TR\/wp-json\/wp\/v2\/pages\/77"}],"wp:attachment":[{"href":"http:\/\/www.commtechist.com\/tr_TR\/wp-json\/wp\/v2\/media?parent=140"}],"curies":[{"name":"wp","href":"https:\/\/api.w.org\/{rel}","templated":true}]}}