{"id":136,"date":"2016-03-21T10:46:56","date_gmt":"2016-03-21T08:46:56","guid":{"rendered":"http:\/\/www.commtechist.com\/?page_id=136"},"modified":"2017-01-16T09:11:40","modified_gmt":"2017-01-16T07:11:40","slug":"arzanah-tip-merkezi","status":"publish","type":"page","link":"http:\/\/www.commtechist.com\/tr_TR\/ornek-projeler\/arzanah-tip-merkezi\/","title":{"rendered":"ARZANAH TIP MERKEZ\u0130"},"content":{"rendered":"<p><img loading=\"lazy\" class=\"alignnone size-full wp-image-137\" src=\"http:\/\/www.commtechist.com\/wp-content\/uploads\/2016\/03\/Arzanah20Medical20Centre.jpg\" alt=\"Arzanah%20Medical%20Centre\" width=\"710\" height=\"444\" srcset=\"http:\/\/www.commtechist.com\/wp-content\/uploads\/2016\/03\/Arzanah20Medical20Centre.jpg 710w, http:\/\/www.commtechist.com\/wp-content\/uploads\/2016\/03\/Arzanah20Medical20Centre-300x188.jpg 300w\" sizes=\"(max-width: 710px) 100vw, 710px\" \/><\/p>\n<h1>Commtech Group: MEP \u0130\u015fletmeye Alma Dan\u0131\u015fmanl\u0131\u011f\u0131n\u0131 Ger\u00e7ekle\u015ftirdik<\/h1>\n<p>\u00a0<\/p>\n<p>Ortado\u011fu\u2019nun ilk (sadece) fizik tedavi rehabilitasyon merkezi olan yap\u0131da 20.700m2lik hastane, \u00a09.000 m2\u2019lik klinik, bir enerji merkezi ve bir medikal depolama binas\u0131 vard\u0131r. Be\u015f katl\u0131 proje 30.600 m2\u2019lik bir zemin \u00fczerine kuruludur.<\/p>\n","protected":false},"excerpt":{"rendered":"<p><img loading=\"lazy\" class=\"alignnone size-full wp-image-137\" src=\"http:\/\/www.commtechist.com\/wp-content\/uploads\/2016\/03\/Arzanah20Medical20Centre.jpg\" alt=\"Arzanah%20Medical%20Centre\" width=\"710\" height=\"444\" srcset=\"http:\/\/www.commtechist.com\/wp-content\/uploads\/2016\/03\/Arzanah20Medical20Centre.jpg 710w, http:\/\/www.commtechist.com\/wp-content\/uploads\/2016\/03\/Arzanah20Medical20Centre-300x188.jpg 300w\" sizes=\"(max-width: 710px) 100vw, 710px\" \/><\/p>\n<h1>Commtech Group: MEP \u0130\u015fletmeye Alma Dan\u0131\u015fmanl&#8230;<\/p>\n","protected":false},"author":1,"featured_media":0,"parent":77,"menu_order":0,"comment_status":"closed","ping_status":"closed","template":"","meta":{"spay_email":""},"_links":{"self":[{"href":"http:\/\/www.commtechist.com\/tr_TR\/wp-json\/wp\/v2\/pages\/136"}],"collection":[{"href":"http:\/\/www.commtechist.com\/tr_TR\/wp-json\/wp\/v2\/pages"}],"about":[{"href":"http:\/\/www.commtechist.com\/tr_TR\/wp-json\/wp\/v2\/types\/page"}],"author":[{"embeddable":true,"href":"http:\/\/www.commtechist.com\/tr_TR\/wp-json\/wp\/v2\/users\/1"}],"replies":[{"embeddable":true,"href":"http:\/\/www.commtechist.com\/tr_TR\/wp-json\/wp\/v2\/comments?post=136"}],"version-history":[{"count":8,"href":"http:\/\/www.commtechist.com\/tr_TR\/wp-json\/wp\/v2\/pages\/136\/revisions"}],"predecessor-version":[{"id":762,"href":"http:\/\/www.commtechist.com\/tr_TR\/wp-json\/wp\/v2\/pages\/136\/revisions\/762"}],"up":[{"embeddable":true,"href":"http:\/\/www.commtechist.com\/tr_TR\/wp-json\/wp\/v2\/pages\/77"}],"wp:attachment":[{"href":"http:\/\/www.commtechist.com\/tr_TR\/wp-json\/wp\/v2\/media?parent=136"}],"curies":[{"name":"wp","href":"https:\/\/api.w.org\/{rel}","templated":true}]}}