{"id":132,"date":"2016-03-21T10:41:58","date_gmt":"2016-03-21T08:41:58","guid":{"rendered":"http:\/\/www.commtechist.com\/?page_id=132"},"modified":"2017-01-16T09:15:32","modified_gmt":"2017-01-16T07:15:32","slug":"arap-emirligi-avm","status":"publish","type":"page","link":"http:\/\/www.commtechist.com\/tr_TR\/ornek-projeler\/arap-emirligi-avm\/","title":{"rendered":"EMiRL\u0130K AVM"},"content":{"rendered":"<p><img loading=\"lazy\" class=\"alignnone size-large wp-image-133\" src=\"http:\/\/www.commtechist.com\/wp-content\/uploads\/2016\/03\/Mall-of-the-Emirates-1024x683.jpg\" alt=\"Mall-of-the-Emirates\" width=\"640\" height=\"427\" srcset=\"http:\/\/www.commtechist.com\/wp-content\/uploads\/2016\/03\/Mall-of-the-Emirates-1024x683.jpg 1024w, http:\/\/www.commtechist.com\/wp-content\/uploads\/2016\/03\/Mall-of-the-Emirates-300x200.jpg 300w, http:\/\/www.commtechist.com\/wp-content\/uploads\/2016\/03\/Mall-of-the-Emirates-768x512.jpg 768w, http:\/\/www.commtechist.com\/wp-content\/uploads\/2016\/03\/Mall-of-the-Emirates-750x500.jpg 750w, http:\/\/www.commtechist.com\/wp-content\/uploads\/2016\/03\/Mall-of-the-Emirates.jpg 1200w\" sizes=\"(max-width: 640px) 100vw, 640px\" \/><\/p>\n<h1>Commtech Group: \u0130\u015fletmeye alma ve TAB Hizmetlerini \u00a0ger\u00e7ekle\u015ftirdik<\/h1>\n<p>\u00a0<\/p>\n<p>Arap Emirli\u011fi AVM yeniden yap\u0131land\u0131r\u0131lmas\u0131 ma\u011faza, yemek alan\u0131 ve e\u011flence alan\u0131 se\u00e7eneklerini artt\u0131rak 5000 m2\u2019lik ek bir b\u00f6lge konumland\u0131r\u0131lm\u0131\u015ft\u0131r.<\/p>\n","protected":false},"excerpt":{"rendered":"<p><img loading=\"lazy\" class=\"alignnone size-large wp-image-133\" src=\"http:\/\/www.commtechist.com\/wp-content\/uploads\/2016\/03\/Mall-of-the-Emirates-1024x683.jpg\" alt=\"Mall-of-the-Emirates\" width=\"640\" height=\"427\" srcset=\"http:\/\/www.commtechist.com\/wp-content\/uploads\/2016\/03\/Mall-of-the-Emirates-1024x683.jpg 1024w, http:\/\/www.commtechist.com\/wp-content\/uploads\/2016\/03\/Mall-of-the-Emirates-300x200.jpg 300w, http:\/\/www.commtechist.com\/wp-content\/uploads\/2016\/03\/Mall-of-the-Emirates-768x512.jpg 768w, http:\/\/www.commtechist.com\/wp-content\/uploads\/2016\/03\/Mall-of-the-Emirates-750x500.jpg 750w, http:\/\/www.commtechist.com\/wp-content\/uploads\/2016\/03\/Mall-of-the-Emirates.jpg 1200w\" sizes=\"(max-width: 640px) 100vw, 640px\" \/><\/p>\n<h1>Commtech Group: \u0130\u015fletmeye alma ve TAB Hizmet&#8230;<\/p>\n","protected":false},"author":1,"featured_media":0,"parent":77,"menu_order":0,"comment_status":"closed","ping_status":"closed","template":"","meta":{"spay_email":""},"_links":{"self":[{"href":"http:\/\/www.commtechist.com\/tr_TR\/wp-json\/wp\/v2\/pages\/132"}],"collection":[{"href":"http:\/\/www.commtechist.com\/tr_TR\/wp-json\/wp\/v2\/pages"}],"about":[{"href":"http:\/\/www.commtechist.com\/tr_TR\/wp-json\/wp\/v2\/types\/page"}],"author":[{"embeddable":true,"href":"http:\/\/www.commtechist.com\/tr_TR\/wp-json\/wp\/v2\/users\/1"}],"replies":[{"embeddable":true,"href":"http:\/\/www.commtechist.com\/tr_TR\/wp-json\/wp\/v2\/comments?post=132"}],"version-history":[{"count":4,"href":"http:\/\/www.commtechist.com\/tr_TR\/wp-json\/wp\/v2\/pages\/132\/revisions"}],"predecessor-version":[{"id":239,"href":"http:\/\/www.commtechist.com\/tr_TR\/wp-json\/wp\/v2\/pages\/132\/revisions\/239"}],"up":[{"embeddable":true,"href":"http:\/\/www.commtechist.com\/tr_TR\/wp-json\/wp\/v2\/pages\/77"}],"wp:attachment":[{"href":"http:\/\/www.commtechist.com\/tr_TR\/wp-json\/wp\/v2\/media?parent=132"}],"curies":[{"name":"wp","href":"https:\/\/api.w.org\/{rel}","templated":true}]}}