{"id":128,"date":"2016-03-21T10:35:18","date_gmt":"2016-03-21T08:35:18","guid":{"rendered":"http:\/\/www.commtechist.com\/?page_id=128"},"modified":"2017-01-16T09:18:00","modified_gmt":"2017-01-16T07:18:00","slug":"new-york-universitesi-abu-dhabi-kampusu","status":"publish","type":"page","link":"http:\/\/www.commtechist.com\/tr_TR\/ornek-projeler\/new-york-universitesi-abu-dhabi-kampusu\/","title":{"rendered":"NEW YORK \u00dcN\u0130VERS\u0130TES\u0130 ABU DHAB\u0130 KAMP\u00dcS\u00dc"},"content":{"rendered":"<h2><img loading=\"lazy\" class=\"alignnone size-full wp-image-129\" src=\"http:\/\/www.commtechist.com\/wp-content\/uploads\/2016\/03\/NYAUD-1.jpg\" alt=\"NYAUD-1\" width=\"1000\" height=\"667\" srcset=\"http:\/\/www.commtechist.com\/wp-content\/uploads\/2016\/03\/NYAUD-1.jpg 1000w, http:\/\/www.commtechist.com\/wp-content\/uploads\/2016\/03\/NYAUD-1-300x200.jpg 300w, http:\/\/www.commtechist.com\/wp-content\/uploads\/2016\/03\/NYAUD-1-768x512.jpg 768w, http:\/\/www.commtechist.com\/wp-content\/uploads\/2016\/03\/NYAUD-1-750x500.jpg 750w\" sizes=\"(max-width: 1000px) 100vw, 1000px\" \/><\/h2>\n<h2>Commtech Group: T\u00fcm i\u015fletmeye alma hizmetlerini ger\u00e7ekle\u015ftirdik.<\/h2>\n<p>\u00a0<\/p>\n<p>Saadiyat Adas\u0131 \u00fczerindeki New York \u00dcniversitesi Abu Dhabi Kamp\u00fcs\u00fc, Mubadala Infrastructure taraf\u0131ndan Raphale Vinoly\u2019nin mimari ortakl\u0131\u011f\u0131 ile ger\u00e7ekle\u015ftirilmi\u015f bir projedir. Geni\u015f hizmet ve park alan\u0131ndan olu\u015fan bir temeli ve 2 katl\u0131 bir podyumu ve bu podyumda bulunan otuz ba\u011f\u0131ms\u0131z binadan olu\u015fur. Kamp\u00fcs iki b\u00f6lgeye ayr\u0131lan yakla\u015f\u0131k 15.4 hektarl\u0131k bir alandan olu\u015fmaktad\u0131r.<\/p>\n","protected":false},"excerpt":{"rendered":"<h2><img loading=\"lazy\" class=\"alignnone size-full wp-image-129\" src=\"http:\/\/www.commtechist.com\/wp-content\/uploads\/2016\/03\/NYAUD-1.jpg\" alt=\"NYAUD-1\" width=\"1000\" height=\"667\" srcset=\"http:\/\/www.commtechist.com\/wp-content\/uploads\/2016\/03\/NYAUD-1.jpg 1000w, http:\/\/www.commtechist.com\/wp-content\/uploads\/2016\/03\/NYAUD-1-300x200.jpg 300w, http:\/\/www.commtechist.com\/wp-content\/uploads\/2016\/03\/NYAUD-1-768x512.jpg 768w, http:\/\/www.commtechist.com\/wp-content\/uploads\/2016\/03\/NYAUD-1-750x500.jpg 750w\" sizes=\"(max-width: 1000px) 100vw, 1000px\" \/><\/h2>\n<h2>Commtech Group: T\u00fcm i\u015fletmeye alma hizmetlerini ger\u00e7ekle\u015ftirdik.<\/h2>\n<p>\u00a0<\/p>\n<p>&#8230;<\/p>\n","protected":false},"author":1,"featured_media":0,"parent":77,"menu_order":0,"comment_status":"closed","ping_status":"closed","template":"","meta":{"spay_email":""},"_links":{"self":[{"href":"http:\/\/www.commtechist.com\/tr_TR\/wp-json\/wp\/v2\/pages\/128"}],"collection":[{"href":"http:\/\/www.commtechist.com\/tr_TR\/wp-json\/wp\/v2\/pages"}],"about":[{"href":"http:\/\/www.commtechist.com\/tr_TR\/wp-json\/wp\/v2\/types\/page"}],"author":[{"embeddable":true,"href":"http:\/\/www.commtechist.com\/tr_TR\/wp-json\/wp\/v2\/users\/1"}],"replies":[{"embeddable":true,"href":"http:\/\/www.commtechist.com\/tr_TR\/wp-json\/wp\/v2\/comments?post=128"}],"version-history":[{"count":4,"href":"http:\/\/www.commtechist.com\/tr_TR\/wp-json\/wp\/v2\/pages\/128\/revisions"}],"predecessor-version":[{"id":245,"href":"http:\/\/www.commtechist.com\/tr_TR\/wp-json\/wp\/v2\/pages\/128\/revisions\/245"}],"up":[{"embeddable":true,"href":"http:\/\/www.commtechist.com\/tr_TR\/wp-json\/wp\/v2\/pages\/77"}],"wp:attachment":[{"href":"http:\/\/www.commtechist.com\/tr_TR\/wp-json\/wp\/v2\/media?parent=128"}],"curies":[{"name":"wp","href":"https:\/\/api.w.org\/{rel}","templated":true}]}}