{"id":123,"date":"2016-03-21T10:27:18","date_gmt":"2016-03-21T08:27:18","guid":{"rendered":"http:\/\/www.commtechist.com\/?page_id=123"},"modified":"2017-01-16T09:19:39","modified_gmt":"2017-01-16T07:19:39","slug":"qp-district","status":"publish","type":"page","link":"http:\/\/www.commtechist.com\/tr_TR\/ornek-projeler\/qp-district\/","title":{"rendered":"QP DISTRICT"},"content":{"rendered":"<h2><img loading=\"lazy\" class=\"alignnone size-full wp-image-125\" src=\"http:\/\/www.commtechist.com\/wp-content\/uploads\/2016\/03\/QPDist.jpg\" alt=\"QPDist\" width=\"800\" height=\"550\" srcset=\"http:\/\/www.commtechist.com\/wp-content\/uploads\/2016\/03\/QPDist.jpg 800w, http:\/\/www.commtechist.com\/wp-content\/uploads\/2016\/03\/QPDist-300x206.jpg 300w, http:\/\/www.commtechist.com\/wp-content\/uploads\/2016\/03\/QPDist-768x528.jpg 768w\" sizes=\"(max-width: 800px) 100vw, 800px\" \/><\/h2>\n<h2>Commtech Group: MEP \u0130\u015fletmeye Alma Y\u00f6netimini Ger\u00e7ekle\u015ftirdik<\/h2>\n<p>\u00a0<\/p>\n<p>QB semti, \u00f6nceden BARWA Finansal B\u00f6lkgesi olarak bilinen DOHA\u2019n\u0131n West Bay k\u0131sm\u0131nda yer alan bir b\u00f6lgedir. Proje bir i\u00e7e do\u011fru bir de d\u0131\u015fa do\u011fru halka i\u00e7eren spiral bir g\u00f6r\u00fcn\u00fcmden olu\u015fur ve 9 ofis kulesi ve bir otelden olu\u015fan bir yap\u0131d\u0131r.<\/p>\n","protected":false},"excerpt":{"rendered":"<h2><img loading=\"lazy\" class=\"alignnone size-full wp-image-125\" src=\"http:\/\/www.commtechist.com\/wp-content\/uploads\/2016\/03\/QPDist.jpg\" alt=\"QPDist\" width=\"800\" height=\"550\" srcset=\"http:\/\/www.commtechist.com\/wp-content\/uploads\/2016\/03\/QPDist.jpg 800w, http:\/\/www.commtechist.com\/wp-content\/uploads\/2016\/03\/QPDist-300x206.jpg 300w, http:\/\/www.commtechist.com\/wp-content\/uploads\/2016\/03\/QPDist-768x528.jpg 768w\" sizes=\"(max-width: 800px) 100vw, 800px\" \/><\/h2>\n<h2>Commtech Group: MEP \u0130\u015fletmeye Alma Y\u00f6netimini Ger\u00e7ekle\u015ftirdik<\/h2>\n<p>\u00a0<\/p>\n<p>QB &#8230;<\/p>\n","protected":false},"author":1,"featured_media":0,"parent":77,"menu_order":0,"comment_status":"closed","ping_status":"closed","template":"","meta":{"spay_email":""},"_links":{"self":[{"href":"http:\/\/www.commtechist.com\/tr_TR\/wp-json\/wp\/v2\/pages\/123"}],"collection":[{"href":"http:\/\/www.commtechist.com\/tr_TR\/wp-json\/wp\/v2\/pages"}],"about":[{"href":"http:\/\/www.commtechist.com\/tr_TR\/wp-json\/wp\/v2\/types\/page"}],"author":[{"embeddable":true,"href":"http:\/\/www.commtechist.com\/tr_TR\/wp-json\/wp\/v2\/users\/1"}],"replies":[{"embeddable":true,"href":"http:\/\/www.commtechist.com\/tr_TR\/wp-json\/wp\/v2\/comments?post=123"}],"version-history":[{"count":3,"href":"http:\/\/www.commtechist.com\/tr_TR\/wp-json\/wp\/v2\/pages\/123\/revisions"}],"predecessor-version":[{"id":249,"href":"http:\/\/www.commtechist.com\/tr_TR\/wp-json\/wp\/v2\/pages\/123\/revisions\/249"}],"up":[{"embeddable":true,"href":"http:\/\/www.commtechist.com\/tr_TR\/wp-json\/wp\/v2\/pages\/77"}],"wp:attachment":[{"href":"http:\/\/www.commtechist.com\/tr_TR\/wp-json\/wp\/v2\/media?parent=123"}],"curies":[{"name":"wp","href":"https:\/\/api.w.org\/{rel}","templated":true}]}}