{"id":118,"date":"2016-03-21T10:21:25","date_gmt":"2016-03-21T08:21:25","guid":{"rendered":"http:\/\/www.commtechist.com\/?page_id=118"},"modified":"2017-01-16T09:16:20","modified_gmt":"2017-01-16T07:16:20","slug":"hazza-bin-zayed-stadyumu","status":"publish","type":"page","link":"http:\/\/www.commtechist.com\/tr_TR\/ornek-projeler\/hazza-bin-zayed-stadyumu\/","title":{"rendered":"HAZZA BIN ZAYED STADYUMU"},"content":{"rendered":"<h2><img loading=\"lazy\" class=\"alignnone wp-image-119 size-large\" src=\"http:\/\/www.commtechist.com\/wp-content\/uploads\/2016\/03\/Hazza-Bin-Zayed-Stadium-named-stadium-of-the-year-04-1024x683.jpg\" alt=\"Hazza-Bin-Zayed-Stadium-named-stadium-of-the-year-04\" width=\"640\" height=\"427\" srcset=\"http:\/\/www.commtechist.com\/wp-content\/uploads\/2016\/03\/Hazza-Bin-Zayed-Stadium-named-stadium-of-the-year-04-1024x683.jpg 1024w, http:\/\/www.commtechist.com\/wp-content\/uploads\/2016\/03\/Hazza-Bin-Zayed-Stadium-named-stadium-of-the-year-04-300x200.jpg 300w, http:\/\/www.commtechist.com\/wp-content\/uploads\/2016\/03\/Hazza-Bin-Zayed-Stadium-named-stadium-of-the-year-04-768x512.jpg 768w, http:\/\/www.commtechist.com\/wp-content\/uploads\/2016\/03\/Hazza-Bin-Zayed-Stadium-named-stadium-of-the-year-04-750x500.jpg 750w, http:\/\/www.commtechist.com\/wp-content\/uploads\/2016\/03\/Hazza-Bin-Zayed-Stadium-named-stadium-of-the-year-04.jpg 1599w\" sizes=\"(max-width: 640px) 100vw, 640px\" \/><\/h2>\n<h2>Commtech Group: MEP \u0130\u015fletmeye Alma Y\u00f6netimini Ger\u00e7ekle\u015ftirdik<\/h2>\n<p>\u00a0<\/p>\n<p>25,000 koltuklu Hassa Bir Zayed Stadyumu, yeni UAE Arap K\u00f6rfez Ligi \u015fampiyonu Al Ain Futbol Kl\u00fcb\u00fc\u2019n\u00fcn yeni evidir. Stadyum 45 d\u00f6n\u00fcml\u00fck bir alanda kurulu olup ayn\u0131 zamanda konaklama, al\u0131\u015fveri\u015f ve ikamet alanlar\u0131 da i\u00e7erir.<\/p>\n","protected":false},"excerpt":{"rendered":"<h2><img class=\"alignnone wp-image-119 size-large\" src=\"http:\/\/www.commtechist.com\/wp-content\/uploads\/2016\/03\/Hazza-Bin-Zayed-Stadium-named-stadium-of-the-year-04-1024x683.jpg\" alt=\"Hazza-Bin-Zayed-Stadium-named-stadium-of-the-year-04\" width=\"640\" he...\n<\/p srcset=\"http:\/\/www.commtechist.com\/wp-content\/uploads\/2016\/03\/Hazza-Bin-Zayed-Stadium-named-stadium-of-the-year-04-1024x683.jpg 1024w, http:\/\/www.commtechist.com\/wp-content\/uploads\/2016\/03\/Hazza-Bin-Zayed-Stadium-named-stadium-of-the-year-04-300x200.jpg 300w, http:\/\/www.commtechist.com\/wp-content\/uploads\/2016\/03\/Hazza-Bin-Zayed-Stadium-named-stadium-of-the-year-04-768x512.jpg 768w, http:\/\/www.commtechist.com\/wp-content\/uploads\/2016\/03\/Hazza-Bin-Zayed-Stadium-named-stadium-of-the-year-04-750x500.jpg 750w, http:\/\/www.commtechist.com\/wp-content\/uploads\/2016\/03\/Hazza-Bin-Zayed-Stadium-named-stadium-of-the-year-04.jpg 1599w\" sizes=\"(max-width: 1024px) 100vw, 1024px\" \/>\n","protected":false},"author":1,"featured_media":0,"parent":77,"menu_order":0,"comment_status":"closed","ping_status":"closed","template":"","meta":{"spay_email":""},"_links":{"self":[{"href":"http:\/\/www.commtechist.com\/tr_TR\/wp-json\/wp\/v2\/pages\/118"}],"collection":[{"href":"http:\/\/www.commtechist.com\/tr_TR\/wp-json\/wp\/v2\/pages"}],"about":[{"href":"http:\/\/www.commtechist.com\/tr_TR\/wp-json\/wp\/v2\/types\/page"}],"author":[{"embeddable":true,"href":"http:\/\/www.commtechist.com\/tr_TR\/wp-json\/wp\/v2\/users\/1"}],"replies":[{"embeddable":true,"href":"http:\/\/www.commtechist.com\/tr_TR\/wp-json\/wp\/v2\/comments?post=118"}],"version-history":[{"count":4,"href":"http:\/\/www.commtechist.com\/tr_TR\/wp-json\/wp\/v2\/pages\/118\/revisions"}],"predecessor-version":[{"id":241,"href":"http:\/\/www.commtechist.com\/tr_TR\/wp-json\/wp\/v2\/pages\/118\/revisions\/241"}],"up":[{"embeddable":true,"href":"http:\/\/www.commtechist.com\/tr_TR\/wp-json\/wp\/v2\/pages\/77"}],"wp:attachment":[{"href":"http:\/\/www.commtechist.com\/tr_TR\/wp-json\/wp\/v2\/media?parent=118"}],"curies":[{"name":"wp","href":"https:\/\/api.w.org\/{rel}","templated":true}]}}