{"id":113,"date":"2016-03-21T10:15:12","date_gmt":"2016-03-21T08:15:12","guid":{"rendered":"http:\/\/www.commtechist.com\/?page_id=113"},"modified":"2017-01-16T09:18:59","modified_gmt":"2017-01-16T07:18:59","slug":"park-hyatt-hyderabad-oteli","status":"publish","type":"page","link":"http:\/\/www.commtechist.com\/tr_TR\/ornek-projeler\/park-hyatt-hyderabad-oteli\/","title":{"rendered":"PARK HYATT HYDERABAD OTEL\u0130"},"content":{"rendered":"<h2><img loading=\"lazy\" class=\"alignnone size-large wp-image-115\" src=\"http:\/\/www.commtechist.com\/wp-content\/uploads\/2016\/03\/hybrad-1024x687.jpg\" alt=\"hybrad\" width=\"640\" height=\"429\" srcset=\"http:\/\/www.commtechist.com\/wp-content\/uploads\/2016\/03\/hybrad-1024x687.jpg 1024w, http:\/\/www.commtechist.com\/wp-content\/uploads\/2016\/03\/hybrad-300x201.jpg 300w, http:\/\/www.commtechist.com\/wp-content\/uploads\/2016\/03\/hybrad-768x515.jpg 768w, http:\/\/www.commtechist.com\/wp-content\/uploads\/2016\/03\/hybrad.jpg 1200w\" sizes=\"(max-width: 640px) 100vw, 640px\" \/><\/h2>\n<h2>Commtech Group: MEP \u0130\u015fletmeye Alma Y\u00f6netimini Ger\u00e7ekle\u015ftirdik<\/h2>\n<p>\u00a0<\/p>\n<p>Banjara Tepeleri\u2019nin \u00fcst kalite b\u00f6lgelerinin merkezinde yer alan Park Hyatt Hyderabad, i\u015f ziyaret\u00e7ilerine ve \u00e7a\u011fda\u015f l\u00fckslerden ve ki\u015fisel hizmetlerden ho\u015flanan yerel misafirlerine unutulmaz bir deneyim sunar.<\/p>\n","protected":false},"excerpt":{"rendered":"<h2><img loading=\"lazy\" class=\"alignnone size-large wp-image-115\" src=\"http:\/\/www.commtechist.com\/wp-content\/uploads\/2016\/03\/hybrad-1024x687.jpg\" alt=\"hybrad\" width=\"640\" height=\"429\" srcset=\"http:\/\/www.commtechist.com\/wp-content\/uploads\/2016\/03\/hybrad-1024x687.jpg 1024w, http:\/\/www.commtechist.com\/wp-content\/uploads\/2016\/03\/hybrad-300x201.jpg 300w, http:\/\/www.commtechist.com\/wp-content\/uploads\/2016\/03\/hybrad-768x515.jpg 768w, http:\/\/www.commtechist.com\/wp-content\/uploads\/2016\/03\/hybrad.jpg 1200w\" sizes=\"(max-width: 640px) 100vw, 640px\" \/><\/h2>\n<h2>Commtech Group: MEP \u0130\u015fletmeye Alma Y\u00f6netimini Ger\u00e7ekle\u015ftirdik<\/h2>\n<p>\u00a0&#8230;<\/p>\n","protected":false},"author":1,"featured_media":0,"parent":77,"menu_order":0,"comment_status":"closed","ping_status":"closed","template":"","meta":{"spay_email":""},"_links":{"self":[{"href":"http:\/\/www.commtechist.com\/tr_TR\/wp-json\/wp\/v2\/pages\/113"}],"collection":[{"href":"http:\/\/www.commtechist.com\/tr_TR\/wp-json\/wp\/v2\/pages"}],"about":[{"href":"http:\/\/www.commtechist.com\/tr_TR\/wp-json\/wp\/v2\/types\/page"}],"author":[{"embeddable":true,"href":"http:\/\/www.commtechist.com\/tr_TR\/wp-json\/wp\/v2\/users\/1"}],"replies":[{"embeddable":true,"href":"http:\/\/www.commtechist.com\/tr_TR\/wp-json\/wp\/v2\/comments?post=113"}],"version-history":[{"count":3,"href":"http:\/\/www.commtechist.com\/tr_TR\/wp-json\/wp\/v2\/pages\/113\/revisions"}],"predecessor-version":[{"id":247,"href":"http:\/\/www.commtechist.com\/tr_TR\/wp-json\/wp\/v2\/pages\/113\/revisions\/247"}],"up":[{"embeddable":true,"href":"http:\/\/www.commtechist.com\/tr_TR\/wp-json\/wp\/v2\/pages\/77"}],"wp:attachment":[{"href":"http:\/\/www.commtechist.com\/tr_TR\/wp-json\/wp\/v2\/media?parent=113"}],"curies":[{"name":"wp","href":"https:\/\/api.w.org\/{rel}","templated":true}]}}