{"id":109,"date":"2016-03-21T10:08:13","date_gmt":"2016-03-21T08:08:13","guid":{"rendered":"http:\/\/www.commtechist.com\/?page_id=109"},"modified":"2017-01-16T09:25:05","modified_gmt":"2017-01-16T07:25:05","slug":"yeni-doha-uluslararasi-havaalani","status":"publish","type":"page","link":"http:\/\/www.commtechist.com\/tr_TR\/ornek-projeler\/yeni-doha-uluslararasi-havaalani\/","title":{"rendered":"YEN\u0130 DOHA ULUSLARARASI HAVAALANI"},"content":{"rendered":"<h2><img loading=\"lazy\" class=\"alignnone size-full wp-image-110\" src=\"http:\/\/www.commtechist.com\/wp-content\/uploads\/2016\/03\/tumblr_inline_mh0zql8A9l1qge4jz.png\" alt=\"tumblr_inline_mh0zql8A9l1qge4jz\" width=\"500\" height=\"281\" srcset=\"http:\/\/www.commtechist.com\/wp-content\/uploads\/2016\/03\/tumblr_inline_mh0zql8A9l1qge4jz.png 500w, http:\/\/www.commtechist.com\/wp-content\/uploads\/2016\/03\/tumblr_inline_mh0zql8A9l1qge4jz-300x169.png 300w\" sizes=\"(max-width: 500px) 100vw, 500px\" \/><\/h2>\n<h2>Commtech Group: MEP \u0130\u015fletmeye Alma Y\u00f6netimini Ger\u00e7ekle\u015ftirdik<\/h2>\n<p>\u00a0<\/p>\n<p>\u00a0<\/p>\n<p>Yeni Doha Uluslararas\u0131 Havaalan\u0131\u2019n\u0131n \u00f6ncelikli amac\u0131 artan hava trafi\u011finin \u00fcstesinden gelmekti. Tam kapasitede \u00e7al\u0131\u015ft\u0131\u011f\u0131nda y\u0131ll\u0131k 29 Milyon yolcu kapasitesine sahip olup, bu onu d\u00fcnyan\u0131n en b\u00fcy\u00fck havaalan\u0131 haline getirir.<\/p>\n<p>\u00a0<\/p>\n","protected":false},"excerpt":{"rendered":"<h2><img loading=\"lazy\" class=\"alignnone size-full wp-image-110\" src=\"http:\/\/www.commtechist.com\/wp-content\/uploads\/2016\/03\/tumblr_inline_mh0zql8A9l1qge4jz.png\" alt=\"tumblr_inline_mh0zql8A9l1qge4jz\" width=\"500\" height=\"281\" srcset=\"http:\/\/www.commtechist.com\/wp-content\/uploads\/2016\/03\/tumblr_inline_mh0zql8A9l1qge4jz.png 500w, http:\/\/www.commtechist.com\/wp-content\/uploads\/2016\/03\/tumblr_inline_mh0zql8A9l1qge4jz-300x169.png 300w\" sizes=\"(max-width: 500px) 100vw, 500px\" \/><\/h2>\n<h2>Commtech Group: MEP \u0130\u015fletmeye &#8230;<\/p>\n","protected":false},"author":1,"featured_media":0,"parent":77,"menu_order":0,"comment_status":"closed","ping_status":"closed","template":"","meta":{"spay_email":""},"_links":{"self":[{"href":"http:\/\/www.commtechist.com\/tr_TR\/wp-json\/wp\/v2\/pages\/109"}],"collection":[{"href":"http:\/\/www.commtechist.com\/tr_TR\/wp-json\/wp\/v2\/pages"}],"about":[{"href":"http:\/\/www.commtechist.com\/tr_TR\/wp-json\/wp\/v2\/types\/page"}],"author":[{"embeddable":true,"href":"http:\/\/www.commtechist.com\/tr_TR\/wp-json\/wp\/v2\/users\/1"}],"replies":[{"embeddable":true,"href":"http:\/\/www.commtechist.com\/tr_TR\/wp-json\/wp\/v2\/comments?post=109"}],"version-history":[{"count":3,"href":"http:\/\/www.commtechist.com\/tr_TR\/wp-json\/wp\/v2\/pages\/109\/revisions"}],"predecessor-version":[{"id":256,"href":"http:\/\/www.commtechist.com\/tr_TR\/wp-json\/wp\/v2\/pages\/109\/revisions\/256"}],"up":[{"embeddable":true,"href":"http:\/\/www.commtechist.com\/tr_TR\/wp-json\/wp\/v2\/pages\/77"}],"wp:attachment":[{"href":"http:\/\/www.commtechist.com\/tr_TR\/wp-json\/wp\/v2\/media?parent=109"}],"curies":[{"name":"wp","href":"https:\/\/api.w.org\/{rel}","templated":true}]}}