{"id":105,"date":"2016-03-21T10:02:35","date_gmt":"2016-03-21T08:02:35","guid":{"rendered":"http:\/\/www.commtechist.com\/?page_id=105"},"modified":"2017-01-16T09:13:26","modified_gmt":"2017-01-16T07:13:26","slug":"dohaland","status":"publish","type":"page","link":"http:\/\/www.commtechist.com\/tr_TR\/ornek-projeler\/dohaland\/","title":{"rendered":"DOHALAND"},"content":{"rendered":"<h2><img loading=\"lazy\" class=\"alignnone size-large wp-image-106\" src=\"http:\/\/www.commtechist.com\/wp-content\/uploads\/2016\/03\/4cb446956e8219.51127696-1024x556.jpg\" alt=\"4cb446956e8219.51127696\" width=\"640\" height=\"348\" srcset=\"http:\/\/www.commtechist.com\/wp-content\/uploads\/2016\/03\/4cb446956e8219.51127696-1024x556.jpg 1024w, http:\/\/www.commtechist.com\/wp-content\/uploads\/2016\/03\/4cb446956e8219.51127696-300x163.jpg 300w, http:\/\/www.commtechist.com\/wp-content\/uploads\/2016\/03\/4cb446956e8219.51127696-768x417.jpg 768w, http:\/\/www.commtechist.com\/wp-content\/uploads\/2016\/03\/4cb446956e8219.51127696.jpg 1414w\" sizes=\"(max-width: 640px) 100vw, 640px\" \/><\/h2>\n<h2>Commtech Group: MEP \u0130\u015fletmeye Alma Y\u00f6netimini Ger\u00e7ekle\u015ftirdik<\/h2>\n<p>\u00a0<\/p>\n<p>Msheireb\u2019in Dohaland projesi d\u00fcnyan\u0131n ilk s\u00fcrd\u00fcr\u00fclebilir \u015fehir merkezi rejenerasyon projesi olup, eski ticari b\u00f6lgenin orant\u0131l\u0131l\u0131k, basitlik, bo\u015f alanlar, \u0131\u015f\u0131k, yerle\u015fim ve i\u015flemeleri ve iklimsel yap\u0131s\u0131 ile geleneksel Katar yap\u0131lar\u0131ndan ilham alan yeni fakat modern bir mimari yakla\u015f\u0131mla yenilenmesini sa\u011flam\u0131\u015ft\u0131r.<\/p>\n","protected":false},"excerpt":{"rendered":"<h2><img loading=\"lazy\" class=\"alignnone size-large wp-image-106\" src=\"http:\/\/www.commtechist.com\/wp-content\/uploads\/2016\/03\/4cb446956e8219.51127696-1024x556.jpg\" alt=\"4cb446956e8219.51127696\" width=\"640\" height=\"348\" srcset=\"http:\/\/www.commtechist.com\/wp-content\/uploads\/2016\/03\/4cb446956e8219.51127696-1024x556.jpg 1024w, http:\/\/www.commtechist.com\/wp-content\/uploads\/2016\/03\/4cb446956e8219.51127696-300x163.jpg 300w, http:\/\/www.commtechist.com\/wp-content\/uploads\/2016\/03\/4cb446956e8219.51127696-768x417.jpg 768w, http:\/\/www.commtechist.com\/wp-content\/uploads\/2016\/03\/4cb446956e8219.51127696.jpg 1414w\" sizes=\"(max-width: 640px) 100vw, 640px\" \/><\/h2>\n<h2>Commtech Group: MEP \u0130\u015fletmeye Alma Y&#8230;<\/p>\n","protected":false},"author":1,"featured_media":0,"parent":77,"menu_order":0,"comment_status":"closed","ping_status":"closed","template":"","meta":{"spay_email":""},"_links":{"self":[{"href":"http:\/\/www.commtechist.com\/tr_TR\/wp-json\/wp\/v2\/pages\/105"}],"collection":[{"href":"http:\/\/www.commtechist.com\/tr_TR\/wp-json\/wp\/v2\/pages"}],"about":[{"href":"http:\/\/www.commtechist.com\/tr_TR\/wp-json\/wp\/v2\/types\/page"}],"author":[{"embeddable":true,"href":"http:\/\/www.commtechist.com\/tr_TR\/wp-json\/wp\/v2\/users\/1"}],"replies":[{"embeddable":true,"href":"http:\/\/www.commtechist.com\/tr_TR\/wp-json\/wp\/v2\/comments?post=105"}],"version-history":[{"count":3,"href":"http:\/\/www.commtechist.com\/tr_TR\/wp-json\/wp\/v2\/pages\/105\/revisions"}],"predecessor-version":[{"id":233,"href":"http:\/\/www.commtechist.com\/tr_TR\/wp-json\/wp\/v2\/pages\/105\/revisions\/233"}],"up":[{"embeddable":true,"href":"http:\/\/www.commtechist.com\/tr_TR\/wp-json\/wp\/v2\/pages\/77"}],"wp:attachment":[{"href":"http:\/\/www.commtechist.com\/tr_TR\/wp-json\/wp\/v2\/media?parent=105"}],"curies":[{"name":"wp","href":"https:\/\/api.w.org\/{rel}","templated":true}]}}