{"id":100,"date":"2016-03-21T09:54:39","date_gmt":"2016-03-21T07:54:39","guid":{"rendered":"http:\/\/www.commtechist.com\/?page_id=100"},"modified":"2017-01-16T09:17:20","modified_gmt":"2017-01-16T07:17:20","slug":"jumeirah-koyu","status":"publish","type":"page","link":"http:\/\/www.commtechist.com\/tr_TR\/ornek-projeler\/jumeirah-koyu\/","title":{"rendered":"JUMEIRAH K\u00d6Y\u00dc"},"content":{"rendered":"<p><img loading=\"lazy\" class=\"wp-image-101 size-full alignright\" src=\"http:\/\/www.commtechist.com\/wp-content\/uploads\/2016\/03\/JVC_2nd-image.jpg\" alt=\"JVC_2nd-image\" width=\"800\" height=\"550\" srcset=\"http:\/\/www.commtechist.com\/wp-content\/uploads\/2016\/03\/JVC_2nd-image.jpg 800w, http:\/\/www.commtechist.com\/wp-content\/uploads\/2016\/03\/JVC_2nd-image-300x206.jpg 300w, http:\/\/www.commtechist.com\/wp-content\/uploads\/2016\/03\/JVC_2nd-image-768x528.jpg 768w\" sizes=\"(max-width: 800px) 100vw, 800px\" \/><br \/> \u00a0<\/p>\n<h2>Commtech Group: MEP \u0130\u015fletmeye Alma Y\u00f6netimini Ger\u00e7ekle\u015ftirdik<\/h2>\n<p>Kendine \u00f6zg\u00fc Jumeirah Ailesi\u2019nin beldelerinden biri olan, nefis manzaral\u0131 ve emsalsiz dinlence ve ya\u015fam tarz\u0131 tesislerine sahip Jumeirah K\u00f6y\u00fc, Dubai\u2019nin en \u00e7ekici b\u00f6lgesinin kalbinde, sakinlerine b\u00fct\u00fcnsel bir ya\u015fam deneyimi sunmaktad\u0131r.<\/p>\n","protected":false},"excerpt":{"rendered":"<p><img loading=\"lazy\" class=\"wp-image-101 size-full alignright\" src=\"http:\/\/www.commtechist.com\/wp-content\/uploads\/2016\/03\/JVC_2nd-image.jpg\" alt=\"JVC_2nd-image\" width=\"800\" height=\"550\" srcset=\"http:\/\/www.commtechist.com\/wp-content\/uploads\/2016\/03\/JVC_2nd-image.jpg 800w, http:\/\/www.commtechist.com\/wp-content\/uploads\/2016\/03\/JVC_2nd-image-300x206.jpg 300w, http:\/\/www.commtechist.com\/wp-content\/uploads\/2016\/03\/JVC_2nd-image-768x528.jpg 768w\" sizes=\"(max-width: 800px) 100vw, 800px\" \/><br \/> \u00a0<\/p>\n<h2>Commtech Group: MEP \u0130\u015fletmeye Alma Y\u00f6netimini Ger\u00e7ekle\u015ftird&#8230;<\/p>\n","protected":false},"author":1,"featured_media":0,"parent":77,"menu_order":0,"comment_status":"closed","ping_status":"closed","template":"","meta":{"spay_email":""},"_links":{"self":[{"href":"http:\/\/www.commtechist.com\/tr_TR\/wp-json\/wp\/v2\/pages\/100"}],"collection":[{"href":"http:\/\/www.commtechist.com\/tr_TR\/wp-json\/wp\/v2\/pages"}],"about":[{"href":"http:\/\/www.commtechist.com\/tr_TR\/wp-json\/wp\/v2\/types\/page"}],"author":[{"embeddable":true,"href":"http:\/\/www.commtechist.com\/tr_TR\/wp-json\/wp\/v2\/users\/1"}],"replies":[{"embeddable":true,"href":"http:\/\/www.commtechist.com\/tr_TR\/wp-json\/wp\/v2\/comments?post=100"}],"version-history":[{"count":4,"href":"http:\/\/www.commtechist.com\/tr_TR\/wp-json\/wp\/v2\/pages\/100\/revisions"}],"predecessor-version":[{"id":243,"href":"http:\/\/www.commtechist.com\/tr_TR\/wp-json\/wp\/v2\/pages\/100\/revisions\/243"}],"up":[{"embeddable":true,"href":"http:\/\/www.commtechist.com\/tr_TR\/wp-json\/wp\/v2\/pages\/77"}],"wp:attachment":[{"href":"http:\/\/www.commtechist.com\/tr_TR\/wp-json\/wp\/v2\/media?parent=100"}],"curies":[{"name":"wp","href":"https:\/\/api.w.org\/{rel}","templated":true}]}}