{"id":715,"date":"2020-04-13T17:22:17","date_gmt":"2020-04-13T15:22:17","guid":{"rendered":"http:\/\/commtechist.com\/?page_id=715"},"modified":"2020-04-13T17:22:17","modified_gmt":"2020-04-13T15:22:17","slug":"dekar-yapi","status":"publish","type":"page","link":"http:\/\/www.commtechist.com\/en_GB\/ornek-projeler\/dekar-yapi\/","title":{"rendered":"DEKAR YAPI"},"content":{"rendered":"<p><a href=\"http:\/\/commtechist.com\/wp-content\/uploads\/2020\/04\/Dekar-G\u00f6rsel.jpg\"><img loading=\"lazy\" class=\"alignnone size-large wp-image-716\" src=\"http:\/\/commtechist.com\/wp-content\/uploads\/2020\/04\/Dekar-G\u00f6rsel-1024x576.jpg\" alt=\"\" width=\"640\" height=\"360\" srcset=\"http:\/\/www.commtechist.com\/wp-content\/uploads\/2020\/04\/Dekar-G\u00f6rsel-1024x576.jpg 1024w, http:\/\/www.commtechist.com\/wp-content\/uploads\/2020\/04\/Dekar-G\u00f6rsel-300x169.jpg 300w, http:\/\/www.commtechist.com\/wp-content\/uploads\/2020\/04\/Dekar-G\u00f6rsel-768x432.jpg 768w, http:\/\/www.commtechist.com\/wp-content\/uploads\/2020\/04\/Dekar-G\u00f6rsel.jpg 1200w\" sizes=\"(max-width: 640px) 100vw, 640px\" \/><\/a><\/p>\n<p>The horizontal architecture of the most experienced and demanding Dekar Yap\u0131, one of the firms building projects Asmal\u0131 Evler, Asmal\u0131 Hayat, Asmal\u0131 Sokaklar, Asmal\u0131 Bah\u00e7eler and K\u0131y\u0131bah\u00e7e aiming to change the sector by constructing innovative and original buildings in this area achieved a leading position in Turkey. Aiming to go one step further by combining this vision with Commtech \u0130stanbulprofessionalism and institutionality, Dekar Yap\u0131 guides construction planning safely by choosing the touches of our company during the exploration and projecting stages, which is one of the most important stages of its projects. With its qualified buildings that add value to daily life and high quality understanding extending from detail to detail, Dekar always designs its architectural concepts with optimum ergonomics and comfort philosophy in order to provide high satisfaction to its customers while aiming to undertake innovative projects.<\/p>\n","protected":false},"excerpt":{"rendered":"<p><a href=\"http:\/\/commtechist.com\/wp-content\/uploads\/2020\/04\/Dekar-G\u00f6rsel.jpg\"><img loading=\"lazy\" class=\"alignnone size-large wp-image-716\" src=\"http:\/\/commtechist.com\/wp-content\/uploads\/2020\/04\/Dekar-G\u00f6rsel-1024x576.jpg\" alt=\"\" width=\"640\" height=\"360\" srcset=\"http:\/\/www.commtechist.com\/wp-content\/uploads\/2020\/04\/Dekar-G\u00f6rsel-1024x576.jpg 1024w, http:\/\/www.commtechist.com\/wp-content\/uploads\/2020\/04\/Dekar-G\u00f6rsel-300x169.jpg 300w, http:\/\/www.commtechist.com\/wp-content\/uploads\/2020\/04\/Dekar-G\u00f6rsel-768x432.jpg 768w, http:\/\/www.commtechist.com\/wp-content\/uploads\/2020\/04\/Dekar-G\u00f6rsel.jpg 1200w\" sizes=\"(max-width: 640px) 100vw, 640px\" \/><\/a><\/p... \n\n","protected":false},"author":1,"featured_media":0,"parent":77,"menu_order":0,"comment_status":"closed","ping_status":"closed","template":"template-fullwidth.php","meta":{"spay_email":""},"_links":{"self":[{"href":"http:\/\/www.commtechist.com\/en_GB\/wp-json\/wp\/v2\/pages\/715"}],"collection":[{"href":"http:\/\/www.commtechist.com\/en_GB\/wp-json\/wp\/v2\/pages"}],"about":[{"href":"http:\/\/www.commtechist.com\/en_GB\/wp-json\/wp\/v2\/types\/page"}],"author":[{"embeddable":true,"href":"http:\/\/www.commtechist.com\/en_GB\/wp-json\/wp\/v2\/users\/1"}],"replies":[{"embeddable":true,"href":"http:\/\/www.commtechist.com\/en_GB\/wp-json\/wp\/v2\/comments?post=715"}],"version-history":[{"count":2,"href":"http:\/\/www.commtechist.com\/en_GB\/wp-json\/wp\/v2\/pages\/715\/revisions"}],"predecessor-version":[{"id":718,"href":"http:\/\/www.commtechist.com\/en_GB\/wp-json\/wp\/v2\/pages\/715\/revisions\/718"}],"up":[{"embeddable":true,"href":"http:\/\/www.commtechist.com\/en_GB\/wp-json\/wp\/v2\/pages\/77"}],"wp:attachment":[{"href":"http:\/\/www.commtechist.com\/en_GB\/wp-json\/wp\/v2\/media?parent=715"}],"curies":[{"name":"wp","href":"https:\/\/api.w.org\/{rel}","templated":true}]}}