{"id":493,"date":"2018-11-05T15:27:46","date_gmt":"2018-11-05T13:27:46","guid":{"rendered":"http:\/\/www.commtechist.com\/?page_id=493"},"modified":"2018-11-26T08:37:55","modified_gmt":"2018-11-26T06:37:55","slug":"ozel-okullarda-yoneticilik-on-kayit-formu","status":"publish","type":"page","link":"http:\/\/www.commtechist.com\/en_GB\/ozel-okullarda-yoneticilik-on-kayit-formu\/","title":{"rendered":"\u00d6zel Okul Y\u00f6neticili\u011fi \u00d6n Kay\u0131t Formu"},"content":{"rendered":"<p><iframe loading=\"lazy\" src=\"https:\/\/docs.google.com\/forms\/d\/e\/1FAIpQLScQMaHaIbwsKxvwdVcWB2d8vMX3OGDQxbpeo8BY-4adIJ2isA\/viewform?embedded=true\" width=\"640\" height=\"2832\" frameborder=\"0\" marginheight=\"0\" marginwidth=\"0\">Loading&#8230;<\/iframe><\/p>\n","protected":false},"excerpt":{"rendered":"<p>&#8230;<\/p>\n","protected":false},"author":1,"featured_media":0,"parent":0,"menu_order":0,"comment_status":"closed","ping_status":"closed","template":"template-fullwidth.php","meta":{"spay_email":""},"_links":{"self":[{"href":"http:\/\/www.commtechist.com\/en_GB\/wp-json\/wp\/v2\/pages\/493"}],"collection":[{"href":"http:\/\/www.commtechist.com\/en_GB\/wp-json\/wp\/v2\/pages"}],"about":[{"href":"http:\/\/www.commtechist.com\/en_GB\/wp-json\/wp\/v2\/types\/page"}],"author":[{"embeddable":true,"href":"http:\/\/www.commtechist.com\/en_GB\/wp-json\/wp\/v2\/users\/1"}],"replies":[{"embeddable":true,"href":"http:\/\/www.commtechist.com\/en_GB\/wp-json\/wp\/v2\/comments?post=493"}],"version-history":[{"count":13,"href":"http:\/\/www.commtechist.com\/en_GB\/wp-json\/wp\/v2\/pages\/493\/revisions"}],"predecessor-version":[{"id":568,"href":"http:\/\/www.commtechist.com\/en_GB\/wp-json\/wp\/v2\/pages\/493\/revisions\/568"}],"wp:attachment":[{"href":"http:\/\/www.commtechist.com\/en_GB\/wp-json\/wp\/v2\/media?parent=493"}],"curies":[{"name":"wp","href":"https:\/\/api.w.org\/{rel}","templated":true}]}}