{"id":437,"date":"2018-08-27T16:59:41","date_gmt":"2018-08-27T14:59:41","guid":{"rendered":"http:\/\/www.commtechist.com\/?page_id=437"},"modified":"2021-09-28T12:04:39","modified_gmt":"2021-09-28T10:04:39","slug":"referanslar","status":"publish","type":"page","link":"http:\/\/www.commtechist.com\/en_GB\/hizmetlerimiz\/commtech-is-sagligi-ve-guvenligi-kurumsal\/referanslar\/","title":{"rendered":"References"},"content":{"rendered":"<h2>ULS AIRWAYS<\/h2>\n<p><a href=\"http:\/\/www.commtechist.com\/wp-content\/uploads\/2021\/09\/uls-airlines.png\"><img loading=\"lazy\" class=\"alignnone  wp-image-788\" src=\"http:\/\/www.commtechist.com\/wp-content\/uploads\/2021\/09\/uls-airlines.png\" alt=\"\" width=\"206\" height=\"206\" srcset=\"http:\/\/www.commtechist.com\/wp-content\/uploads\/2021\/09\/uls-airlines.png 250w, http:\/\/www.commtechist.com\/wp-content\/uploads\/2021\/09\/uls-airlines-150x150.png 150w, http:\/\/www.commtechist.com\/wp-content\/uploads\/2021\/09\/uls-airlines-73x73.png 73w, http:\/\/www.commtechist.com\/wp-content\/uploads\/2021\/09\/uls-airlines-174x174.png 174w\" sizes=\"(max-width: 206px) 100vw, 206px\" \/><\/a><\/p>\n<h2><strong>MULTI DEVELOPMENT<\/strong><\/h2>\n<p><a href=\"http:\/\/www.commtechist.com\/wp-content\/uploads\/2021\/09\/Multi-Projeler-G\u00f6rseli.jpg\"><img loading=\"lazy\" class=\"alignnone  wp-image-780\" src=\"http:\/\/www.commtechist.com\/wp-content\/uploads\/2021\/09\/Multi-Projeler-G\u00f6rseli.jpg\" alt=\"\" width=\"231\" height=\"154\" srcset=\"http:\/\/www.commtechist.com\/wp-content\/uploads\/2021\/09\/Multi-Projeler-G\u00f6rseli.jpg 700w, http:\/\/www.commtechist.com\/wp-content\/uploads\/2021\/09\/Multi-Projeler-G\u00f6rseli-300x200.jpg 300w\" sizes=\"(max-width: 231px) 100vw, 231px\" \/><\/a><\/p>\n<h2><strong>A\u015e\u00c7IO\u011eLU<\/strong><\/h2>\n<p><a href=\"http:\/\/www.commtechist.com\/wp-content\/uploads\/2021\/09\/Ascioglu.png\"><img loading=\"lazy\" class=\"alignnone  wp-image-790\" src=\"http:\/\/www.commtechist.com\/wp-content\/uploads\/2021\/09\/Ascioglu.png\" alt=\"\" width=\"224\" height=\"224\" srcset=\"http:\/\/www.commtechist.com\/wp-content\/uploads\/2021\/09\/Ascioglu.png 400w, http:\/\/www.commtechist.com\/wp-content\/uploads\/2021\/09\/Ascioglu-300x300.png 300w, http:\/\/www.commtechist.com\/wp-content\/uploads\/2021\/09\/Ascioglu-150x150.png 150w, http:\/\/www.commtechist.com\/wp-content\/uploads\/2021\/09\/Ascioglu-73x73.png 73w, http:\/\/www.commtechist.com\/wp-content\/uploads\/2021\/09\/Ascioglu-174x174.png 174w, http:\/\/www.commtechist.com\/wp-content\/uploads\/2021\/09\/Ascioglu-250x250.png 250w\" sizes=\"(max-width: 224px) 100vw, 224px\" \/><\/a><\/p>\n","protected":false},"excerpt":{"rendered":"<h2>ULS AIRWAYS<\/h2>\n<p><a href=\"http:\/\/www.commtechist.com\/wp-content\/uploads\/2021\/09\/uls-airlines.png\"><img loading=\"lazy\" class=\"alignnone  wp-image-788\" src=\"http:\/\/www.commtechist.com\/wp-content\/uploads\/2021\/09\/uls-airlines.png\" alt=\"\" width=\"206\" height=\"206\" \/...\n<\/p srcset=\"http:\/\/www.commtechist.com\/wp-content\/uploads\/2021\/09\/uls-airlines.png 250w, http:\/\/www.commtechist.com\/wp-content\/uploads\/2021\/09\/uls-airlines-150x150.png 150w, http:\/\/www.commtechist.com\/wp-content\/uploads\/2021\/09\/uls-airlines-73x73.png 73w, http:\/\/www.commtechist.com\/wp-content\/uploads\/2021\/09\/uls-airlines-174x174.png 174w\" sizes=\"(max-width: 206px) 100vw, 206px\" \/>\n","protected":false},"author":1,"featured_media":0,"parent":399,"menu_order":0,"comment_status":"closed","ping_status":"closed","template":"template-fullwidth.php","meta":{"spay_email":""},"_links":{"self":[{"href":"http:\/\/www.commtechist.com\/en_GB\/wp-json\/wp\/v2\/pages\/437"}],"collection":[{"href":"http:\/\/www.commtechist.com\/en_GB\/wp-json\/wp\/v2\/pages"}],"about":[{"href":"http:\/\/www.commtechist.com\/en_GB\/wp-json\/wp\/v2\/types\/page"}],"author":[{"embeddable":true,"href":"http:\/\/www.commtechist.com\/en_GB\/wp-json\/wp\/v2\/users\/1"}],"replies":[{"embeddable":true,"href":"http:\/\/www.commtechist.com\/en_GB\/wp-json\/wp\/v2\/comments?post=437"}],"version-history":[{"count":4,"href":"http:\/\/www.commtechist.com\/en_GB\/wp-json\/wp\/v2\/pages\/437\/revisions"}],"predecessor-version":[{"id":792,"href":"http:\/\/www.commtechist.com\/en_GB\/wp-json\/wp\/v2\/pages\/437\/revisions\/792"}],"up":[{"embeddable":true,"href":"http:\/\/www.commtechist.com\/en_GB\/wp-json\/wp\/v2\/pages\/399"}],"wp:attachment":[{"href":"http:\/\/www.commtechist.com\/en_GB\/wp-json\/wp\/v2\/media?parent=437"}],"curies":[{"name":"wp","href":"https:\/\/api.w.org\/{rel}","templated":true}]}}